{"id":3607,"date":"2020-10-07T11:45:15","date_gmt":"2020-10-07T09:45:15","guid":{"rendered":"https:\/\/www.billposters.fr\/terms-and-conditions-of-sale\/"},"modified":"2023-02-13T12:00:47","modified_gmt":"2023-02-13T11:00:47","slug":"terms-and-conditions-of-sale","status":"publish","type":"page","link":"https:\/\/www.billposters.fr\/en\/terms-and-conditions-of-sale\/","title":{"rendered":"Terms and conditions of sale"},"content":{"rendered":"<p>[et_pb_section fb_built=&#8221;1&#8243; _builder_version=&#8221;4.16&#8243; _module_preset=&#8221;default&#8221; global_colors_info=&#8221;{}&#8221;][et_pb_row _builder_version=&#8221;4.16&#8243; _module_preset=&#8221;default&#8221; global_colors_info=&#8221;{}&#8221;][et_pb_column type=&#8221;4_4&#8243; _builder_version=&#8221;4.16&#8243; _module_preset=&#8221;default&#8221; global_colors_info=&#8221;{}&#8221;][et_pb_text _builder_version=&#8221;4.19.2&#8243; _module_preset=&#8221;default&#8221; text_font_size=&#8221;23px&#8221; header_text_align=&#8221;center&#8221; header_text_color=&#8221;#c20012&#8243; header_2_text_color=&#8221;#c20012&#8243; header_2_line_height=&#8221;1.3em&#8221; custom_margin=&#8221;50px||||false|false&#8221; hover_enabled=&#8221;0&#8243; global_colors_info=&#8221;{}&#8221; sticky_enabled=&#8221;0&#8243;]<\/p>\n<h1>Terms and conditions of sale<\/h1>\n<p><span style=\"color: #c20012;\">Article 1.<\/span> <strong>Champ d\u2019application<\/strong><\/p>\n<p style=\"padding-left: 30px;\">Le pr\u00e9sent document d\u00e9finit les conditions applicables aux ventes conclues entre des personnes majeures effectuant un achat et le site Internet Billposters.fr<\/p>\n<p><span style=\"color: #c20012;\">Article 2.<\/span> <strong>Application des conditions de vente<\/strong><\/p>\n<p style=\"padding-left: 30px;\">Le fait de passer commande implique l\u2019adh\u00e9sion de l\u2019acheteur aux conditions g\u00e9n\u00e9rales de vente. Toute condition contraire impos\u00e9e par l\u2019acheteur \u00e0 Billposters.fr sera sans effet.<\/p>\n<p> <span style=\"color: #c20012;\">Article 3.<\/span> <strong>Prise de commande<\/strong><\/p>\n<p style=\"padding-left: 30px;\">Au moment de sa commande, l\u2019acheteur s\u2019engage \u00e0 donner les bonnes coordonn\u00e9es de livraison : Billposters.fr ne saurait \u00eatre tenu pour responsable en cas d\u2019erreur d\u2019adresse due \u00e0 l\u2019acheteur. Les commandes ne sont d\u00e9finitives qu\u2019apr\u00e8s leur r\u00e8glement. Les offres des produits sont valables dans la limite des stocks.<\/p>\n<p><span style=\"color: #c20012;\">Article 4.<\/span><strong> Prix des produits<\/strong><\/p>\n<p style=\"padding-left: 30px;\">Les prix sont indiqu\u00e9s en euros, toutes taxes comprises et sans les frais de port<\/p>\n<p><span style=\"color: #c20012;\">Article 5.<\/span> <strong>S\u00e9curit\u00e9 des paiements<\/strong><\/p>\n<p style=\"padding-left: 30px;\">Billposters.fr assure une s\u00e9curit\u00e9 totale de paiement en ligne ou par t\u00e9l\u00e9phone par carte bancaire avec le service Monetico paiement. Billposters.fr garantit la totale confidentialit\u00e9 de vos informations bancaires.<\/p>\n<p><span style=\"color: #c20012;\">Article 6.<\/span> <strong>Livraison<\/strong><\/p>\n<p style=\"padding-left: 30px;\">Le d\u00e9lai de pr\u00e9paration des colis est g\u00e9n\u00e9ralement de 48 heures (en heures et jours ouvr\u00e9s) avant exp\u00e9dition.<\/p>\n<p style=\"padding-left: 30px;\">Livraison en France m\u00e9tropolitaine :<br \/>Via Chronopost \u201cShop 2 Shop\u201d (3 \u00e0 4 jours) : le nouveau service de livraison de colis de Chronopost, en Point Relais, le plus proche de votre adresse de livraison.<\/p>\n<p style=\"padding-left: 30px;\">Livraison \u00e0 l\u2019\u00e9tranger : Colissimo international (5 \u00e0 9 jours en fonction de la destination et des op\u00e9rations douani\u00e8res)<\/p>\n<p style=\"padding-left: 30px;\">Billposters.fr ne peut pas \u00eatre tenu responsable d\u2019un retard de livraison li\u00e9 \u00e0 une cause ind\u00e9pendente de sa volont\u00e9 : intemp\u00e9ries, gr\u00e8ves, forces majeures, coordonn\u00e9es incompl\u00e8tes ou erron\u00e9es, et absence du destinataire.<\/p>\n<p><span style=\"color: #c20012;\">Article 7.<\/span> <strong>Droit de retour et remboursement<\/strong><\/p>\n<p style=\"padding-left: 30px;\"> Toute reprise est accept\u00e9e par Billposters.fr dans le cas d\u2019un vice apparent ou de la non-conformit\u00e9 du produit. Cela permet \u00e0 l\u2019acheteur d\u2019obtenir le remplacement gratuit ou l\u2019attribution d\u2019un avoir \u00e0 son profit. Le produit devra \u00eatre retourn\u00e9 dans son emballage d\u2019origine. Les retours doivent se faire dans les 7 jours \u00e0 compter de la date de r\u00e9ception de la marchandise.<\/p>\n<p style=\"padding-left: 30px;\">En cas de remboursement, il se fera dans un d\u00e9lai de 7 jours date de r\u00e9ception de l\u2019achat retourn\u00e9<\/p>\n<p><span style=\"color: #c20012;\">Article 8.<\/span> <strong>Protection des donn\u00e9es<\/strong><\/p>\n<p style=\"padding-left: 30px;\"> Billposters.fr porte une attention particuli\u00e8re \u00e0 la protection des donn\u00e9es personnelles de ses clients sur la base du r\u00e8glement europ\u00e9en 2016\/679 du 27 avril 2016.<\/p>\n<p><span style=\"color: #c20012;\"> Article 9.<\/span> <strong>Litige et comp\u00e9tence<\/strong><\/p>\n<p style=\"padding-left: 30px;\"> En cas de litige relatif aux conditions g\u00e9n\u00e9rales de vente, les juridictions seront les Tribunaux de Paris.<\/p>\n<p style=\"padding-left: 30px;\">Les ventes des produits du site Billposters.fr sont soumises \u00e0 la loi fran\u00e7aise quel que soit le pays de r\u00e9sidence de l\u2019acheteur.<\/p>\n<p><span style=\"color: #c20012;\">Article 10.<\/span> <strong>Copyrights<\/strong><\/p>\n<p style=\"padding-left: 30px;\">Le site Billposters.fr et l\u2019int\u00e9gralit\u00e9 de son contenu sont la propri\u00e9t\u00e9 de la soci\u00e9t\u00e9 \u00c9ditions Langlaude. Les informations publi\u00e9es, les images reproduites ainsi que les textes des commentaires sont prot\u00e9g\u00e9s par les droits de propri\u00e9t\u00e9 intellectuelle. La marque, les logos, la mise en page ne peuvent faire l\u2019objet d\u2019une reproduction ou d\u2019une utilisation sans notre accord.<\/p>\n<p>&nbsp;<\/p>\n<p>[\/et_pb_text][\/et_pb_column][\/et_pb_row][\/et_pb_section]<\/p>\n","protected":false},"excerpt":{"rendered":"<p>Terms and conditions of sale Article 1. Champ d\u2019application Le pr\u00e9sent document d\u00e9finit les conditions applicables aux ventes conclues entre des personnes majeures effectuant un achat et le site Internet Billposters.fr Article 2. Application des conditions de vente Le fait de passer commande implique l\u2019adh\u00e9sion de l\u2019acheteur aux conditions g\u00e9n\u00e9rales de vente. Toute condition contraire [&hellip;]<\/p>\n","protected":false},"author":1,"featured_media":0,"parent":0,"menu_order":0,"comment_status":"closed","ping_status":"closed","template":"","meta":{"_et_pb_use_builder":"on","_et_pb_old_content":"","_et_gb_content_width":"","footnotes":""},"class_list":["post-3607","page","type-page","status-publish","hentry"],"yoast_head":"<!-- This site is optimized with the Yoast SEO plugin v27.2 - https:\/\/yoast.com\/product\/yoast-seo-wordpress\/ -->\n<title>Terms and conditions of sale | Bill Posters<\/title>\n<meta name=\"robots\" content=\"index, follow, max-snippet:-1, max-image-preview:large, max-video-preview:-1\" \/>\n<link rel=\"canonical\" href=\"https:\/\/www.billposters.fr\/en\/terms-and-conditions-of-sale\/\" \/>\n<meta property=\"og:locale\" content=\"en_US\" \/>\n<meta property=\"og:type\" content=\"article\" \/>\n<meta property=\"og:title\" content=\"Terms and conditions of sale | Bill Posters\" \/>\n<meta property=\"og:description\" content=\"Terms and conditions of sale Article 1. Champ d\u2019application Le pr\u00e9sent document d\u00e9finit les conditions applicables aux ventes conclues entre des personnes majeures effectuant un achat et le site Internet Billposters.fr Article 2. Application des conditions de vente Le fait de passer commande implique l\u2019adh\u00e9sion de l\u2019acheteur aux conditions g\u00e9n\u00e9rales de vente. Toute condition contraire [&hellip;]\" \/>\n<meta property=\"og:url\" content=\"https:\/\/www.billposters.fr\/en\/terms-and-conditions-of-sale\/\" \/>\n<meta property=\"og:site_name\" content=\"Bill Posters\" \/>\n<meta property=\"article:publisher\" content=\"https:\/\/www.facebook.com\/billpostersaffiches\" \/>\n<meta property=\"article:modified_time\" content=\"2023-02-13T11:00:47+00:00\" \/>\n<meta name=\"twitter:card\" content=\"summary_large_image\" \/>\n<meta name=\"twitter:label1\" content=\"Est. reading time\" \/>\n\t<meta name=\"twitter:data1\" content=\"3 minutes\" \/>\n<script type=\"application\/ld+json\" class=\"yoast-schema-graph\">{\"@context\":\"https:\/\/schema.org\",\"@graph\":[{\"@type\":\"WebPage\",\"@id\":\"https:\/\/www.billposters.fr\/en\/terms-and-conditions-of-sale\/\",\"url\":\"https:\/\/www.billposters.fr\/en\/terms-and-conditions-of-sale\/\",\"name\":\"Terms and conditions of sale | Bill Posters\",\"isPartOf\":{\"@id\":\"https:\/\/www.billposters.fr\/en\/#website\"},\"datePublished\":\"2020-10-07T09:45:15+00:00\",\"dateModified\":\"2023-02-13T11:00:47+00:00\",\"breadcrumb\":{\"@id\":\"https:\/\/www.billposters.fr\/en\/terms-and-conditions-of-sale\/#breadcrumb\"},\"inLanguage\":\"en-US\",\"potentialAction\":[{\"@type\":\"ReadAction\",\"target\":[\"https:\/\/www.billposters.fr\/en\/terms-and-conditions-of-sale\/\"]}]},{\"@type\":\"BreadcrumbList\",\"@id\":\"https:\/\/www.billposters.fr\/en\/terms-and-conditions-of-sale\/#breadcrumb\",\"itemListElement\":[{\"@type\":\"ListItem\",\"position\":1,\"name\":\"Accueil\",\"item\":\"https:\/\/www.billposters.fr\/en\/home-2022\/\"},{\"@type\":\"ListItem\",\"position\":2,\"name\":\"Terms and conditions of sale\"}]},{\"@type\":\"WebSite\",\"@id\":\"https:\/\/www.billposters.fr\/en\/#website\",\"url\":\"https:\/\/www.billposters.fr\/en\/\",\"name\":\"Bill Posters\",\"description\":\"Reproduction et vente de posters de tr\u00e8s haute qualit\u00e9 r\u00e9alis\u00e9es par les grands ma\u00eetres de l&#039;affiche.\",\"publisher\":{\"@id\":\"https:\/\/www.billposters.fr\/en\/#organization\"},\"potentialAction\":[{\"@type\":\"SearchAction\",\"target\":{\"@type\":\"EntryPoint\",\"urlTemplate\":\"https:\/\/www.billposters.fr\/en\/?s={search_term_string}\"},\"query-input\":{\"@type\":\"PropertyValueSpecification\",\"valueRequired\":true,\"valueName\":\"search_term_string\"}}],\"inLanguage\":\"en-US\"},{\"@type\":\"Organization\",\"@id\":\"https:\/\/www.billposters.fr\/en\/#organization\",\"name\":\"Billposters\",\"url\":\"https:\/\/www.billposters.fr\/en\/\",\"logo\":{\"@type\":\"ImageObject\",\"inLanguage\":\"en-US\",\"@id\":\"https:\/\/www.billposters.fr\/en\/#\/schema\/logo\/image\/\",\"url\":\"https:\/\/www.billposters.fr\/wp-content\/uploads\/2020\/08\/Bill-Posters-logo.png\",\"contentUrl\":\"https:\/\/www.billposters.fr\/wp-content\/uploads\/2020\/08\/Bill-Posters-logo.png\",\"width\":300,\"height\":76,\"caption\":\"Billposters\"},\"image\":{\"@id\":\"https:\/\/www.billposters.fr\/en\/#\/schema\/logo\/image\/\"},\"sameAs\":[\"https:\/\/www.facebook.com\/billpostersaffiches\"]}]}<\/script>\n<!-- \/ Yoast SEO plugin. -->","yoast_head_json":{"title":"Terms and conditions of sale | Bill Posters","robots":{"index":"index","follow":"follow","max-snippet":"max-snippet:-1","max-image-preview":"max-image-preview:large","max-video-preview":"max-video-preview:-1"},"canonical":"https:\/\/www.billposters.fr\/en\/terms-and-conditions-of-sale\/","og_locale":"en_US","og_type":"article","og_title":"Terms and conditions of sale | Bill Posters","og_description":"Terms and conditions of sale Article 1. Champ d\u2019application Le pr\u00e9sent document d\u00e9finit les conditions applicables aux ventes conclues entre des personnes majeures effectuant un achat et le site Internet Billposters.fr Article 2. Application des conditions de vente Le fait de passer commande implique l\u2019adh\u00e9sion de l\u2019acheteur aux conditions g\u00e9n\u00e9rales de vente. Toute condition contraire [&hellip;]","og_url":"https:\/\/www.billposters.fr\/en\/terms-and-conditions-of-sale\/","og_site_name":"Bill Posters","article_publisher":"https:\/\/www.facebook.com\/billpostersaffiches","article_modified_time":"2023-02-13T11:00:47+00:00","twitter_card":"summary_large_image","twitter_misc":{"Est. reading time":"3 minutes"},"schema":{"@context":"https:\/\/schema.org","@graph":[{"@type":"WebPage","@id":"https:\/\/www.billposters.fr\/en\/terms-and-conditions-of-sale\/","url":"https:\/\/www.billposters.fr\/en\/terms-and-conditions-of-sale\/","name":"Terms and conditions of sale | Bill Posters","isPartOf":{"@id":"https:\/\/www.billposters.fr\/en\/#website"},"datePublished":"2020-10-07T09:45:15+00:00","dateModified":"2023-02-13T11:00:47+00:00","breadcrumb":{"@id":"https:\/\/www.billposters.fr\/en\/terms-and-conditions-of-sale\/#breadcrumb"},"inLanguage":"en-US","potentialAction":[{"@type":"ReadAction","target":["https:\/\/www.billposters.fr\/en\/terms-and-conditions-of-sale\/"]}]},{"@type":"BreadcrumbList","@id":"https:\/\/www.billposters.fr\/en\/terms-and-conditions-of-sale\/#breadcrumb","itemListElement":[{"@type":"ListItem","position":1,"name":"Accueil","item":"https:\/\/www.billposters.fr\/en\/home-2022\/"},{"@type":"ListItem","position":2,"name":"Terms and conditions of sale"}]},{"@type":"WebSite","@id":"https:\/\/www.billposters.fr\/en\/#website","url":"https:\/\/www.billposters.fr\/en\/","name":"Bill Posters","description":"Reproduction et vente de posters de tr\u00e8s haute qualit\u00e9 r\u00e9alis\u00e9es par les grands ma\u00eetres de l&#039;affiche.","publisher":{"@id":"https:\/\/www.billposters.fr\/en\/#organization"},"potentialAction":[{"@type":"SearchAction","target":{"@type":"EntryPoint","urlTemplate":"https:\/\/www.billposters.fr\/en\/?s={search_term_string}"},"query-input":{"@type":"PropertyValueSpecification","valueRequired":true,"valueName":"search_term_string"}}],"inLanguage":"en-US"},{"@type":"Organization","@id":"https:\/\/www.billposters.fr\/en\/#organization","name":"Billposters","url":"https:\/\/www.billposters.fr\/en\/","logo":{"@type":"ImageObject","inLanguage":"en-US","@id":"https:\/\/www.billposters.fr\/en\/#\/schema\/logo\/image\/","url":"https:\/\/www.billposters.fr\/wp-content\/uploads\/2020\/08\/Bill-Posters-logo.png","contentUrl":"https:\/\/www.billposters.fr\/wp-content\/uploads\/2020\/08\/Bill-Posters-logo.png","width":300,"height":76,"caption":"Billposters"},"image":{"@id":"https:\/\/www.billposters.fr\/en\/#\/schema\/logo\/image\/"},"sameAs":["https:\/\/www.facebook.com\/billpostersaffiches"]}]}},"_links":{"self":[{"href":"https:\/\/www.billposters.fr\/en\/wp-json\/wp\/v2\/pages\/3607","targetHints":{"allow":["GET"]}}],"collection":[{"href":"https:\/\/www.billposters.fr\/en\/wp-json\/wp\/v2\/pages"}],"about":[{"href":"https:\/\/www.billposters.fr\/en\/wp-json\/wp\/v2\/types\/page"}],"author":[{"embeddable":true,"href":"https:\/\/www.billposters.fr\/en\/wp-json\/wp\/v2\/users\/1"}],"replies":[{"embeddable":true,"href":"https:\/\/www.billposters.fr\/en\/wp-json\/wp\/v2\/comments?post=3607"}],"version-history":[{"count":9,"href":"https:\/\/www.billposters.fr\/en\/wp-json\/wp\/v2\/pages\/3607\/revisions"}],"predecessor-version":[{"id":9336,"href":"https:\/\/www.billposters.fr\/en\/wp-json\/wp\/v2\/pages\/3607\/revisions\/9336"}],"wp:attachment":[{"href":"https:\/\/www.billposters.fr\/en\/wp-json\/wp\/v2\/media?parent=3607"}],"curies":[{"name":"wp","href":"https:\/\/api.w.org\/{rel}","templated":true}]}}