{"id":3680,"date":"2020-10-07T12:15:50","date_gmt":"2020-10-07T10:15:50","guid":{"rendered":"https:\/\/www.billposters.fr\/home\/"},"modified":"2026-01-29T23:48:13","modified_gmt":"2026-01-29T22:48:13","slug":"home","status":"publish","type":"page","link":"https:\/\/www.billposters.fr\/en\/home\/","title":{"rendered":"Home"},"content":{"rendered":"<p>[et_pb_section fb_built=&#8221;1&#8243; _builder_version=&#8221;4.16&#8243; background_color=&#8221;#e8e7e9&#8243; background_enable_image=&#8221;off&#8221; parallax=&#8221;on&#8221; module_alignment=&#8221;center&#8221; custom_margin=&#8221;50px||||false|false&#8221; custom_padding=&#8221;||||false|false&#8221; top_divider_color=&#8221;#5d0a00&#8243; top_divider_arrangement=&#8221;above_content&#8221; border_color_bottom=&#8221;#e02b20&#8243; global_colors_info=&#8221;{}&#8221;][et_pb_row _builder_version=&#8221;4.16&#8243; background_color=&#8221;#e8e7e9&#8243; custom_margin=&#8221;0px||||false|false&#8221; custom_padding=&#8221;0px||||false|false&#8221; global_colors_info=&#8221;{}&#8221;][et_pb_column type=&#8221;4_4&#8243; _builder_version=&#8221;4.16&#8243; global_colors_info=&#8221;{}&#8221;][et_pb_image src=&#8221;https:\/\/www.billposters.fr\/wp-content\/uploads\/2020\/08\/presentation-affiches-accueil-1.jpg&#8221; alt=&#8221;Introducing some Bill Posters posters&#8221; title_text=&#8221;introducing-posters-accueil&#8221; force_fullwidth=&#8221;on&#8221; _builder_version=&#8221;4.16&#8243; global_colors_info=&#8221;{}&#8221;][\/et_pb_image][\/et_pb_column][\/et_pb_row][et_pb_row custom_padding_last_edited=&#8221;on|tablet&#8221; _builder_version=&#8221;4.16&#8243; _module_preset=&#8221;default&#8221; background_color=&#8221;#e8e7e9&#8243; width=&#8221;100%&#8221; custom_margin=&#8221;||||false|false&#8221; custom_padding=&#8221;||||false|false&#8221; custom_padding_tablet=&#8221;0px||0px||false|false&#8221; custom_padding_phone=&#8221;&#8221; global_colors_info=&#8221;{}&#8221;][et_pb_column type=&#8221;4_4&#8243; _builder_version=&#8221;4.16&#8243; _module_preset=&#8221;default&#8221; global_colors_info=&#8221;{}&#8221;][et_pb_text _builder_version=&#8221;4.16&#8243; _module_preset=&#8221;default&#8221; text_font=&#8221;Abhaya Libre||on||||||&#8221; text_text_color=&#8221;#c20012&#8243; header_font=&#8221;||on||||||&#8221; header_text_align=&#8221;center&#8221; header_text_color=&#8221;#c20012&#8243; header_font_size=&#8221;42px&#8221; header_line_height=&#8221;1.1em&#8221; text_orientation=&#8221;center&#8221; module_alignment=&#8221;center&#8221; custom_padding=&#8221;||||false|false&#8221; custom_padding_tablet=&#8221;||||false|false&#8221; custom_padding_phone=&#8221;&#8221; custom_padding_last_edited=&#8221;on|tablet&#8221; header_font_size_tablet=&#8221;28px&#8221; header_font_size_phone=&#8221;&#8221; header_font_size_last_edited=&#8221;on|desktop&#8221; global_colors_info=&#8221;{}&#8221;]<\/p>\n<h1>Decorative art at home with the great masters of the poster<\/h1>\n<p>[\/et_pb_text][\/et_pb_column][\/et_pb_row][\/et_pb_section][et_pb_section fb_built=&#8221;1&#8243; _builder_version=&#8221;4.16&#8243; _module_preset=&#8221;default&#8221; custom_margin=&#8221;||||false|false&#8221; custom_padding=&#8221;||||false|false&#8221; global_colors_info=&#8221;{}&#8221;][et_pb_row column_structure=&#8221;2_5,3_5&#8243; _builder_version=&#8221;4.16&#8243; _module_preset=&#8221;default&#8221; width=&#8221;100%&#8221; min_height=&#8221;265px&#8221; custom_margin=&#8221;50px||||false|false&#8221; custom_margin_tablet=&#8221;&#8221; custom_margin_phone=&#8221;&#8221; custom_margin_last_edited=&#8221;on|tablet&#8221; custom_padding=&#8221;0px||0px||false|false&#8221; global_colors_info=&#8221;{}&#8221;][et_pb_column type=&#8221;2_5&#8243; _builder_version=&#8221;4.16&#8243; _module_preset=&#8221;default&#8221; global_colors_info=&#8221;{}&#8221;][et_pb_image src=&#8221;https:\/\/www.billposters.fr\/wp-content\/uploads\/2020\/08\/illustration-presse-imprimerie.png&#8221; alt=&#8221;Illustration of a printing press&#8221; title_text=&#8221;Illustration-printing-press&#8221; _builder_version=&#8221;4.16&#8243; _module_preset=&#8221;default&#8221; custom_margin_tablet=&#8221;&#8221; custom_margin_phone=&#8221;&#8221; custom_margin_last_edited=&#8221;on|phone&#8221; custom_padding=&#8221;||20px|25%|false|false&#8221; global_colors_info=&#8221;{}&#8221;][\/et_pb_image][\/et_pb_column][et_pb_column type=&#8221;3_5&#8243; _builder_version=&#8221;4.16&#8243; _module_preset=&#8221;default&#8221; global_colors_info=&#8221;{}&#8221;][et_pb_text _builder_version=&#8221;4.16&#8243; _module_preset=&#8221;default&#8221; text_text_color=&#8221;#c20012&#8243; header_text_color=&#8221;#c20012&#8243; header_2_text_color=&#8221;#c20012&#8243; header_2_font_size=&#8221;34px&#8221; header_3_text_color=&#8221;#c20012&#8243; header_3_line_height=&#8221;1.1em&#8221; custom_margin_tablet=&#8221;|20px||20px|false|false&#8221; custom_margin_phone=&#8221;&#8221; custom_margin_last_edited=&#8221;on|desktop&#8221; header_2_font_size_tablet=&#8221;24px&#8221; header_2_font_size_phone=&#8221;&#8221; header_2_font_size_last_edited=&#8221;on|desktop&#8221; global_colors_info=&#8221;{}&#8221;]<\/p>\n<h2>All our art prints and limited editions are printed on Canson and Hahnem\u00fchle paper, creators of prestigious papers since the 16<sup>th<\/sup> century.<\/h2>\n<p>[\/et_pb_text][et_pb_text _builder_version=&#8221;4.16&#8243; _module_preset=&#8221;default&#8221; text_line_height=&#8221;1.5em&#8221; custom_margin_tablet=&#8221;|20px||20px|false|false&#8221; custom_margin_phone=&#8221;&#8221; custom_margin_last_edited=&#8221;on|tablet&#8221; global_colors_info=&#8221;{}&#8221;]<\/p>\n<p>These art papers are worldly renowned, craft-made, 100% cotton and cellulose, and contain no lignin, brighteners or acid, corresponding to the highest demands in terms of museum conservation and ecology. Tous nos tirages sont r\u00e9alis\u00e9s dans notre atelier par notre tireur d\u2019art.<\/p>\n<p>[\/et_pb_text][\/et_pb_column][\/et_pb_row][\/et_pb_section][et_pb_section fb_built=&#8221;1&#8243; custom_padding_last_edited=&#8221;on|phone&#8221; _builder_version=&#8221;4.16&#8243; _module_preset=&#8221;default&#8221; custom_margin=&#8221;||||false|false&#8221; custom_padding=&#8221;50px||||false|false&#8221; custom_padding_tablet=&#8221;0px||||false|false&#8221; custom_padding_phone=&#8221;||||false|false&#8221; global_colors_info=&#8221;{}&#8221;][et_pb_row _builder_version=&#8221;4.16&#8243; _module_preset=&#8221;default&#8221; custom_margin=&#8221;||||false|false&#8221; global_colors_info=&#8221;{}&#8221;][et_pb_column type=&#8221;4_4&#8243; _builder_version=&#8221;4.16&#8243; _module_preset=&#8221;default&#8221; global_colors_info=&#8221;{}&#8221;][et_pb_text _builder_version=&#8221;4.16&#8243; _module_preset=&#8221;default&#8221; header_2_text_color=&#8221;#c20012&#8243; header_2_font_size=&#8221;34px&#8221; header_3_text_color=&#8221;#c20012&#8243; header_2_font_size_tablet=&#8221;24px&#8221; header_2_font_size_phone=&#8221;&#8221; header_2_font_size_last_edited=&#8221;on|phone&#8221; global_colors_info=&#8221;{}&#8221;]<\/p>\n<h2 style=\"text-align: center;\">Our shipments<\/h2>\n<p>[\/et_pb_text][\/et_pb_column][\/et_pb_row][et_pb_row column_structure=&#8221;1_3,1_3,1_3&#8243; make_equal=&#8221;on&#8221; _builder_version=&#8221;4.16&#8243; _module_preset=&#8221;default&#8221; min_height=&#8221;400px&#8221; custom_margin=&#8221;30px||30px||false|false&#8221; custom_margin_tablet=&#8221;0px||0px||false|false&#8221; custom_margin_phone=&#8221;&#8221; custom_margin_last_edited=&#8221;on|desktop&#8221; global_colors_info=&#8221;{}&#8221;][et_pb_column type=&#8221;1_3&#8243; _builder_version=&#8221;4.16&#8243; _module_preset=&#8221;default&#8221; custom_padding=&#8221;|20px|||false|false&#8221; global_colors_info=&#8221;{}&#8221;][divienhancer_flipBox speed=&#8221;1000&#8243; _builder_version=&#8221;4.16&#8243; _module_preset=&#8221;default&#8221; background_color=&#8221;#efe6d5&#8243; background_enable_image=&#8221;off&#8221; width_tablet=&#8221;60%&#8221; width_phone=&#8221;95%&#8221; width_last_edited=&#8221;on|desktop&#8221; module_alignment=&#8221;center&#8221; min_height_tablet=&#8221;auto&#8221; min_height_phone=&#8221;&#8221; min_height_last_edited=&#8221;on|tablet&#8221; custom_margin=&#8221;||20px||false|false&#8221; custom_margin_tablet=&#8221;||||false|false&#8221; custom_margin_phone=&#8221;||20px||false|false&#8221; custom_margin_last_edited=&#8221;on|phone&#8221; custom_padding=&#8221;||||false|false&#8221; custom_padding_tablet=&#8221;&#8221; custom_padding_phone=&#8221;||0px||false|false&#8221; custom_padding_last_edited=&#8221;on|tablet&#8221; module_alignment_tablet=&#8221;center&#8221; module_alignment_phone=&#8221;&#8221; module_alignment_last_edited=&#8221;on|tablet&#8221; box_shadow_style=&#8221;preset2&#8243; global_colors_info=&#8221;{}&#8221;][divienhancer_flipBoxChild _builder_version=&#8221;4.16&#8243; _module_preset=&#8221;default&#8221; background_image=&#8221;https:\/\/www.billposters.fr\/wp-content\/uploads\/2020\/08\/exemple-envoi-affiche-pathe.jpg&#8221; background_enable_image=&#8221;on&#8221; min_height=&#8221;400px&#8221; global_colors_info=&#8221;{}&#8221;][\/divienhancer_flipBoxChild][divienhancer_flipBoxChild _builder_version=&#8221;4.16&#8243; _module_preset=&#8221;default&#8221; background_color=&#8221;#efe6d5&#8243; background_enable_color=&#8221;on&#8221; custom_padding=&#8221;30%|20px||20px|false|false&#8221; global_colors_info=&#8221;{}&#8221;]<\/p>\n<p style=\"text-align: center;\">Our 30x40cm and 40x50cm formats are protected by a plasticized sleeve which is 100% recyclable.<br \/> They are then sent in a cardboard envelope by registered post.<\/p>\n<p>[\/divienhancer_flipBoxChild][\/divienhancer_flipBox][\/et_pb_column][et_pb_column type=&#8221;1_3&#8243; _builder_version=&#8221;4.16&#8243; _module_preset=&#8221;default&#8221; custom_padding=&#8221;|10px||10px|false|false&#8221; global_colors_info=&#8221;{}&#8221;][divienhancer_flipBox speed=&#8221;1000&#8243; _builder_version=&#8221;4.16&#8243; _module_preset=&#8221;default&#8221; background_color=&#8221;rgba(0,0,0,0)&#8221; background_enable_image=&#8221;off&#8221; width_tablet=&#8221;60%&#8221; width_phone=&#8221;95%&#8221; width_last_edited=&#8221;on|tablet&#8221; module_alignment=&#8221;center&#8221; min_height_tablet=&#8221;&#8221; min_height_phone=&#8221;&#8221; min_height_last_edited=&#8221;on|phone&#8221; height_tablet=&#8221;&#8221; height_phone=&#8221;&#8221; height_last_edited=&#8221;on|phone&#8221; custom_margin=&#8221;||20px||false|false&#8221; custom_margin_tablet=&#8221;&#8221; custom_margin_phone=&#8221;||20px||false|false&#8221; custom_margin_last_edited=&#8221;on|phone&#8221; custom_padding=&#8221;||||false|false&#8221; module_alignment_tablet=&#8221;center&#8221; module_alignment_phone=&#8221;center&#8221; module_alignment_last_edited=&#8221;on|desktop&#8221; global_colors_info=&#8221;{}&#8221;][divienhancer_flipBoxChild _builder_version=&#8221;4.16&#8243; _module_preset=&#8221;default&#8221; background_color=&#8221;#efe6d5&#8243; background_enable_color=&#8221;on&#8221; background_image=&#8221;https:\/\/www.billposters.fr\/wp-content\/uploads\/2020\/08\/bio-cassandre-pathe-.jpg&#8221; background_enable_image=&#8221;on&#8221; background_size=&#8221;contain&#8221; min_height=&#8221;400px&#8221; box_shadow_style=&#8221;preset2&#8243; global_colors_info=&#8221;{}&#8221;][\/divienhancer_flipBoxChild][divienhancer_flipBoxChild _builder_version=&#8221;4.16&#8243; _module_preset=&#8221;default&#8221; background_color=&#8221;#efe6d5&#8243; background_enable_color=&#8221;on&#8221; min_height=&#8221;400px&#8221; custom_padding=&#8221;40%|20px||20px|false|false&#8221; global_colors_info=&#8221;{}&#8221;]<\/p>\n<p style=\"text-align: center;\">A biography of the artist is attached behind the poster.<\/p>\n<p>[\/divienhancer_flipBoxChild][\/divienhancer_flipBox][\/et_pb_column][et_pb_column type=&#8221;1_3&#8243; _builder_version=&#8221;4.16&#8243; _module_preset=&#8221;default&#8221; custom_padding=&#8221;|||20px|false|false&#8221; global_colors_info=&#8221;{}&#8221;][divienhancer_flipBox speed=&#8221;1000&#8243; _builder_version=&#8221;4.16&#8243; _module_preset=&#8221;default&#8221; module_text_color=&#8221;#000000&#8243; background_color=&#8221;#efe6d5&#8243; width_tablet=&#8221;60%&#8221; width_phone=&#8221;95%&#8221; width_last_edited=&#8221;on|tablet&#8221; min_height_tablet=&#8221;&#8221; min_height_phone=&#8221;&#8221; min_height_last_edited=&#8221;on|phone&#8221; custom_padding_tablet=&#8221;||||false|false&#8221; custom_padding_phone=&#8221;&#8221; custom_padding_last_edited=&#8221;on|tablet&#8221; module_alignment_tablet=&#8221;center&#8221; module_alignment_phone=&#8221;center&#8221; module_alignment_last_edited=&#8221;on|desktop&#8221; box_shadow_style=&#8221;preset2&#8243; global_colors_info=&#8221;{}&#8221;][divienhancer_flipBoxChild _builder_version=&#8221;4.16&#8243; _module_preset=&#8221;default&#8221; background_color=&#8221;#efe6d5&#8243; background_enable_color=&#8221;on&#8221; background_image=&#8221;https:\/\/www.billposters.fr\/wp-content\/uploads\/2020\/08\/envoi-tube-carton-.jpg&#8221; background_enable_image=&#8221;on&#8221; min_height=&#8221;400px&#8221; global_colors_info=&#8221;{}&#8221;][\/divienhancer_flipBoxChild][divienhancer_flipBoxChild _builder_version=&#8221;4.16&#8243; _module_preset=&#8221;default&#8221; module_text_color=&#8221;#000000&#8243; background_color=&#8221;#efe6d5&#8243; background_enable_color=&#8221;on&#8221; text_orientation=&#8221;center&#8221; module_alignment=&#8221;center&#8221; min_height=&#8221;400px&#8221; custom_padding=&#8221;40%|20px||20px|false|false&#8221; global_colors_info=&#8221;{}&#8221;]<\/p>\n<p style=\"text-align: center;\">The 50x70cm, 70x100cm and 100x140cm formats are dispatched in rigid tubes suited to the format. They are also sent by registered post.<\/p>\n<p>[\/divienhancer_flipBoxChild][\/divienhancer_flipBox][\/et_pb_column][\/et_pb_row][\/et_pb_section]<\/p>\n","protected":false},"excerpt":{"rendered":"<p>Decorative art at home with the great masters of the posterAll our art prints and limited editions are printed on Canson and Hahnem\u00fchle paper, creators of prestigious papers since the 16th century.These art papers are worldly renowned, craft-made, 100% cotton and cellulose, and contain no lignin, brighteners or acid, corresponding to the highest demands in [&hellip;]<\/p>\n","protected":false},"author":1,"featured_media":0,"parent":0,"menu_order":0,"comment_status":"closed","ping_status":"closed","template":"","meta":{"_et_pb_use_builder":"on","_et_pb_old_content":"","_et_gb_content_width":"","footnotes":""},"class_list":["post-3680","page","type-page","status-publish","hentry"],"yoast_head":"<!-- This site is optimized with the Yoast SEO plugin v27.2 - https:\/\/yoast.com\/product\/yoast-seo-wordpress\/ -->\n<title>Bill Posters | Posters, paintings. Quality\/Price: excellent<\/title>\n<meta name=\"description\" content=\"Deco Idea gift idea, art prints, limited editions on beautiful posters of very high quality renowned artists, Perrier, Bally, Path\u00e9...\" \/>\n<meta name=\"robots\" content=\"index, follow, max-snippet:-1, max-image-preview:large, max-video-preview:-1\" \/>\n<link rel=\"canonical\" href=\"https:\/\/www.billposters.fr\/en\/home\/\" \/>\n<meta property=\"og:locale\" content=\"en_US\" \/>\n<meta property=\"og:type\" content=\"article\" \/>\n<meta property=\"og:title\" content=\"Bill Posters | Posters, paintings. Quality\/Price: excellent\" \/>\n<meta property=\"og:description\" content=\"Deco Idea gift idea, art prints, limited editions on beautiful posters of very high quality renowned artists, Perrier, Bally, Path\u00e9...\" \/>\n<meta property=\"og:url\" content=\"https:\/\/www.billposters.fr\/en\/home\/\" \/>\n<meta property=\"og:site_name\" content=\"Bill Posters\" \/>\n<meta property=\"article:publisher\" content=\"https:\/\/www.facebook.com\/billpostersaffiches\" \/>\n<meta property=\"article:modified_time\" content=\"2026-01-29T22:48:13+00:00\" \/>\n<meta name=\"twitter:card\" content=\"summary_large_image\" \/>\n<meta name=\"twitter:label1\" content=\"Est. reading time\" \/>\n\t<meta name=\"twitter:data1\" content=\"7 minutes\" \/>\n<script type=\"application\/ld+json\" class=\"yoast-schema-graph\">{\"@context\":\"https:\/\/schema.org\",\"@graph\":[{\"@type\":\"WebPage\",\"@id\":\"https:\/\/www.billposters.fr\/en\/home\/\",\"url\":\"https:\/\/www.billposters.fr\/en\/home\/\",\"name\":\"Bill Posters | Posters, paintings. Quality\/Price: excellent\",\"isPartOf\":{\"@id\":\"https:\/\/www.billposters.fr\/en\/#website\"},\"datePublished\":\"2020-10-07T10:15:50+00:00\",\"dateModified\":\"2026-01-29T22:48:13+00:00\",\"description\":\"Deco Idea gift idea, art prints, limited editions on beautiful posters of very high quality renowned artists, Perrier, Bally, Path\u00e9...\",\"breadcrumb\":{\"@id\":\"https:\/\/www.billposters.fr\/en\/home\/#breadcrumb\"},\"inLanguage\":\"en-US\",\"potentialAction\":[{\"@type\":\"ReadAction\",\"target\":[\"https:\/\/www.billposters.fr\/en\/home\/\"]}]},{\"@type\":\"BreadcrumbList\",\"@id\":\"https:\/\/www.billposters.fr\/en\/home\/#breadcrumb\",\"itemListElement\":[{\"@type\":\"ListItem\",\"position\":1,\"name\":\"Accueil\",\"item\":\"https:\/\/www.billposters.fr\/en\/home-2022\/\"},{\"@type\":\"ListItem\",\"position\":2,\"name\":\"Home\"}]},{\"@type\":\"WebSite\",\"@id\":\"https:\/\/www.billposters.fr\/en\/#website\",\"url\":\"https:\/\/www.billposters.fr\/en\/\",\"name\":\"Bill Posters\",\"description\":\"Reproduction et vente de posters de tr\u00e8s haute qualit\u00e9 r\u00e9alis\u00e9es par les grands ma\u00eetres de l&#039;affiche.\",\"publisher\":{\"@id\":\"https:\/\/www.billposters.fr\/en\/#organization\"},\"potentialAction\":[{\"@type\":\"SearchAction\",\"target\":{\"@type\":\"EntryPoint\",\"urlTemplate\":\"https:\/\/www.billposters.fr\/en\/?s={search_term_string}\"},\"query-input\":{\"@type\":\"PropertyValueSpecification\",\"valueRequired\":true,\"valueName\":\"search_term_string\"}}],\"inLanguage\":\"en-US\"},{\"@type\":\"Organization\",\"@id\":\"https:\/\/www.billposters.fr\/en\/#organization\",\"name\":\"Billposters\",\"url\":\"https:\/\/www.billposters.fr\/en\/\",\"logo\":{\"@type\":\"ImageObject\",\"inLanguage\":\"en-US\",\"@id\":\"https:\/\/www.billposters.fr\/en\/#\/schema\/logo\/image\/\",\"url\":\"https:\/\/www.billposters.fr\/wp-content\/uploads\/2020\/08\/Bill-Posters-logo.png\",\"contentUrl\":\"https:\/\/www.billposters.fr\/wp-content\/uploads\/2020\/08\/Bill-Posters-logo.png\",\"width\":300,\"height\":76,\"caption\":\"Billposters\"},\"image\":{\"@id\":\"https:\/\/www.billposters.fr\/en\/#\/schema\/logo\/image\/\"},\"sameAs\":[\"https:\/\/www.facebook.com\/billpostersaffiches\"]}]}<\/script>\n<!-- \/ Yoast SEO plugin. -->","yoast_head_json":{"title":"Bill Posters | Posters, paintings. Quality\/Price: excellent","description":"Deco Idea gift idea, art prints, limited editions on beautiful posters of very high quality renowned artists, Perrier, Bally, Path\u00e9...","robots":{"index":"index","follow":"follow","max-snippet":"max-snippet:-1","max-image-preview":"max-image-preview:large","max-video-preview":"max-video-preview:-1"},"canonical":"https:\/\/www.billposters.fr\/en\/home\/","og_locale":"en_US","og_type":"article","og_title":"Bill Posters | Posters, paintings. Quality\/Price: excellent","og_description":"Deco Idea gift idea, art prints, limited editions on beautiful posters of very high quality renowned artists, Perrier, Bally, Path\u00e9...","og_url":"https:\/\/www.billposters.fr\/en\/home\/","og_site_name":"Bill Posters","article_publisher":"https:\/\/www.facebook.com\/billpostersaffiches","article_modified_time":"2026-01-29T22:48:13+00:00","twitter_card":"summary_large_image","twitter_misc":{"Est. reading time":"7 minutes"},"schema":{"@context":"https:\/\/schema.org","@graph":[{"@type":"WebPage","@id":"https:\/\/www.billposters.fr\/en\/home\/","url":"https:\/\/www.billposters.fr\/en\/home\/","name":"Bill Posters | Posters, paintings. Quality\/Price: excellent","isPartOf":{"@id":"https:\/\/www.billposters.fr\/en\/#website"},"datePublished":"2020-10-07T10:15:50+00:00","dateModified":"2026-01-29T22:48:13+00:00","description":"Deco Idea gift idea, art prints, limited editions on beautiful posters of very high quality renowned artists, Perrier, Bally, Path\u00e9...","breadcrumb":{"@id":"https:\/\/www.billposters.fr\/en\/home\/#breadcrumb"},"inLanguage":"en-US","potentialAction":[{"@type":"ReadAction","target":["https:\/\/www.billposters.fr\/en\/home\/"]}]},{"@type":"BreadcrumbList","@id":"https:\/\/www.billposters.fr\/en\/home\/#breadcrumb","itemListElement":[{"@type":"ListItem","position":1,"name":"Accueil","item":"https:\/\/www.billposters.fr\/en\/home-2022\/"},{"@type":"ListItem","position":2,"name":"Home"}]},{"@type":"WebSite","@id":"https:\/\/www.billposters.fr\/en\/#website","url":"https:\/\/www.billposters.fr\/en\/","name":"Bill Posters","description":"Reproduction et vente de posters de tr\u00e8s haute qualit\u00e9 r\u00e9alis\u00e9es par les grands ma\u00eetres de l&#039;affiche.","publisher":{"@id":"https:\/\/www.billposters.fr\/en\/#organization"},"potentialAction":[{"@type":"SearchAction","target":{"@type":"EntryPoint","urlTemplate":"https:\/\/www.billposters.fr\/en\/?s={search_term_string}"},"query-input":{"@type":"PropertyValueSpecification","valueRequired":true,"valueName":"search_term_string"}}],"inLanguage":"en-US"},{"@type":"Organization","@id":"https:\/\/www.billposters.fr\/en\/#organization","name":"Billposters","url":"https:\/\/www.billposters.fr\/en\/","logo":{"@type":"ImageObject","inLanguage":"en-US","@id":"https:\/\/www.billposters.fr\/en\/#\/schema\/logo\/image\/","url":"https:\/\/www.billposters.fr\/wp-content\/uploads\/2020\/08\/Bill-Posters-logo.png","contentUrl":"https:\/\/www.billposters.fr\/wp-content\/uploads\/2020\/08\/Bill-Posters-logo.png","width":300,"height":76,"caption":"Billposters"},"image":{"@id":"https:\/\/www.billposters.fr\/en\/#\/schema\/logo\/image\/"},"sameAs":["https:\/\/www.facebook.com\/billpostersaffiches"]}]}},"_links":{"self":[{"href":"https:\/\/www.billposters.fr\/en\/wp-json\/wp\/v2\/pages\/3680","targetHints":{"allow":["GET"]}}],"collection":[{"href":"https:\/\/www.billposters.fr\/en\/wp-json\/wp\/v2\/pages"}],"about":[{"href":"https:\/\/www.billposters.fr\/en\/wp-json\/wp\/v2\/types\/page"}],"author":[{"embeddable":true,"href":"https:\/\/www.billposters.fr\/en\/wp-json\/wp\/v2\/users\/1"}],"replies":[{"embeddable":true,"href":"https:\/\/www.billposters.fr\/en\/wp-json\/wp\/v2\/comments?post=3680"}],"version-history":[{"count":26,"href":"https:\/\/www.billposters.fr\/en\/wp-json\/wp\/v2\/pages\/3680\/revisions"}],"predecessor-version":[{"id":14128,"href":"https:\/\/www.billposters.fr\/en\/wp-json\/wp\/v2\/pages\/3680\/revisions\/14128"}],"wp:attachment":[{"href":"https:\/\/www.billposters.fr\/en\/wp-json\/wp\/v2\/media?parent=3680"}],"curies":[{"name":"wp","href":"https:\/\/api.w.org\/{rel}","templated":true}]}}