{"id":3792,"date":"2020-10-07T14:21:57","date_gmt":"2020-10-07T12:21:57","guid":{"rendered":"https:\/\/www.billposters.fr\/billposters-and-ecology\/"},"modified":"2020-10-23T16:49:38","modified_gmt":"2020-10-23T14:49:38","slug":"billposters-and-ecology","status":"publish","type":"page","link":"https:\/\/www.billposters.fr\/en\/billposters-and-ecology\/","title":{"rendered":"Billposters and ecology"},"content":{"rendered":"\n[et_pb_section fb_built=&#8221;1&#8243; _builder_version=&#8221;4.6.6&#8243; _module_preset=&#8221;default&#8221; background_image=&#8221;https:\/\/www.billposters.fr\/wp-content\/uploads\/2020\/10\/respect-forets.jpg&#8221; background_position=&#8221;bottom_center&#8221; min_height=&#8221;100vh&#8221; hover_enabled=&#8221;0&#8243; alt=&#8221;Respect de la for\u00eat&#8221; title_text=&#8221;respect-forets&#8221; sticky_enabled=&#8221;0&#8243;][et_pb_row _builder_version=&#8221;4.6.6&#8243; _module_preset=&#8221;default&#8221; background_color=&#8221;#ffffff&#8221; min_height=&#8221;100vh&#8221; hover_enabled=&#8221;0&#8243; custom_margin=&#8221;||||false|false&#8221; width=&#8221;30%&#8221; module_alignment=&#8221;center&#8221; width_last_edited=&#8221;on|desktop&#8221; sticky_enabled=&#8221;0&#8243; width_tablet=&#8221;65%&#8221; width_phone=&#8221;62%&#8221; custom_padding=&#8221;|10px||10px|false|false&#8221;][et_pb_column type=&#8221;4_4&#8243; _builder_version=&#8221;4.5.7&#8243; _module_preset=&#8221;default&#8221;][et_pb_text _builder_version=&#8221;4.6.6&#8243; _module_preset=&#8221;default&#8221; text_font_size=&#8221;23px&#8221; header_text_align=&#8221;center&#8221; header_text_color=&#8221;#c20012&#8243; header_2_text_color=&#8221;#c20012&#8243; header_2_line_height=&#8221;1.3em&#8221; custom_margin=&#8221;50px||||false|false&#8221; custom_padding=&#8221;||100px||false|false&#8221; hover_enabled=&#8221;0&#8243; sticky_enabled=&#8221;0&#8243;]<h1 style=\"text-align: center\"><strong><img loading=\"lazy\" decoding=\"async\" src=\"https:\/\/www.billposters.fr\/wp-content\/uploads\/2020\/08\/Bill-Posters-logo.png\" alt=\"Logo Bill Posters\" class=\"wp-image-3794 alignnone size-full\" style=\"margin-left: auto;margin-right: auto\" width=\"300\" height=\"76\">and ecology <\/strong><\/h1>\n<p style=\"text-align: center\">Our paper suppliers, Hahnem\u00fchle and Canson are certified for sustainable forest management, <strong>FSC<\/strong> (Forest Support Council) and <strong>PEFC<\/strong> (Program for the Endorsement of Forest Certification).<\/p>\n<p style=\"text-align: center\"><img loading=\"lazy\" decoding=\"async\" src=\"https:\/\/www.billposters.fr\/wp-content\/uploads\/2020\/09\/logo-PEFC.jpg\" alt=\"Logo Forest certification recognition program\" class=\"wp-image-3796 alignnone size-full\" width=\"130\" height=\"130\" srcset=\"https:\/\/www.billposters.fr\/wp-content\/uploads\/2020\/09\/logo-PEFC.jpg 300w, https:\/\/www.billposters.fr\/wp-content\/uploads\/2020\/09\/logo-PEFC-100x100.jpg 100w, https:\/\/www.billposters.fr\/wp-content\/uploads\/2020\/09\/logo-PEFC-150x150.jpg 150w\" sizes=\"(max-width: 130px) 100vw, 130px\" \/>   <img loading=\"lazy\" decoding=\"async\" src=\"https:\/\/www.billposters.fr\/wp-content\/uploads\/2020\/09\/logo-FSC.jpg\" alt=\"Forest Support Council logo\" class=\"wp-image-3798 alignnone size-full\" width=\"130\" height=\"130\" srcset=\"https:\/\/www.billposters.fr\/wp-content\/uploads\/2020\/09\/logo-FSC.jpg 300w, https:\/\/www.billposters.fr\/wp-content\/uploads\/2020\/09\/logo-FSC-100x100.jpg 100w, https:\/\/www.billposters.fr\/wp-content\/uploads\/2020\/09\/logo-FSC-150x150.jpg 150w\" sizes=\"(max-width: 130px) 100vw, 130px\" \/><\/p>\n<p style=\"text-align: center\">Our protective plastic bags are 100% recyclable and reusable.<\/p>[\/et_pb_text][\/et_pb_column][\/et_pb_row][\/et_pb_section]\n","protected":false},"excerpt":{"rendered":"<p>and ecology Our paper suppliers, Hahnem\u00fchle and Canson are certified for sustainable forest management, FSC (Forest Support Council) and PEFC (Program for the Endorsement of Forest Certification). Our protective plastic bags are 100% recyclable and reusable.<\/p>\n","protected":false},"author":1,"featured_media":0,"parent":0,"menu_order":0,"comment_status":"closed","ping_status":"closed","template":"","meta":{"_et_pb_use_builder":"on","_et_pb_old_content":"","_et_gb_content_width":"","footnotes":""},"class_list":["post-3792","page","type-page","status-publish","hentry"],"yoast_head":"<!-- This site is optimized with the Yoast SEO plugin v27.2 - https:\/\/yoast.com\/product\/yoast-seo-wordpress\/ -->\n<title>Bill Posters | Billposters and ecology<\/title>\n<meta name=\"description\" content=\"Our paper suppliers, Hahnem\u00fchle and Canson are certified for sustainable forest management. Art papers 100% cotton and cellulose without lignin.\" \/>\n<meta name=\"robots\" content=\"index, follow, max-snippet:-1, max-image-preview:large, max-video-preview:-1\" \/>\n<link rel=\"canonical\" href=\"https:\/\/www.billposters.fr\/en\/billposters-and-ecology\/\" \/>\n<meta property=\"og:locale\" content=\"en_US\" \/>\n<meta property=\"og:type\" content=\"article\" \/>\n<meta property=\"og:title\" content=\"Bill Posters | Billposters and ecology\" \/>\n<meta property=\"og:description\" content=\"Our paper suppliers, Hahnem\u00fchle and Canson are certified for sustainable forest management. Art papers 100% cotton and cellulose without lignin.\" \/>\n<meta property=\"og:url\" content=\"https:\/\/www.billposters.fr\/en\/billposters-and-ecology\/\" \/>\n<meta property=\"og:site_name\" content=\"Bill Posters\" \/>\n<meta property=\"article:publisher\" content=\"https:\/\/www.facebook.com\/billpostersaffiches\" \/>\n<meta property=\"article:modified_time\" content=\"2020-10-23T14:49:38+00:00\" \/>\n<meta property=\"og:image\" content=\"https:\/\/www.billposters.fr\/wp-content\/uploads\/2020\/08\/Bill-Posters-logo.png\" \/>\n<meta name=\"twitter:card\" content=\"summary_large_image\" \/>\n<meta name=\"twitter:label1\" content=\"Est. reading time\" \/>\n\t<meta name=\"twitter:data1\" content=\"1 minute\" \/>\n<script type=\"application\/ld+json\" class=\"yoast-schema-graph\">{\"@context\":\"https:\/\/schema.org\",\"@graph\":[{\"@type\":\"WebPage\",\"@id\":\"https:\/\/www.billposters.fr\/en\/billposters-and-ecology\/\",\"url\":\"https:\/\/www.billposters.fr\/en\/billposters-and-ecology\/\",\"name\":\"Bill Posters | Billposters and ecology\",\"isPartOf\":{\"@id\":\"https:\/\/www.billposters.fr\/en\/#website\"},\"primaryImageOfPage\":{\"@id\":\"https:\/\/www.billposters.fr\/en\/billposters-and-ecology\/#primaryimage\"},\"image\":{\"@id\":\"https:\/\/www.billposters.fr\/en\/billposters-and-ecology\/#primaryimage\"},\"thumbnailUrl\":\"https:\/\/www.billposters.fr\/wp-content\/uploads\/2020\/08\/Bill-Posters-logo.png\",\"datePublished\":\"2020-10-07T12:21:57+00:00\",\"dateModified\":\"2020-10-23T14:49:38+00:00\",\"description\":\"Our paper suppliers, Hahnem\u00fchle and Canson are certified for sustainable forest management. Art papers 100% cotton and cellulose without lignin.\",\"breadcrumb\":{\"@id\":\"https:\/\/www.billposters.fr\/en\/billposters-and-ecology\/#breadcrumb\"},\"inLanguage\":\"en-US\",\"potentialAction\":[{\"@type\":\"ReadAction\",\"target\":[\"https:\/\/www.billposters.fr\/en\/billposters-and-ecology\/\"]}]},{\"@type\":\"ImageObject\",\"inLanguage\":\"en-US\",\"@id\":\"https:\/\/www.billposters.fr\/en\/billposters-and-ecology\/#primaryimage\",\"url\":\"https:\/\/www.billposters.fr\/wp-content\/uploads\/2020\/08\/Bill-Posters-logo.png\",\"contentUrl\":\"https:\/\/www.billposters.fr\/wp-content\/uploads\/2020\/08\/Bill-Posters-logo.png\"},{\"@type\":\"BreadcrumbList\",\"@id\":\"https:\/\/www.billposters.fr\/en\/billposters-and-ecology\/#breadcrumb\",\"itemListElement\":[{\"@type\":\"ListItem\",\"position\":1,\"name\":\"Accueil\",\"item\":\"https:\/\/www.billposters.fr\/en\/home-2022\/\"},{\"@type\":\"ListItem\",\"position\":2,\"name\":\"Billposters and ecology\"}]},{\"@type\":\"WebSite\",\"@id\":\"https:\/\/www.billposters.fr\/en\/#website\",\"url\":\"https:\/\/www.billposters.fr\/en\/\",\"name\":\"Bill Posters\",\"description\":\"Reproduction et vente de posters de tr\u00e8s haute qualit\u00e9 r\u00e9alis\u00e9es par les grands ma\u00eetres de l&#039;affiche.\",\"publisher\":{\"@id\":\"https:\/\/www.billposters.fr\/en\/#organization\"},\"potentialAction\":[{\"@type\":\"SearchAction\",\"target\":{\"@type\":\"EntryPoint\",\"urlTemplate\":\"https:\/\/www.billposters.fr\/en\/?s={search_term_string}\"},\"query-input\":{\"@type\":\"PropertyValueSpecification\",\"valueRequired\":true,\"valueName\":\"search_term_string\"}}],\"inLanguage\":\"en-US\"},{\"@type\":\"Organization\",\"@id\":\"https:\/\/www.billposters.fr\/en\/#organization\",\"name\":\"Billposters\",\"url\":\"https:\/\/www.billposters.fr\/en\/\",\"logo\":{\"@type\":\"ImageObject\",\"inLanguage\":\"en-US\",\"@id\":\"https:\/\/www.billposters.fr\/en\/#\/schema\/logo\/image\/\",\"url\":\"https:\/\/www.billposters.fr\/wp-content\/uploads\/2020\/08\/Bill-Posters-logo.png\",\"contentUrl\":\"https:\/\/www.billposters.fr\/wp-content\/uploads\/2020\/08\/Bill-Posters-logo.png\",\"width\":300,\"height\":76,\"caption\":\"Billposters\"},\"image\":{\"@id\":\"https:\/\/www.billposters.fr\/en\/#\/schema\/logo\/image\/\"},\"sameAs\":[\"https:\/\/www.facebook.com\/billpostersaffiches\"]}]}<\/script>\n<!-- \/ Yoast SEO plugin. -->","yoast_head_json":{"title":"Bill Posters | Billposters and ecology","description":"Our paper suppliers, Hahnem\u00fchle and Canson are certified for sustainable forest management. Art papers 100% cotton and cellulose without lignin.","robots":{"index":"index","follow":"follow","max-snippet":"max-snippet:-1","max-image-preview":"max-image-preview:large","max-video-preview":"max-video-preview:-1"},"canonical":"https:\/\/www.billposters.fr\/en\/billposters-and-ecology\/","og_locale":"en_US","og_type":"article","og_title":"Bill Posters | Billposters and ecology","og_description":"Our paper suppliers, Hahnem\u00fchle and Canson are certified for sustainable forest management. Art papers 100% cotton and cellulose without lignin.","og_url":"https:\/\/www.billposters.fr\/en\/billposters-and-ecology\/","og_site_name":"Bill Posters","article_publisher":"https:\/\/www.facebook.com\/billpostersaffiches","article_modified_time":"2020-10-23T14:49:38+00:00","og_image":[{"url":"https:\/\/www.billposters.fr\/wp-content\/uploads\/2020\/08\/Bill-Posters-logo.png","type":"","width":"","height":""}],"twitter_card":"summary_large_image","twitter_misc":{"Est. reading time":"1 minute"},"schema":{"@context":"https:\/\/schema.org","@graph":[{"@type":"WebPage","@id":"https:\/\/www.billposters.fr\/en\/billposters-and-ecology\/","url":"https:\/\/www.billposters.fr\/en\/billposters-and-ecology\/","name":"Bill Posters | Billposters and ecology","isPartOf":{"@id":"https:\/\/www.billposters.fr\/en\/#website"},"primaryImageOfPage":{"@id":"https:\/\/www.billposters.fr\/en\/billposters-and-ecology\/#primaryimage"},"image":{"@id":"https:\/\/www.billposters.fr\/en\/billposters-and-ecology\/#primaryimage"},"thumbnailUrl":"https:\/\/www.billposters.fr\/wp-content\/uploads\/2020\/08\/Bill-Posters-logo.png","datePublished":"2020-10-07T12:21:57+00:00","dateModified":"2020-10-23T14:49:38+00:00","description":"Our paper suppliers, Hahnem\u00fchle and Canson are certified for sustainable forest management. Art papers 100% cotton and cellulose without lignin.","breadcrumb":{"@id":"https:\/\/www.billposters.fr\/en\/billposters-and-ecology\/#breadcrumb"},"inLanguage":"en-US","potentialAction":[{"@type":"ReadAction","target":["https:\/\/www.billposters.fr\/en\/billposters-and-ecology\/"]}]},{"@type":"ImageObject","inLanguage":"en-US","@id":"https:\/\/www.billposters.fr\/en\/billposters-and-ecology\/#primaryimage","url":"https:\/\/www.billposters.fr\/wp-content\/uploads\/2020\/08\/Bill-Posters-logo.png","contentUrl":"https:\/\/www.billposters.fr\/wp-content\/uploads\/2020\/08\/Bill-Posters-logo.png"},{"@type":"BreadcrumbList","@id":"https:\/\/www.billposters.fr\/en\/billposters-and-ecology\/#breadcrumb","itemListElement":[{"@type":"ListItem","position":1,"name":"Accueil","item":"https:\/\/www.billposters.fr\/en\/home-2022\/"},{"@type":"ListItem","position":2,"name":"Billposters and ecology"}]},{"@type":"WebSite","@id":"https:\/\/www.billposters.fr\/en\/#website","url":"https:\/\/www.billposters.fr\/en\/","name":"Bill Posters","description":"Reproduction et vente de posters de tr\u00e8s haute qualit\u00e9 r\u00e9alis\u00e9es par les grands ma\u00eetres de l&#039;affiche.","publisher":{"@id":"https:\/\/www.billposters.fr\/en\/#organization"},"potentialAction":[{"@type":"SearchAction","target":{"@type":"EntryPoint","urlTemplate":"https:\/\/www.billposters.fr\/en\/?s={search_term_string}"},"query-input":{"@type":"PropertyValueSpecification","valueRequired":true,"valueName":"search_term_string"}}],"inLanguage":"en-US"},{"@type":"Organization","@id":"https:\/\/www.billposters.fr\/en\/#organization","name":"Billposters","url":"https:\/\/www.billposters.fr\/en\/","logo":{"@type":"ImageObject","inLanguage":"en-US","@id":"https:\/\/www.billposters.fr\/en\/#\/schema\/logo\/image\/","url":"https:\/\/www.billposters.fr\/wp-content\/uploads\/2020\/08\/Bill-Posters-logo.png","contentUrl":"https:\/\/www.billposters.fr\/wp-content\/uploads\/2020\/08\/Bill-Posters-logo.png","width":300,"height":76,"caption":"Billposters"},"image":{"@id":"https:\/\/www.billposters.fr\/en\/#\/schema\/logo\/image\/"},"sameAs":["https:\/\/www.facebook.com\/billpostersaffiches"]}]}},"_links":{"self":[{"href":"https:\/\/www.billposters.fr\/en\/wp-json\/wp\/v2\/pages\/3792","targetHints":{"allow":["GET"]}}],"collection":[{"href":"https:\/\/www.billposters.fr\/en\/wp-json\/wp\/v2\/pages"}],"about":[{"href":"https:\/\/www.billposters.fr\/en\/wp-json\/wp\/v2\/types\/page"}],"author":[{"embeddable":true,"href":"https:\/\/www.billposters.fr\/en\/wp-json\/wp\/v2\/users\/1"}],"replies":[{"embeddable":true,"href":"https:\/\/www.billposters.fr\/en\/wp-json\/wp\/v2\/comments?post=3792"}],"version-history":[{"count":18,"href":"https:\/\/www.billposters.fr\/en\/wp-json\/wp\/v2\/pages\/3792\/revisions"}],"predecessor-version":[{"id":5503,"href":"https:\/\/www.billposters.fr\/en\/wp-json\/wp\/v2\/pages\/3792\/revisions\/5503"}],"wp:attachment":[{"href":"https:\/\/www.billposters.fr\/en\/wp-json\/wp\/v2\/media?parent=3792"}],"curies":[{"name":"wp","href":"https:\/\/api.w.org\/{rel}","templated":true}]}}