{"id":3806,"date":"2020-10-07T14:25:50","date_gmt":"2020-10-07T12:25:50","guid":{"rendered":"https:\/\/www.billposters.fr\/about-billposters\/"},"modified":"2024-04-11T12:49:45","modified_gmt":"2024-04-11T10:49:45","slug":"about-billposters","status":"publish","type":"page","link":"https:\/\/www.billposters.fr\/en\/about-billposters\/","title":{"rendered":"About Billposters"},"content":{"rendered":"<p>[et_pb_section fb_built=&#8221;1&#8243; _builder_version=&#8221;4.16&#8243; _module_preset=&#8221;default&#8221; global_colors_info=&#8221;{}&#8221;][et_pb_row _builder_version=&#8221;4.16&#8243; _module_preset=&#8221;default&#8221; global_colors_info=&#8221;{}&#8221;][et_pb_column type=&#8221;4_4&#8243; _builder_version=&#8221;4.16&#8243; _module_preset=&#8221;default&#8221; global_colors_info=&#8221;{}&#8221;][et_pb_text _builder_version=&#8221;4.24.3&#8243; _module_preset=&#8221;default&#8221; text_font_size=&#8221;23px&#8221; header_text_align=&#8221;center&#8221; header_text_color=&#8221;#c20012&#8243; header_2_text_color=&#8221;#c20012&#8243; header_2_line_height=&#8221;1.3em&#8221; custom_margin=&#8221;50px||||false|false&#8221; hover_enabled=&#8221;0&#8243; global_colors_info=&#8221;{}&#8221; sticky_enabled=&#8221;0&#8243;]<\/p>\n<h1>About Billposters<\/h1>\n<p style=\"text-align: center;\"><strong><em>The Billposters.fr website is published by the company \u00c9ditions Langlaude managed by Jean-Luc Langlaude<\/em><\/strong><\/p>\n<h2>Legal<\/h2>\n<p>Billposters.fr, \u00c9ditions Langlaude,<br \/>SARL with a capital of \u20ac151,840 whose registered office is located at 53, passage Jouffroy, 75009 Paris<\/p>\n<p>Commercial register: 487 737 132 00042<br \/>VAT number: FR 67487737132<br \/>Telephone : +33 (0)6-80-73-50-60<br \/>Email: <a href=\"mailto:editionslanglaude60@orange.fr\">editionslanglaude60@orange.fr<\/a><\/p>\n<p>Secure payment<br \/>Paypal, Visa et Mastercard<\/p>\n<p>&nbsp;<\/p>\n<p>[\/et_pb_text][\/et_pb_column][\/et_pb_row][\/et_pb_section]<\/p>\n","protected":false},"excerpt":{"rendered":"<p>About Billposters The Billposters.fr website is published by the company \u00c9ditions Langlaude managed by Jean-Luc Langlaude Legal Billposters.fr, \u00c9ditions Langlaude,SARL with a capital of \u20ac151,840 whose registered office is located at 53, passage Jouffroy, 75009 Paris Commercial register: 487 737 132 00042VAT number: FR 67487737132Telephone : +33 (0)6-80-73-50-60Email: editionslanglaude60@orange.fr Secure paymentPaypal, Visa et Mastercard &nbsp;<\/p>\n","protected":false},"author":1,"featured_media":0,"parent":0,"menu_order":0,"comment_status":"closed","ping_status":"closed","template":"","meta":{"_et_pb_use_builder":"on","_et_pb_old_content":"","_et_gb_content_width":"","footnotes":""},"class_list":["post-3806","page","type-page","status-publish","hentry"],"yoast_head":"<!-- This site is optimized with the Yoast SEO plugin v27.2 - https:\/\/yoast.com\/product\/yoast-seo-wordpress\/ -->\n<title>About Billposters | Bill Posters<\/title>\n<meta name=\"robots\" content=\"index, follow, max-snippet:-1, max-image-preview:large, max-video-preview:-1\" \/>\n<link rel=\"canonical\" href=\"https:\/\/www.billposters.fr\/en\/about-billposters\/\" \/>\n<meta property=\"og:locale\" content=\"en_US\" \/>\n<meta property=\"og:type\" content=\"article\" \/>\n<meta property=\"og:title\" content=\"About Billposters | Bill Posters\" \/>\n<meta property=\"og:description\" content=\"About Billposters The Billposters.fr website is published by the company \u00c9ditions Langlaude managed by Jean-Luc Langlaude Legal Billposters.fr, \u00c9ditions Langlaude,SARL with a capital of \u20ac151,840 whose registered office is located at 53, passage Jouffroy, 75009 Paris Commercial register: 487 737 132 00042VAT number: FR 67487737132Telephone : +33 (0)6-80-73-50-60Email: editionslanglaude60@orange.fr Secure paymentPaypal, Visa et Mastercard &nbsp;\" \/>\n<meta property=\"og:url\" content=\"https:\/\/www.billposters.fr\/en\/about-billposters\/\" \/>\n<meta property=\"og:site_name\" content=\"Bill Posters\" \/>\n<meta property=\"article:publisher\" content=\"https:\/\/www.facebook.com\/billpostersaffiches\" \/>\n<meta property=\"article:modified_time\" content=\"2024-04-11T10:49:45+00:00\" \/>\n<meta name=\"twitter:card\" content=\"summary_large_image\" \/>\n<meta name=\"twitter:label1\" content=\"Est. reading time\" \/>\n\t<meta name=\"twitter:data1\" content=\"1 minute\" \/>\n<script type=\"application\/ld+json\" class=\"yoast-schema-graph\">{\"@context\":\"https:\/\/schema.org\",\"@graph\":[{\"@type\":\"WebPage\",\"@id\":\"https:\/\/www.billposters.fr\/en\/about-billposters\/\",\"url\":\"https:\/\/www.billposters.fr\/en\/about-billposters\/\",\"name\":\"About Billposters | Bill Posters\",\"isPartOf\":{\"@id\":\"https:\/\/www.billposters.fr\/en\/#website\"},\"datePublished\":\"2020-10-07T12:25:50+00:00\",\"dateModified\":\"2024-04-11T10:49:45+00:00\",\"breadcrumb\":{\"@id\":\"https:\/\/www.billposters.fr\/en\/about-billposters\/#breadcrumb\"},\"inLanguage\":\"en-US\",\"potentialAction\":[{\"@type\":\"ReadAction\",\"target\":[\"https:\/\/www.billposters.fr\/en\/about-billposters\/\"]}]},{\"@type\":\"BreadcrumbList\",\"@id\":\"https:\/\/www.billposters.fr\/en\/about-billposters\/#breadcrumb\",\"itemListElement\":[{\"@type\":\"ListItem\",\"position\":1,\"name\":\"Accueil\",\"item\":\"https:\/\/www.billposters.fr\/en\/home-2022\/\"},{\"@type\":\"ListItem\",\"position\":2,\"name\":\"About Billposters\"}]},{\"@type\":\"WebSite\",\"@id\":\"https:\/\/www.billposters.fr\/en\/#website\",\"url\":\"https:\/\/www.billposters.fr\/en\/\",\"name\":\"Bill Posters\",\"description\":\"Reproduction et vente de posters de tr\u00e8s haute qualit\u00e9 r\u00e9alis\u00e9es par les grands ma\u00eetres de l&#039;affiche.\",\"publisher\":{\"@id\":\"https:\/\/www.billposters.fr\/en\/#organization\"},\"potentialAction\":[{\"@type\":\"SearchAction\",\"target\":{\"@type\":\"EntryPoint\",\"urlTemplate\":\"https:\/\/www.billposters.fr\/en\/?s={search_term_string}\"},\"query-input\":{\"@type\":\"PropertyValueSpecification\",\"valueRequired\":true,\"valueName\":\"search_term_string\"}}],\"inLanguage\":\"en-US\"},{\"@type\":\"Organization\",\"@id\":\"https:\/\/www.billposters.fr\/en\/#organization\",\"name\":\"Billposters\",\"url\":\"https:\/\/www.billposters.fr\/en\/\",\"logo\":{\"@type\":\"ImageObject\",\"inLanguage\":\"en-US\",\"@id\":\"https:\/\/www.billposters.fr\/en\/#\/schema\/logo\/image\/\",\"url\":\"https:\/\/www.billposters.fr\/wp-content\/uploads\/2020\/08\/Bill-Posters-logo.png\",\"contentUrl\":\"https:\/\/www.billposters.fr\/wp-content\/uploads\/2020\/08\/Bill-Posters-logo.png\",\"width\":300,\"height\":76,\"caption\":\"Billposters\"},\"image\":{\"@id\":\"https:\/\/www.billposters.fr\/en\/#\/schema\/logo\/image\/\"},\"sameAs\":[\"https:\/\/www.facebook.com\/billpostersaffiches\"]}]}<\/script>\n<!-- \/ Yoast SEO plugin. -->","yoast_head_json":{"title":"About Billposters | Bill Posters","robots":{"index":"index","follow":"follow","max-snippet":"max-snippet:-1","max-image-preview":"max-image-preview:large","max-video-preview":"max-video-preview:-1"},"canonical":"https:\/\/www.billposters.fr\/en\/about-billposters\/","og_locale":"en_US","og_type":"article","og_title":"About Billposters | Bill Posters","og_description":"About Billposters The Billposters.fr website is published by the company \u00c9ditions Langlaude managed by Jean-Luc Langlaude Legal Billposters.fr, \u00c9ditions Langlaude,SARL with a capital of \u20ac151,840 whose registered office is located at 53, passage Jouffroy, 75009 Paris Commercial register: 487 737 132 00042VAT number: FR 67487737132Telephone : +33 (0)6-80-73-50-60Email: editionslanglaude60@orange.fr Secure paymentPaypal, Visa et Mastercard &nbsp;","og_url":"https:\/\/www.billposters.fr\/en\/about-billposters\/","og_site_name":"Bill Posters","article_publisher":"https:\/\/www.facebook.com\/billpostersaffiches","article_modified_time":"2024-04-11T10:49:45+00:00","twitter_card":"summary_large_image","twitter_misc":{"Est. reading time":"1 minute"},"schema":{"@context":"https:\/\/schema.org","@graph":[{"@type":"WebPage","@id":"https:\/\/www.billposters.fr\/en\/about-billposters\/","url":"https:\/\/www.billposters.fr\/en\/about-billposters\/","name":"About Billposters | Bill Posters","isPartOf":{"@id":"https:\/\/www.billposters.fr\/en\/#website"},"datePublished":"2020-10-07T12:25:50+00:00","dateModified":"2024-04-11T10:49:45+00:00","breadcrumb":{"@id":"https:\/\/www.billposters.fr\/en\/about-billposters\/#breadcrumb"},"inLanguage":"en-US","potentialAction":[{"@type":"ReadAction","target":["https:\/\/www.billposters.fr\/en\/about-billposters\/"]}]},{"@type":"BreadcrumbList","@id":"https:\/\/www.billposters.fr\/en\/about-billposters\/#breadcrumb","itemListElement":[{"@type":"ListItem","position":1,"name":"Accueil","item":"https:\/\/www.billposters.fr\/en\/home-2022\/"},{"@type":"ListItem","position":2,"name":"About Billposters"}]},{"@type":"WebSite","@id":"https:\/\/www.billposters.fr\/en\/#website","url":"https:\/\/www.billposters.fr\/en\/","name":"Bill Posters","description":"Reproduction et vente de posters de tr\u00e8s haute qualit\u00e9 r\u00e9alis\u00e9es par les grands ma\u00eetres de l&#039;affiche.","publisher":{"@id":"https:\/\/www.billposters.fr\/en\/#organization"},"potentialAction":[{"@type":"SearchAction","target":{"@type":"EntryPoint","urlTemplate":"https:\/\/www.billposters.fr\/en\/?s={search_term_string}"},"query-input":{"@type":"PropertyValueSpecification","valueRequired":true,"valueName":"search_term_string"}}],"inLanguage":"en-US"},{"@type":"Organization","@id":"https:\/\/www.billposters.fr\/en\/#organization","name":"Billposters","url":"https:\/\/www.billposters.fr\/en\/","logo":{"@type":"ImageObject","inLanguage":"en-US","@id":"https:\/\/www.billposters.fr\/en\/#\/schema\/logo\/image\/","url":"https:\/\/www.billposters.fr\/wp-content\/uploads\/2020\/08\/Bill-Posters-logo.png","contentUrl":"https:\/\/www.billposters.fr\/wp-content\/uploads\/2020\/08\/Bill-Posters-logo.png","width":300,"height":76,"caption":"Billposters"},"image":{"@id":"https:\/\/www.billposters.fr\/en\/#\/schema\/logo\/image\/"},"sameAs":["https:\/\/www.facebook.com\/billpostersaffiches"]}]}},"_links":{"self":[{"href":"https:\/\/www.billposters.fr\/en\/wp-json\/wp\/v2\/pages\/3806","targetHints":{"allow":["GET"]}}],"collection":[{"href":"https:\/\/www.billposters.fr\/en\/wp-json\/wp\/v2\/pages"}],"about":[{"href":"https:\/\/www.billposters.fr\/en\/wp-json\/wp\/v2\/types\/page"}],"author":[{"embeddable":true,"href":"https:\/\/www.billposters.fr\/en\/wp-json\/wp\/v2\/users\/1"}],"replies":[{"embeddable":true,"href":"https:\/\/www.billposters.fr\/en\/wp-json\/wp\/v2\/comments?post=3806"}],"version-history":[{"count":17,"href":"https:\/\/www.billposters.fr\/en\/wp-json\/wp\/v2\/pages\/3806\/revisions"}],"predecessor-version":[{"id":10842,"href":"https:\/\/www.billposters.fr\/en\/wp-json\/wp\/v2\/pages\/3806\/revisions\/10842"}],"wp:attachment":[{"href":"https:\/\/www.billposters.fr\/en\/wp-json\/wp\/v2\/media?parent=3806"}],"curies":[{"name":"wp","href":"https:\/\/api.w.org\/{rel}","templated":true}]}}