{"id":8971,"date":"2022-11-14T09:25:54","date_gmt":"2022-11-14T08:25:54","guid":{"rendered":"https:\/\/www.billposters.fr\/home-2022\/"},"modified":"2025-07-10T15:02:48","modified_gmt":"2025-07-10T13:02:48","slug":"home-2022","status":"publish","type":"page","link":"https:\/\/www.billposters.fr\/en\/","title":{"rendered":"Home 2022"},"content":{"rendered":"<p>[et_pb_section fb_built=&#8221;1&#8243; _builder_version=&#8221;4.18.0&#8243; background_color=&#8221;#e8e7e9&#8243; background_enable_image=&#8221;off&#8221; parallax=&#8221;on&#8221; module_alignment=&#8221;center&#8221; custom_margin=&#8221;-155px||50px||false|false&#8221; custom_padding=&#8221;0px||||false|false&#8221; top_divider_color=&#8221;#5d0a00&#8243; top_divider_arrangement=&#8221;above_content&#8221; border_color_bottom=&#8221;#e02b20&#8243; global_colors_info=&#8221;{}&#8221;][et_pb_row _builder_version=&#8221;4.18.0&#8243; background_color=&#8221;#e8e7e9&#8243; custom_margin=&#8221;0px||||false|false&#8221; custom_padding=&#8221;0px||||false|false&#8221; global_colors_info=&#8221;{}&#8221;][et_pb_column type=&#8221;4_4&#8243; _builder_version=&#8221;4.18.0&#8243; global_colors_info=&#8221;{}&#8221;][et_pb_image src=&#8221;https:\/\/www.billposters.fr\/wp-content\/uploads\/2020\/08\/presentation-affiches-accueil-1.jpg&#8221; alt=&#8221;Introducing some Bill Posters posters&#8221; title_text=&#8221;introducing-posters-accueil&#8221; url=&#8221;https:\/\/www.billposters.fr\/en\/posters-2022-en\/&#8221; force_fullwidth=&#8221;on&#8221; _builder_version=&#8221;4.27.0&#8243; global_colors_info=&#8221;{}&#8221;][\/et_pb_image][\/et_pb_column][\/et_pb_row][\/et_pb_section][et_pb_section fb_built=&#8221;1&#8243; _builder_version=&#8221;4.18.0&#8243; _module_preset=&#8221;default&#8221; custom_margin=&#8221;||50px||false|false&#8221; custom_padding=&#8221;||||false|false&#8221; global_colors_info=&#8221;{}&#8221;][et_pb_row _builder_version=&#8221;4.18.0&#8243; _module_preset=&#8221;default&#8221; width=&#8221;100%&#8221; min_height=&#8221;265px&#8221; custom_margin=&#8221;||||false|false&#8221; custom_margin_tablet=&#8221;&#8221; custom_margin_phone=&#8221;&#8221; custom_margin_last_edited=&#8221;on|tablet&#8221; custom_padding=&#8221;||||false|false&#8221; global_colors_info=&#8221;{}&#8221;][et_pb_column type=&#8221;4_4&#8243; _builder_version=&#8221;4.16&#8243; _module_preset=&#8221;default&#8221; global_colors_info=&#8221;{}&#8221;][et_pb_text _builder_version=&#8221;4.24.3&#8243; _module_preset=&#8221;default&#8221; text_text_color=&#8221;#c20012&#8243; text_font_size=&#8221;22px&#8221; text_line_height=&#8221;1.5em&#8221; header_text_color=&#8221;#c20012&#8243; header_2_text_color=&#8221;#c20012&#8243; header_2_font_size=&#8221;34px&#8221; header_3_text_color=&#8221;#c20012&#8243; header_3_line_height=&#8221;1.1em&#8221; text_orientation=&#8221;center&#8221; custom_margin_tablet=&#8221;|20px||20px|false|false&#8221; custom_margin_phone=&#8221;&#8221; custom_margin_last_edited=&#8221;on|desktop&#8221; header_2_font_size_tablet=&#8221;24px&#8221; header_2_font_size_phone=&#8221;&#8221; header_2_font_size_last_edited=&#8221;on|desktop&#8221; global_colors_info=&#8221;{}&#8221;]<\/p>\n<h2 style=\"text-align: center;\">Very high quality reproduction of old posters<\/h2>\n<p><span style=\"color: #000000;\">All our fine art prints are printed in our workshop on handcrafted papers,<br \/>100% cotton and cellulose that do not contain lignin, brightener and acid.<\/span><br \/><span style=\"color: #000000;\">Our prints meet the highest standards in museum conservation.<\/span><\/p>\n<p>[\/et_pb_text][et_pb_image src=&#8221;https:\/\/www.billposters.fr\/wp-content\/uploads\/2020\/08\/illustration-presse-imprimerie.png&#8221; alt=&#8221;Illustration of a printing press&#8221; title_text=&#8221;Illustration-printing-press&#8221; align=&#8221;center&#8221; _builder_version=&#8221;4.18.0&#8243; _module_preset=&#8221;default&#8221; custom_margin_tablet=&#8221;&#8221; custom_margin_phone=&#8221;&#8221; custom_margin_last_edited=&#8221;on|phone&#8221; custom_padding=&#8221;||||false|false&#8221; global_colors_info=&#8221;{}&#8221;][\/et_pb_image][\/et_pb_column][\/et_pb_row][et_pb_row custom_padding_last_edited=&#8221;on|tablet&#8221; _builder_version=&#8221;4.18.0&#8243; _module_preset=&#8221;default&#8221; background_color=&#8221;RGBA(255,255,255,0)&#8221; width=&#8221;100%&#8221; custom_margin=&#8221;40px||||false|false&#8221; custom_padding=&#8221;||||false|false&#8221; custom_padding_tablet=&#8221;0px||0px||false|false&#8221; custom_padding_phone=&#8221;&#8221; global_colors_info=&#8221;{}&#8221;][et_pb_column type=&#8221;4_4&#8243; _builder_version=&#8221;4.18.0&#8243; _module_preset=&#8221;default&#8221; global_colors_info=&#8221;{}&#8221;][et_pb_text ul_type=&#8221;square&#8221; _builder_version=&#8221;4.27.4&#8243; _module_preset=&#8221;default&#8221; text_text_color=&#8221;#000000&#8243; header_text_color=&#8221;#c20012&#8243; header_2_text_color=&#8221;#c20012&#8243; header_2_font_size=&#8221;34px&#8221; header_3_text_color=&#8221;#c20012&#8243; header_3_line_height=&#8221;1.1em&#8221; header_4_text_color=&#8221;#c20012&#8243; custom_margin_tablet=&#8221;|20px||20px|false|false&#8221; custom_margin_phone=&#8221;&#8221; custom_margin_last_edited=&#8221;on|desktop&#8221; custom_padding=&#8221;|||10%|false|false&#8221; hover_enabled=&#8221;0&#8243; header_2_font_size_tablet=&#8221;24px&#8221; header_2_font_size_phone=&#8221;&#8221; header_2_font_size_last_edited=&#8221;on|desktop&#8221; global_colors_info=&#8221;{}&#8221; sticky_enabled=&#8221;0&#8243;]<\/p>\n<h4 style=\"text-align: center;\"><\/h4>\n<ul>\n<li><span style=\"color: #000000;\"><strong>Advertising posters<\/strong> \u2013 Perrier, Campari, Suze, Ricard, Cognac, Champagne, Mountain, Tourism, Railways, PLM&#8230;<\/span><\/li>\n<li><span style=\"color: #000000;\"><strong>Art Nouveau, Art Deco Posters \u2013 <\/strong>Alphonse Mucha, Maurice Pillard-Verneuil, Henri Privat-Livemont, Leonetto Cappiello, Cassandre, Roger Broders&#8230;<strong><br \/><\/strong><\/span><\/li>\n<li><span style=\"color: #000000;\"><strong>Japanese prints<\/strong> \u2013 Kawase Hasui, Ohara Koson, Hokusai&#8230;<\/span><\/li>\n<li><span style=\"color: #000000;\"><strong>Fashion illustrations<\/strong> \u2013 Ren\u00e9 Gruau, Paul Colin, George Barbier, Georges Lepape, Charles Martin, Gerda Wegener&#8230;<br \/><\/span><\/li>\n<li><span style=\"color: #000000;\"><strong>Drawings, engravings and lithographs<\/strong> \u2013 Henri Matisse, Egon Schiele, Henri Rivi\u00e8re, Henri Edmond-Cross, Malevich, Benjamin Rabier&#8230;<br \/><\/span><\/li>\n<li><span style=\"color: #000000;\"><strong>Limited Editions<\/strong> \u2013 Original artworks by Olivier Fertel<\/span><\/li>\n<\/ul>\n<p>[\/et_pb_text][\/et_pb_column][\/et_pb_row][\/et_pb_section]<\/p>\n","protected":false},"excerpt":{"rendered":"<p>Very high quality reproduction of old posters All our fine art prints are printed in our workshop on handcrafted papers,100% cotton and cellulose that do not contain lignin, brightener and acid.Our prints meet the highest standards in museum conservation. Advertising posters \u2013 Perrier, Campari, Suze, Ricard, Cognac, Champagne, Mountain, Tourism, Railways, PLM&#8230; Art Nouveau, Art [&hellip;]<\/p>\n","protected":false},"author":1,"featured_media":0,"parent":0,"menu_order":0,"comment_status":"closed","ping_status":"closed","template":"","meta":{"_et_pb_use_builder":"on","_et_pb_old_content":"","_et_gb_content_width":"","footnotes":""},"class_list":["post-8971","page","type-page","status-publish","hentry"],"yoast_head":"<!-- This site is optimized with the Yoast SEO plugin v27.2 - https:\/\/yoast.com\/product\/yoast-seo-wordpress\/ -->\n<title>Bill Posters | Vintage posters, posters, prints, art illustrations<\/title>\n<meta name=\"description\" content=\"Very high quality art prints, limited editions on beautiful papers, posters, posters, renowned artists, Cassandre, Villemot, Broders\" \/>\n<meta name=\"robots\" content=\"index, follow, max-snippet:-1, max-image-preview:large, max-video-preview:-1\" \/>\n<link rel=\"canonical\" href=\"https:\/\/www.billposters.fr\/en\/\" \/>\n<meta property=\"og:locale\" content=\"en_US\" \/>\n<meta property=\"og:type\" content=\"article\" \/>\n<meta property=\"og:title\" content=\"Bill Posters | Vintage posters, posters, prints, art illustrations\" \/>\n<meta property=\"og:description\" content=\"Very high quality art prints, limited editions on beautiful papers, posters, posters, renowned artists, Cassandre, Villemot, Broders\" \/>\n<meta property=\"og:url\" content=\"https:\/\/www.billposters.fr\/en\/\" \/>\n<meta property=\"og:site_name\" content=\"Bill Posters\" \/>\n<meta property=\"article:publisher\" content=\"https:\/\/www.facebook.com\/billpostersaffiches\" \/>\n<meta property=\"article:modified_time\" content=\"2025-07-10T13:02:48+00:00\" \/>\n<meta name=\"twitter:card\" content=\"summary_large_image\" \/>\n<meta name=\"twitter:label1\" content=\"Est. reading time\" \/>\n\t<meta name=\"twitter:data1\" content=\"3 minutes\" \/>\n<script type=\"application\/ld+json\" class=\"yoast-schema-graph\">{\"@context\":\"https:\/\/schema.org\",\"@graph\":[{\"@type\":\"WebPage\",\"@id\":\"https:\/\/www.billposters.fr\/en\/\",\"url\":\"https:\/\/www.billposters.fr\/en\/\",\"name\":\"Bill Posters | Vintage posters, posters, prints, art illustrations\",\"isPartOf\":{\"@id\":\"https:\/\/www.billposters.fr\/en\/#website\"},\"datePublished\":\"2022-11-14T08:25:54+00:00\",\"dateModified\":\"2025-07-10T13:02:48+00:00\",\"description\":\"Very high quality art prints, limited editions on beautiful papers, posters, posters, renowned artists, Cassandre, Villemot, Broders\",\"breadcrumb\":{\"@id\":\"https:\/\/www.billposters.fr\/en\/#breadcrumb\"},\"inLanguage\":\"en-US\",\"potentialAction\":[{\"@type\":\"ReadAction\",\"target\":[\"https:\/\/www.billposters.fr\/en\/\"]}]},{\"@type\":\"BreadcrumbList\",\"@id\":\"https:\/\/www.billposters.fr\/en\/#breadcrumb\",\"itemListElement\":[{\"@type\":\"ListItem\",\"position\":1,\"name\":\"Accueil\",\"item\":\"https:\/\/www.billposters.fr\/en\/home-2022\/\"},{\"@type\":\"ListItem\",\"position\":2,\"name\":\"Home 2022\"}]},{\"@type\":\"WebSite\",\"@id\":\"https:\/\/www.billposters.fr\/en\/#website\",\"url\":\"https:\/\/www.billposters.fr\/en\/\",\"name\":\"Bill Posters\",\"description\":\"Reproduction et vente de posters de tr\u00e8s haute qualit\u00e9 r\u00e9alis\u00e9es par les grands ma\u00eetres de l&#039;affiche.\",\"publisher\":{\"@id\":\"https:\/\/www.billposters.fr\/en\/#organization\"},\"potentialAction\":[{\"@type\":\"SearchAction\",\"target\":{\"@type\":\"EntryPoint\",\"urlTemplate\":\"https:\/\/www.billposters.fr\/en\/?s={search_term_string}\"},\"query-input\":{\"@type\":\"PropertyValueSpecification\",\"valueRequired\":true,\"valueName\":\"search_term_string\"}}],\"inLanguage\":\"en-US\"},{\"@type\":\"Organization\",\"@id\":\"https:\/\/www.billposters.fr\/en\/#organization\",\"name\":\"Billposters\",\"url\":\"https:\/\/www.billposters.fr\/en\/\",\"logo\":{\"@type\":\"ImageObject\",\"inLanguage\":\"en-US\",\"@id\":\"https:\/\/www.billposters.fr\/en\/#\/schema\/logo\/image\/\",\"url\":\"https:\/\/www.billposters.fr\/wp-content\/uploads\/2020\/08\/Bill-Posters-logo.png\",\"contentUrl\":\"https:\/\/www.billposters.fr\/wp-content\/uploads\/2020\/08\/Bill-Posters-logo.png\",\"width\":300,\"height\":76,\"caption\":\"Billposters\"},\"image\":{\"@id\":\"https:\/\/www.billposters.fr\/en\/#\/schema\/logo\/image\/\"},\"sameAs\":[\"https:\/\/www.facebook.com\/billpostersaffiches\"]}]}<\/script>\n<!-- \/ Yoast SEO plugin. -->","yoast_head_json":{"title":"Bill Posters | Vintage posters, posters, prints, art illustrations","description":"Very high quality art prints, limited editions on beautiful papers, posters, posters, renowned artists, Cassandre, Villemot, Broders","robots":{"index":"index","follow":"follow","max-snippet":"max-snippet:-1","max-image-preview":"max-image-preview:large","max-video-preview":"max-video-preview:-1"},"canonical":"https:\/\/www.billposters.fr\/en\/","og_locale":"en_US","og_type":"article","og_title":"Bill Posters | Vintage posters, posters, prints, art illustrations","og_description":"Very high quality art prints, limited editions on beautiful papers, posters, posters, renowned artists, Cassandre, Villemot, Broders","og_url":"https:\/\/www.billposters.fr\/en\/","og_site_name":"Bill Posters","article_publisher":"https:\/\/www.facebook.com\/billpostersaffiches","article_modified_time":"2025-07-10T13:02:48+00:00","twitter_card":"summary_large_image","twitter_misc":{"Est. reading time":"3 minutes"},"schema":{"@context":"https:\/\/schema.org","@graph":[{"@type":"WebPage","@id":"https:\/\/www.billposters.fr\/en\/","url":"https:\/\/www.billposters.fr\/en\/","name":"Bill Posters | Vintage posters, posters, prints, art illustrations","isPartOf":{"@id":"https:\/\/www.billposters.fr\/en\/#website"},"datePublished":"2022-11-14T08:25:54+00:00","dateModified":"2025-07-10T13:02:48+00:00","description":"Very high quality art prints, limited editions on beautiful papers, posters, posters, renowned artists, Cassandre, Villemot, Broders","breadcrumb":{"@id":"https:\/\/www.billposters.fr\/en\/#breadcrumb"},"inLanguage":"en-US","potentialAction":[{"@type":"ReadAction","target":["https:\/\/www.billposters.fr\/en\/"]}]},{"@type":"BreadcrumbList","@id":"https:\/\/www.billposters.fr\/en\/#breadcrumb","itemListElement":[{"@type":"ListItem","position":1,"name":"Accueil","item":"https:\/\/www.billposters.fr\/en\/home-2022\/"},{"@type":"ListItem","position":2,"name":"Home 2022"}]},{"@type":"WebSite","@id":"https:\/\/www.billposters.fr\/en\/#website","url":"https:\/\/www.billposters.fr\/en\/","name":"Bill Posters","description":"Reproduction et vente de posters de tr\u00e8s haute qualit\u00e9 r\u00e9alis\u00e9es par les grands ma\u00eetres de l&#039;affiche.","publisher":{"@id":"https:\/\/www.billposters.fr\/en\/#organization"},"potentialAction":[{"@type":"SearchAction","target":{"@type":"EntryPoint","urlTemplate":"https:\/\/www.billposters.fr\/en\/?s={search_term_string}"},"query-input":{"@type":"PropertyValueSpecification","valueRequired":true,"valueName":"search_term_string"}}],"inLanguage":"en-US"},{"@type":"Organization","@id":"https:\/\/www.billposters.fr\/en\/#organization","name":"Billposters","url":"https:\/\/www.billposters.fr\/en\/","logo":{"@type":"ImageObject","inLanguage":"en-US","@id":"https:\/\/www.billposters.fr\/en\/#\/schema\/logo\/image\/","url":"https:\/\/www.billposters.fr\/wp-content\/uploads\/2020\/08\/Bill-Posters-logo.png","contentUrl":"https:\/\/www.billposters.fr\/wp-content\/uploads\/2020\/08\/Bill-Posters-logo.png","width":300,"height":76,"caption":"Billposters"},"image":{"@id":"https:\/\/www.billposters.fr\/en\/#\/schema\/logo\/image\/"},"sameAs":["https:\/\/www.facebook.com\/billpostersaffiches"]}]}},"_links":{"self":[{"href":"https:\/\/www.billposters.fr\/en\/wp-json\/wp\/v2\/pages\/8971","targetHints":{"allow":["GET"]}}],"collection":[{"href":"https:\/\/www.billposters.fr\/en\/wp-json\/wp\/v2\/pages"}],"about":[{"href":"https:\/\/www.billposters.fr\/en\/wp-json\/wp\/v2\/types\/page"}],"author":[{"embeddable":true,"href":"https:\/\/www.billposters.fr\/en\/wp-json\/wp\/v2\/users\/1"}],"replies":[{"embeddable":true,"href":"https:\/\/www.billposters.fr\/en\/wp-json\/wp\/v2\/comments?post=8971"}],"version-history":[{"count":20,"href":"https:\/\/www.billposters.fr\/en\/wp-json\/wp\/v2\/pages\/8971\/revisions"}],"predecessor-version":[{"id":13030,"href":"https:\/\/www.billposters.fr\/en\/wp-json\/wp\/v2\/pages\/8971\/revisions\/13030"}],"wp:attachment":[{"href":"https:\/\/www.billposters.fr\/en\/wp-json\/wp\/v2\/media?parent=8971"}],"curies":[{"name":"wp","href":"https:\/\/api.w.org\/{rel}","templated":true}]}}