{"id":9025,"date":"2022-11-14T12:23:13","date_gmt":"2022-11-14T11:23:13","guid":{"rendered":"https:\/\/www.billposters.fr\/fashion-illustrations-show\/"},"modified":"2025-08-17T18:23:27","modified_gmt":"2025-08-17T16:23:27","slug":"fashion-illustrations-show","status":"publish","type":"page","link":"https:\/\/www.billposters.fr\/en\/fashion-illustrations-show\/","title":{"rendered":"Fashion Illustrations, Show"},"content":{"rendered":"<p>[et_pb_section fb_built=&#8221;1&#8243; _builder_version=&#8221;4.19.0&#8243; _module_preset=&#8221;default&#8221; custom_margin=&#8221;30px||||false|false&#8221; global_colors_info=&#8221;{}&#8221;][et_pb_row _builder_version=&#8221;4.19.0&#8243; _module_preset=&#8221;default&#8221; global_colors_info=&#8221;{}&#8221;][et_pb_column type=&#8221;4_4&#8243; _builder_version=&#8221;4.19.0&#8243; _module_preset=&#8221;default&#8221; global_colors_info=&#8221;{}&#8221;][et_pb_text _builder_version=&#8221;4.19.0&#8243; _module_preset=&#8221;default&#8221; header_text_align=&#8221;center&#8221; header_text_color=&#8221;#c20012&#8243; border_width_bottom=&#8221;1px&#8221; border_color_bottom=&#8221;#c2c2c2&#8243; global_colors_info=&#8221;{}&#8221;]<\/p>\n<h1>Illustrations<br \/>Fashion &amp; Show<\/h1>\n<p>[\/et_pb_text][\/et_pb_column][\/et_pb_row][\/et_pb_section][et_pb_section fb_built=&#8221;1&#8243; _builder_version=&#8221;4.19.0&#8243; _module_preset=&#8221;default&#8221; background_color=&#8221;#f6f6f6&#8243; custom_margin=&#8221;||||false|false&#8221; custom_padding=&#8221;100px||||false|false&#8221; global_colors_info=&#8221;{}&#8221;][et_pb_row _builder_version=&#8221;4.19.0&#8243; _module_preset=&#8221;default&#8221; global_colors_info=&#8221;{}&#8221;][et_pb_column type=&#8221;4_4&#8243; _builder_version=&#8221;4.19.0&#8243; _module_preset=&#8221;default&#8221; global_colors_info=&#8221;{}&#8221;][et_pb_shop type=&#8221;product_category&#8221; posts_number=&#8221;200&#8243; include_categories=&#8221;494&#8243; columns_number=&#8221;3&#8243; icon_hover_color=&#8221;#c20012&#8243; hover_overlay_color=&#8221;rgba(255,255,255,0.49)&#8221; show_rating=&#8221;off&#8221; show_sale_badge=&#8221;off&#8221; _builder_version=&#8221;4.27.4&#8243; _module_preset=&#8221;default&#8221; price_text_color=&#8221;#c20012&#8243; global_colors_info=&#8221;{}&#8221;][\/et_pb_shop][et_pb_shop type=&#8221;product_category&#8221; posts_number=&#8221;200&#8243; include_categories=&#8221;499&#8243; columns_number=&#8221;3&#8243; icon_hover_color=&#8221;#c20012&#8243; hover_overlay_color=&#8221;rgba(255,255,255,0.49)&#8221; show_rating=&#8221;off&#8221; show_sale_badge=&#8221;off&#8221; _builder_version=&#8221;4.27.4&#8243; _module_preset=&#8221;default&#8221; price_text_color=&#8221;#c20012&#8243; hover_enabled=&#8221;0&#8243; global_colors_info=&#8221;{}&#8221; sticky_enabled=&#8221;0&#8243;][\/et_pb_shop][et_pb_shop type=&#8221;product_category&#8221; posts_number=&#8221;200&#8243; include_categories=&#8221;497&#8243; columns_number=&#8221;3&#8243; icon_hover_color=&#8221;#c20012&#8243; hover_overlay_color=&#8221;rgba(255,255,255,0.49)&#8221; show_rating=&#8221;off&#8221; show_sale_badge=&#8221;off&#8221; _builder_version=&#8221;4.27.4&#8243; _module_preset=&#8221;default&#8221; price_text_color=&#8221;#c20012&#8243; global_colors_info=&#8221;{}&#8221;][\/et_pb_shop][et_pb_shop type=&#8221;product_category&#8221; posts_number=&#8221;200&#8243; include_categories=&#8221;498&#8243; columns_number=&#8221;3&#8243; icon_hover_color=&#8221;#c20012&#8243; hover_overlay_color=&#8221;rgba(255,255,255,0.49)&#8221; show_rating=&#8221;off&#8221; show_sale_badge=&#8221;off&#8221; _builder_version=&#8221;4.27.4&#8243; _module_preset=&#8221;default&#8221; price_text_color=&#8221;#c20012&#8243; global_colors_info=&#8221;{}&#8221;][\/et_pb_shop][et_pb_shop type=&#8221;product_category&#8221; posts_number=&#8221;200&#8243; include_categories=&#8221;496&#8243; columns_number=&#8221;3&#8243; icon_hover_color=&#8221;#c20012&#8243; hover_overlay_color=&#8221;rgba(255,255,255,0.49)&#8221; show_rating=&#8221;off&#8221; show_sale_badge=&#8221;off&#8221; _builder_version=&#8221;4.27.4&#8243; _module_preset=&#8221;default&#8221; price_text_color=&#8221;#c20012&#8243; global_colors_info=&#8221;{}&#8221;][\/et_pb_shop][et_pb_shop type=&#8221;product_category&#8221; posts_number=&#8221;200&#8243; include_categories=&#8221;208&#8243; columns_number=&#8221;3&#8243; icon_hover_color=&#8221;#c20012&#8243; hover_overlay_color=&#8221;rgba(255,255,255,0.49)&#8221; show_rating=&#8221;off&#8221; show_sale_badge=&#8221;off&#8221; _builder_version=&#8221;4.27.4&#8243; _module_preset=&#8221;default&#8221; price_text_color=&#8221;#c20012&#8243; global_colors_info=&#8221;{}&#8221;][\/et_pb_shop][et_pb_shop type=&#8221;product_category&#8221; posts_number=&#8221;200&#8243; include_categories=&#8221;196,211&#8243; columns_number=&#8221;3&#8243; icon_hover_color=&#8221;#c20012&#8243; hover_overlay_color=&#8221;rgba(255,255,255,0.49)&#8221; show_rating=&#8221;off&#8221; show_sale_badge=&#8221;off&#8221; _builder_version=&#8221;4.27.4&#8243; _module_preset=&#8221;default&#8221; price_text_color=&#8221;#c20012&#8243; global_colors_info=&#8221;{}&#8221;][\/et_pb_shop][et_pb_shop type=&#8221;product_category&#8221; posts_number=&#8221;200&#8243; include_categories=&#8221;481&#8243; columns_number=&#8221;3&#8243; icon_hover_color=&#8221;#c20012&#8243; hover_overlay_color=&#8221;rgba(255,255,255,0.49)&#8221; show_rating=&#8221;off&#8221; show_sale_badge=&#8221;off&#8221; _builder_version=&#8221;4.27.4&#8243; _module_preset=&#8221;default&#8221; price_text_color=&#8221;#c20012&#8243; global_colors_info=&#8221;{}&#8221;][\/et_pb_shop][\/et_pb_column][\/et_pb_row][\/et_pb_section]<\/p>\n","protected":false},"excerpt":{"rendered":"<p>IllustrationsFashion &amp; Show<\/p>\n","protected":false},"author":1,"featured_media":0,"parent":0,"menu_order":0,"comment_status":"closed","ping_status":"closed","template":"","meta":{"_et_pb_use_builder":"on","_et_pb_old_content":"","_et_gb_content_width":"","footnotes":""},"class_list":["post-9025","page","type-page","status-publish","hentry"],"yoast_head":"<!-- This site is optimized with the Yoast SEO plugin v27.2 - https:\/\/yoast.com\/product\/yoast-seo-wordpress\/ -->\n<title>Bill Posters | Illustrations, fashion drawings, show drawings<\/title>\n<meta name=\"description\" content=\"Fashion and show drawings made by great artists such as Ren\u00e9 Gruau, Charles Martin, Bernard Blossac, Colin... Quality \/ Price: excellent\" \/>\n<meta name=\"robots\" content=\"index, follow, max-snippet:-1, max-image-preview:large, max-video-preview:-1\" \/>\n<link rel=\"canonical\" href=\"https:\/\/www.billposters.fr\/en\/fashion-illustrations-show\/\" \/>\n<meta property=\"og:locale\" content=\"en_US\" \/>\n<meta property=\"og:type\" content=\"article\" \/>\n<meta property=\"og:title\" content=\"Bill Posters | Illustrations, fashion drawings, show drawings\" \/>\n<meta property=\"og:description\" content=\"Fashion and show drawings made by great artists such as Ren\u00e9 Gruau, Charles Martin, Bernard Blossac, Colin... Quality \/ Price: excellent\" \/>\n<meta property=\"og:url\" content=\"https:\/\/www.billposters.fr\/en\/fashion-illustrations-show\/\" \/>\n<meta property=\"og:site_name\" content=\"Bill Posters\" \/>\n<meta property=\"article:publisher\" content=\"https:\/\/www.facebook.com\/billpostersaffiches\" \/>\n<meta property=\"article:modified_time\" content=\"2025-08-17T16:23:27+00:00\" \/>\n<meta name=\"twitter:card\" content=\"summary_large_image\" \/>\n<meta name=\"twitter:label1\" content=\"Est. reading time\" \/>\n\t<meta name=\"twitter:data1\" content=\"2 minutes\" \/>\n<script type=\"application\/ld+json\" class=\"yoast-schema-graph\">{\"@context\":\"https:\/\/schema.org\",\"@graph\":[{\"@type\":\"WebPage\",\"@id\":\"https:\/\/www.billposters.fr\/en\/fashion-illustrations-show\/\",\"url\":\"https:\/\/www.billposters.fr\/en\/fashion-illustrations-show\/\",\"name\":\"Bill Posters | Illustrations, fashion drawings, show drawings\",\"isPartOf\":{\"@id\":\"https:\/\/www.billposters.fr\/en\/#website\"},\"datePublished\":\"2022-11-14T11:23:13+00:00\",\"dateModified\":\"2025-08-17T16:23:27+00:00\",\"description\":\"Fashion and show drawings made by great artists such as Ren\u00e9 Gruau, Charles Martin, Bernard Blossac, Colin... Quality \/ Price: excellent\",\"breadcrumb\":{\"@id\":\"https:\/\/www.billposters.fr\/en\/fashion-illustrations-show\/#breadcrumb\"},\"inLanguage\":\"en-US\",\"potentialAction\":[{\"@type\":\"ReadAction\",\"target\":[\"https:\/\/www.billposters.fr\/en\/fashion-illustrations-show\/\"]}]},{\"@type\":\"BreadcrumbList\",\"@id\":\"https:\/\/www.billposters.fr\/en\/fashion-illustrations-show\/#breadcrumb\",\"itemListElement\":[{\"@type\":\"ListItem\",\"position\":1,\"name\":\"Accueil\",\"item\":\"https:\/\/www.billposters.fr\/en\/home-2022\/\"},{\"@type\":\"ListItem\",\"position\":2,\"name\":\"Fashion Illustrations, Show\"}]},{\"@type\":\"WebSite\",\"@id\":\"https:\/\/www.billposters.fr\/en\/#website\",\"url\":\"https:\/\/www.billposters.fr\/en\/\",\"name\":\"Bill Posters\",\"description\":\"Reproduction et vente de posters de tr\u00e8s haute qualit\u00e9 r\u00e9alis\u00e9es par les grands ma\u00eetres de l&#039;affiche.\",\"publisher\":{\"@id\":\"https:\/\/www.billposters.fr\/en\/#organization\"},\"potentialAction\":[{\"@type\":\"SearchAction\",\"target\":{\"@type\":\"EntryPoint\",\"urlTemplate\":\"https:\/\/www.billposters.fr\/en\/?s={search_term_string}\"},\"query-input\":{\"@type\":\"PropertyValueSpecification\",\"valueRequired\":true,\"valueName\":\"search_term_string\"}}],\"inLanguage\":\"en-US\"},{\"@type\":\"Organization\",\"@id\":\"https:\/\/www.billposters.fr\/en\/#organization\",\"name\":\"Billposters\",\"url\":\"https:\/\/www.billposters.fr\/en\/\",\"logo\":{\"@type\":\"ImageObject\",\"inLanguage\":\"en-US\",\"@id\":\"https:\/\/www.billposters.fr\/en\/#\/schema\/logo\/image\/\",\"url\":\"https:\/\/www.billposters.fr\/wp-content\/uploads\/2020\/08\/Bill-Posters-logo.png\",\"contentUrl\":\"https:\/\/www.billposters.fr\/wp-content\/uploads\/2020\/08\/Bill-Posters-logo.png\",\"width\":300,\"height\":76,\"caption\":\"Billposters\"},\"image\":{\"@id\":\"https:\/\/www.billposters.fr\/en\/#\/schema\/logo\/image\/\"},\"sameAs\":[\"https:\/\/www.facebook.com\/billpostersaffiches\"]}]}<\/script>\n<!-- \/ Yoast SEO plugin. -->","yoast_head_json":{"title":"Bill Posters | Illustrations, fashion drawings, show drawings","description":"Fashion and show drawings made by great artists such as Ren\u00e9 Gruau, Charles Martin, Bernard Blossac, Colin... Quality \/ Price: excellent","robots":{"index":"index","follow":"follow","max-snippet":"max-snippet:-1","max-image-preview":"max-image-preview:large","max-video-preview":"max-video-preview:-1"},"canonical":"https:\/\/www.billposters.fr\/en\/fashion-illustrations-show\/","og_locale":"en_US","og_type":"article","og_title":"Bill Posters | Illustrations, fashion drawings, show drawings","og_description":"Fashion and show drawings made by great artists such as Ren\u00e9 Gruau, Charles Martin, Bernard Blossac, Colin... Quality \/ Price: excellent","og_url":"https:\/\/www.billposters.fr\/en\/fashion-illustrations-show\/","og_site_name":"Bill Posters","article_publisher":"https:\/\/www.facebook.com\/billpostersaffiches","article_modified_time":"2025-08-17T16:23:27+00:00","twitter_card":"summary_large_image","twitter_misc":{"Est. reading time":"2 minutes"},"schema":{"@context":"https:\/\/schema.org","@graph":[{"@type":"WebPage","@id":"https:\/\/www.billposters.fr\/en\/fashion-illustrations-show\/","url":"https:\/\/www.billposters.fr\/en\/fashion-illustrations-show\/","name":"Bill Posters | Illustrations, fashion drawings, show drawings","isPartOf":{"@id":"https:\/\/www.billposters.fr\/en\/#website"},"datePublished":"2022-11-14T11:23:13+00:00","dateModified":"2025-08-17T16:23:27+00:00","description":"Fashion and show drawings made by great artists such as Ren\u00e9 Gruau, Charles Martin, Bernard Blossac, Colin... Quality \/ Price: excellent","breadcrumb":{"@id":"https:\/\/www.billposters.fr\/en\/fashion-illustrations-show\/#breadcrumb"},"inLanguage":"en-US","potentialAction":[{"@type":"ReadAction","target":["https:\/\/www.billposters.fr\/en\/fashion-illustrations-show\/"]}]},{"@type":"BreadcrumbList","@id":"https:\/\/www.billposters.fr\/en\/fashion-illustrations-show\/#breadcrumb","itemListElement":[{"@type":"ListItem","position":1,"name":"Accueil","item":"https:\/\/www.billposters.fr\/en\/home-2022\/"},{"@type":"ListItem","position":2,"name":"Fashion Illustrations, Show"}]},{"@type":"WebSite","@id":"https:\/\/www.billposters.fr\/en\/#website","url":"https:\/\/www.billposters.fr\/en\/","name":"Bill Posters","description":"Reproduction et vente de posters de tr\u00e8s haute qualit\u00e9 r\u00e9alis\u00e9es par les grands ma\u00eetres de l&#039;affiche.","publisher":{"@id":"https:\/\/www.billposters.fr\/en\/#organization"},"potentialAction":[{"@type":"SearchAction","target":{"@type":"EntryPoint","urlTemplate":"https:\/\/www.billposters.fr\/en\/?s={search_term_string}"},"query-input":{"@type":"PropertyValueSpecification","valueRequired":true,"valueName":"search_term_string"}}],"inLanguage":"en-US"},{"@type":"Organization","@id":"https:\/\/www.billposters.fr\/en\/#organization","name":"Billposters","url":"https:\/\/www.billposters.fr\/en\/","logo":{"@type":"ImageObject","inLanguage":"en-US","@id":"https:\/\/www.billposters.fr\/en\/#\/schema\/logo\/image\/","url":"https:\/\/www.billposters.fr\/wp-content\/uploads\/2020\/08\/Bill-Posters-logo.png","contentUrl":"https:\/\/www.billposters.fr\/wp-content\/uploads\/2020\/08\/Bill-Posters-logo.png","width":300,"height":76,"caption":"Billposters"},"image":{"@id":"https:\/\/www.billposters.fr\/en\/#\/schema\/logo\/image\/"},"sameAs":["https:\/\/www.facebook.com\/billpostersaffiches"]}]}},"_links":{"self":[{"href":"https:\/\/www.billposters.fr\/en\/wp-json\/wp\/v2\/pages\/9025","targetHints":{"allow":["GET"]}}],"collection":[{"href":"https:\/\/www.billposters.fr\/en\/wp-json\/wp\/v2\/pages"}],"about":[{"href":"https:\/\/www.billposters.fr\/en\/wp-json\/wp\/v2\/types\/page"}],"author":[{"embeddable":true,"href":"https:\/\/www.billposters.fr\/en\/wp-json\/wp\/v2\/users\/1"}],"replies":[{"embeddable":true,"href":"https:\/\/www.billposters.fr\/en\/wp-json\/wp\/v2\/comments?post=9025"}],"version-history":[{"count":16,"href":"https:\/\/www.billposters.fr\/en\/wp-json\/wp\/v2\/pages\/9025\/revisions"}],"predecessor-version":[{"id":13468,"href":"https:\/\/www.billposters.fr\/en\/wp-json\/wp\/v2\/pages\/9025\/revisions\/13468"}],"wp:attachment":[{"href":"https:\/\/www.billposters.fr\/en\/wp-json\/wp\/v2\/media?parent=9025"}],"curies":[{"name":"wp","href":"https:\/\/api.w.org\/{rel}","templated":true}]}}