{"id":9037,"date":"2022-11-15T08:06:52","date_gmt":"2022-11-15T07:06:52","guid":{"rendered":"https:\/\/www.billposters.fr\/retailers-en\/"},"modified":"2024-06-18T17:49:22","modified_gmt":"2024-06-18T15:49:22","slug":"retailers-en","status":"publish","type":"page","link":"https:\/\/www.billposters.fr\/en\/retailers-en\/","title":{"rendered":"Retailers (en)"},"content":{"rendered":"<p>[et_pb_section fb_built=&#8221;1&#8243; admin_label=&#8221;section&#8221; _builder_version=&#8221;4.18.0&#8243; custom_margin=&#8221;-155px||||false|false&#8221; global_colors_info=&#8221;{}&#8221;][et_pb_row _builder_version=&#8221;4.18.0&#8243; _module_preset=&#8221;default&#8221; custom_margin=&#8221;||||false|false&#8221; global_colors_info=&#8221;{}&#8221;][et_pb_column type=&#8221;4_4&#8243; _builder_version=&#8221;4.18.0&#8243; _module_preset=&#8221;default&#8221; custom_padding=&#8221;50px||||false|false&#8221; global_colors_info=&#8221;{}&#8221;][et_pb_text _builder_version=&#8221;4.18.0&#8243; _module_preset=&#8221;default&#8221; header_font=&#8221;Abhaya Libre||on||||||&#8221; header_text_align=&#8221;center&#8221; header_text_color=&#8221;#e02b20&#8243; global_colors_info=&#8221;{}&#8221;]<\/p>\n<h1>Retailers<\/h1>\n<p>[\/et_pb_text][\/et_pb_column][\/et_pb_row][et_pb_row admin_label=&#8221;row&#8221; _builder_version=&#8221;4.18.0&#8243; background_size=&#8221;initial&#8221; background_position=&#8221;top_left&#8221; background_repeat=&#8221;repeat&#8221; custom_padding=&#8221;50px||50px||false|false&#8221; global_colors_info=&#8221;{}&#8221;][et_pb_column type=&#8221;4_4&#8243; _builder_version=&#8221;4.16&#8243; custom_padding=&#8221;|||&#8221; global_colors_info=&#8221;{}&#8221; custom_padding__hover=&#8221;|||&#8221;][et_pb_text _builder_version=&#8221;4.19.0&#8243; _module_preset=&#8221;default&#8221; text_line_height=&#8221;1.6em&#8221; header_2_text_align=&#8221;center&#8221; text_orientation=&#8221;center&#8221; global_colors_info=&#8221;{}&#8221;]<\/p>\n<h2>Olivier Renard<\/h2>\n<p>Tel. : +33 (0)6 62 95 11 26<br \/>Mail : <a href=\"mailto:olivier.renard23@orange.fr\" target=\"_blank\" rel=\"noopener\">olivier.renard23@orange.fr<\/a><br \/><strong>Conditions of sale<\/strong><br \/>Minimum order: 175 \u20ac HT<br \/>Minimum order free : 350 \u20ac HT<br \/>Payment: 30 days<br \/>1st cash order<\/p>\n<p>[\/et_pb_text][\/et_pb_column][\/et_pb_row][\/et_pb_section]<\/p>\n","protected":false},"excerpt":{"rendered":"<p>RetailersOlivier Renard Tel. : +33 (0)6 62 95 11 26Mail : olivier.renard23@orange.frConditions of saleMinimum order: 175 \u20ac HTMinimum order free : 350 \u20ac HTPayment: 30 days1st cash order<\/p>\n","protected":false},"author":1,"featured_media":0,"parent":0,"menu_order":0,"comment_status":"closed","ping_status":"closed","template":"","meta":{"_et_pb_use_builder":"on","_et_pb_old_content":"","_et_gb_content_width":"","footnotes":""},"class_list":["post-9037","page","type-page","status-publish","hentry"],"yoast_head":"<!-- This site is optimized with the Yoast SEO plugin v27.2 - https:\/\/yoast.com\/product\/yoast-seo-wordpress\/ -->\n<title>Retailers (en) | Bill Posters<\/title>\n<meta name=\"robots\" content=\"index, follow, max-snippet:-1, max-image-preview:large, max-video-preview:-1\" \/>\n<link rel=\"canonical\" href=\"https:\/\/www.billposters.fr\/en\/retailers-en\/\" \/>\n<meta property=\"og:locale\" content=\"en_US\" \/>\n<meta property=\"og:type\" content=\"article\" \/>\n<meta property=\"og:title\" content=\"Retailers (en) | Bill Posters\" \/>\n<meta property=\"og:description\" content=\"RetailersOlivier Renard Tel. : +33 (0)6 62 95 11 26Mail : olivier.renard23@orange.frConditions of saleMinimum order: 175 \u20ac HTMinimum order free : 350 \u20ac HTPayment: 30 days1st cash order\" \/>\n<meta property=\"og:url\" content=\"https:\/\/www.billposters.fr\/en\/retailers-en\/\" \/>\n<meta property=\"og:site_name\" content=\"Bill Posters\" \/>\n<meta property=\"article:publisher\" content=\"https:\/\/www.facebook.com\/billpostersaffiches\" \/>\n<meta property=\"article:modified_time\" content=\"2024-06-18T15:49:22+00:00\" \/>\n<meta name=\"twitter:card\" content=\"summary_large_image\" \/>\n<meta name=\"twitter:label1\" content=\"Est. reading time\" \/>\n\t<meta name=\"twitter:data1\" content=\"1 minute\" \/>\n<script type=\"application\/ld+json\" class=\"yoast-schema-graph\">{\"@context\":\"https:\/\/schema.org\",\"@graph\":[{\"@type\":\"WebPage\",\"@id\":\"https:\/\/www.billposters.fr\/en\/retailers-en\/\",\"url\":\"https:\/\/www.billposters.fr\/en\/retailers-en\/\",\"name\":\"Retailers (en) | Bill Posters\",\"isPartOf\":{\"@id\":\"https:\/\/www.billposters.fr\/en\/#website\"},\"datePublished\":\"2022-11-15T07:06:52+00:00\",\"dateModified\":\"2024-06-18T15:49:22+00:00\",\"breadcrumb\":{\"@id\":\"https:\/\/www.billposters.fr\/en\/retailers-en\/#breadcrumb\"},\"inLanguage\":\"en-US\",\"potentialAction\":[{\"@type\":\"ReadAction\",\"target\":[\"https:\/\/www.billposters.fr\/en\/retailers-en\/\"]}]},{\"@type\":\"BreadcrumbList\",\"@id\":\"https:\/\/www.billposters.fr\/en\/retailers-en\/#breadcrumb\",\"itemListElement\":[{\"@type\":\"ListItem\",\"position\":1,\"name\":\"Accueil\",\"item\":\"https:\/\/www.billposters.fr\/en\/home-2022\/\"},{\"@type\":\"ListItem\",\"position\":2,\"name\":\"Retailers (en)\"}]},{\"@type\":\"WebSite\",\"@id\":\"https:\/\/www.billposters.fr\/en\/#website\",\"url\":\"https:\/\/www.billposters.fr\/en\/\",\"name\":\"Bill Posters\",\"description\":\"Reproduction et vente de posters de tr\u00e8s haute qualit\u00e9 r\u00e9alis\u00e9es par les grands ma\u00eetres de l&#039;affiche.\",\"publisher\":{\"@id\":\"https:\/\/www.billposters.fr\/en\/#organization\"},\"potentialAction\":[{\"@type\":\"SearchAction\",\"target\":{\"@type\":\"EntryPoint\",\"urlTemplate\":\"https:\/\/www.billposters.fr\/en\/?s={search_term_string}\"},\"query-input\":{\"@type\":\"PropertyValueSpecification\",\"valueRequired\":true,\"valueName\":\"search_term_string\"}}],\"inLanguage\":\"en-US\"},{\"@type\":\"Organization\",\"@id\":\"https:\/\/www.billposters.fr\/en\/#organization\",\"name\":\"Billposters\",\"url\":\"https:\/\/www.billposters.fr\/en\/\",\"logo\":{\"@type\":\"ImageObject\",\"inLanguage\":\"en-US\",\"@id\":\"https:\/\/www.billposters.fr\/en\/#\/schema\/logo\/image\/\",\"url\":\"https:\/\/www.billposters.fr\/wp-content\/uploads\/2020\/08\/Bill-Posters-logo.png\",\"contentUrl\":\"https:\/\/www.billposters.fr\/wp-content\/uploads\/2020\/08\/Bill-Posters-logo.png\",\"width\":300,\"height\":76,\"caption\":\"Billposters\"},\"image\":{\"@id\":\"https:\/\/www.billposters.fr\/en\/#\/schema\/logo\/image\/\"},\"sameAs\":[\"https:\/\/www.facebook.com\/billpostersaffiches\"]}]}<\/script>\n<!-- \/ Yoast SEO plugin. -->","yoast_head_json":{"title":"Retailers (en) | Bill Posters","robots":{"index":"index","follow":"follow","max-snippet":"max-snippet:-1","max-image-preview":"max-image-preview:large","max-video-preview":"max-video-preview:-1"},"canonical":"https:\/\/www.billposters.fr\/en\/retailers-en\/","og_locale":"en_US","og_type":"article","og_title":"Retailers (en) | Bill Posters","og_description":"RetailersOlivier Renard Tel. : +33 (0)6 62 95 11 26Mail : olivier.renard23@orange.frConditions of saleMinimum order: 175 \u20ac HTMinimum order free : 350 \u20ac HTPayment: 30 days1st cash order","og_url":"https:\/\/www.billposters.fr\/en\/retailers-en\/","og_site_name":"Bill Posters","article_publisher":"https:\/\/www.facebook.com\/billpostersaffiches","article_modified_time":"2024-06-18T15:49:22+00:00","twitter_card":"summary_large_image","twitter_misc":{"Est. reading time":"1 minute"},"schema":{"@context":"https:\/\/schema.org","@graph":[{"@type":"WebPage","@id":"https:\/\/www.billposters.fr\/en\/retailers-en\/","url":"https:\/\/www.billposters.fr\/en\/retailers-en\/","name":"Retailers (en) | Bill Posters","isPartOf":{"@id":"https:\/\/www.billposters.fr\/en\/#website"},"datePublished":"2022-11-15T07:06:52+00:00","dateModified":"2024-06-18T15:49:22+00:00","breadcrumb":{"@id":"https:\/\/www.billposters.fr\/en\/retailers-en\/#breadcrumb"},"inLanguage":"en-US","potentialAction":[{"@type":"ReadAction","target":["https:\/\/www.billposters.fr\/en\/retailers-en\/"]}]},{"@type":"BreadcrumbList","@id":"https:\/\/www.billposters.fr\/en\/retailers-en\/#breadcrumb","itemListElement":[{"@type":"ListItem","position":1,"name":"Accueil","item":"https:\/\/www.billposters.fr\/en\/home-2022\/"},{"@type":"ListItem","position":2,"name":"Retailers (en)"}]},{"@type":"WebSite","@id":"https:\/\/www.billposters.fr\/en\/#website","url":"https:\/\/www.billposters.fr\/en\/","name":"Bill Posters","description":"Reproduction et vente de posters de tr\u00e8s haute qualit\u00e9 r\u00e9alis\u00e9es par les grands ma\u00eetres de l&#039;affiche.","publisher":{"@id":"https:\/\/www.billposters.fr\/en\/#organization"},"potentialAction":[{"@type":"SearchAction","target":{"@type":"EntryPoint","urlTemplate":"https:\/\/www.billposters.fr\/en\/?s={search_term_string}"},"query-input":{"@type":"PropertyValueSpecification","valueRequired":true,"valueName":"search_term_string"}}],"inLanguage":"en-US"},{"@type":"Organization","@id":"https:\/\/www.billposters.fr\/en\/#organization","name":"Billposters","url":"https:\/\/www.billposters.fr\/en\/","logo":{"@type":"ImageObject","inLanguage":"en-US","@id":"https:\/\/www.billposters.fr\/en\/#\/schema\/logo\/image\/","url":"https:\/\/www.billposters.fr\/wp-content\/uploads\/2020\/08\/Bill-Posters-logo.png","contentUrl":"https:\/\/www.billposters.fr\/wp-content\/uploads\/2020\/08\/Bill-Posters-logo.png","width":300,"height":76,"caption":"Billposters"},"image":{"@id":"https:\/\/www.billposters.fr\/en\/#\/schema\/logo\/image\/"},"sameAs":["https:\/\/www.facebook.com\/billpostersaffiches"]}]}},"_links":{"self":[{"href":"https:\/\/www.billposters.fr\/en\/wp-json\/wp\/v2\/pages\/9037","targetHints":{"allow":["GET"]}}],"collection":[{"href":"https:\/\/www.billposters.fr\/en\/wp-json\/wp\/v2\/pages"}],"about":[{"href":"https:\/\/www.billposters.fr\/en\/wp-json\/wp\/v2\/types\/page"}],"author":[{"embeddable":true,"href":"https:\/\/www.billposters.fr\/en\/wp-json\/wp\/v2\/users\/1"}],"replies":[{"embeddable":true,"href":"https:\/\/www.billposters.fr\/en\/wp-json\/wp\/v2\/comments?post=9037"}],"version-history":[{"count":6,"href":"https:\/\/www.billposters.fr\/en\/wp-json\/wp\/v2\/pages\/9037\/revisions"}],"predecessor-version":[{"id":11324,"href":"https:\/\/www.billposters.fr\/en\/wp-json\/wp\/v2\/pages\/9037\/revisions\/11324"}],"wp:attachment":[{"href":"https:\/\/www.billposters.fr\/en\/wp-json\/wp\/v2\/media?parent=9037"}],"curies":[{"name":"wp","href":"https:\/\/api.w.org\/{rel}","templated":true}]}}