{"id":12537,"date":"2020-09-08T17:46:45","date_gmt":"2020-09-08T15:46:45","guid":{"rendered":"https:\/\/www.billposters.fr\/?post_type=product&#038;p=12537"},"modified":"2025-07-10T17:25:08","modified_gmt":"2025-07-10T15:25:08","slug":"black-satin-and-tulle-evening-dress-edged-with-brilliants-journal-des-dames-et-des-modes-1913","status":"publish","type":"product","link":"https:\/\/www.billposters.fr\/en\/boutique\/black-satin-and-tulle-evening-dress-edged-with-brilliants-journal-des-dames-et-des-modes-1913\/","title":{"rendered":"Black satin and tulle evening dress, edged with brilliants, Journal des Dames et des Modes, 1913"},"content":{"rendered":"<p>[et_pb_section fb_built=&#8221;1&#8243; _builder_version=&#8221;4.16&#8243; background_color=&#8221;rgba(0,0,0,0)&#8221; background_enable_image=&#8221;off&#8221; width=&#8221;100%&#8221; max_width=&#8221;100%&#8221; custom_margin=&#8221;50px|0px|0px|0px|false|false&#8221; custom_padding=&#8221;0px||||false|false&#8221; global_colors_info=&#8221;{}&#8221;][et_pb_row column_structure=&#8221;3_5,2_5&#8243; _builder_version=&#8221;4.16&#8243; background_size=&#8221;initial&#8221; background_position=&#8221;top_left&#8221; background_repeat=&#8221;repeat&#8221; width=&#8221;100%&#8221; custom_margin=&#8221;0px||||false|false&#8221; custom_padding=&#8221;30px||||false|false&#8221; global_colors_info=&#8221;{}&#8221;][et_pb_column type=&#8221;3_5&#8243; _builder_version=&#8221;4.16&#8243; custom_padding=&#8221;|||&#8221; global_colors_info=&#8221;{}&#8221; custom_padding__hover=&#8221;|||&#8221;][et_pb_wc_images _builder_version=&#8221;4.16&#8243; box_shadow_style=&#8221;preset3&#8243; global_colors_info=&#8221;{}&#8221;][\/et_pb_wc_images][\/et_pb_column][et_pb_column type=&#8221;2_5&#8243; _builder_version=&#8221;4.16&#8243; custom_padding=&#8221;|||&#8221; global_colors_info=&#8221;{}&#8221; custom_padding__hover=&#8221;|||&#8221;][et_pb_wc_title _builder_version=&#8221;4.16&#8243; header_text_color=&#8221;#000000&#8243; header_font_size=&#8221;40px&#8221; global_colors_info=&#8221;{}&#8221;][\/et_pb_wc_title][et_pb_wc_description description_type=&#8221;description&#8221; _builder_version=&#8221;4.16&#8243; body_line_height=&#8221;1.6em&#8221; custom_padding=&#8221;20px||||false|false&#8221; global_colors_info=&#8221;{}&#8221;][\/et_pb_wc_description][et_pb_wc_rating show_reviews_link=&#8221;off&#8221; _builder_version=&#8221;4.16&#8243; rating_text_color=&#8221;#e02b20&#8243; global_colors_info=&#8221;{}&#8221;][\/et_pb_wc_rating][et_pb_wc_price _builder_version=&#8221;4.16&#8243; body_text_color=&#8221;#e02b20&#8243; sale_price_text_color=&#8221;#5d0a00&#8243; global_colors_info=&#8221;{}&#8221;][\/et_pb_wc_price][et_pb_wc_add_to_cart show_stock=&#8221;off&#8221; _builder_version=&#8221;4.16&#8243; fields_background_color=&#8221;#e6e6e6&#8243; fields_text_color=&#8221;#e02b20&#8243; fields_focus_text_color=&#8221;#000000&#8243; dropdown_menus_background_color=&#8221;#e6e6e6&#8243; dropdown_menus_text_color=&#8221;#e02b20&#8243; field_label_text_color=&#8221;#000000&#8243; field_label_font_size=&#8221;23px&#8221; dropdown_menus_font_size=&#8221;16px&#8221; background_color=&#8221;rgba(0,0,0,0)&#8221; custom_button=&#8221;on&#8221; button_text_color=&#8221;#ffffff&#8221; button_bg_color=&#8221;#e02b20&#8243; button_border_width=&#8221;0px&#8221; button_font=&#8221;|800|||||||&#8221; button_use_icon=&#8221;off&#8221; custom_css_buttons=&#8221;opacity:1;&#8221; box_shadow_style_button=&#8221;preset2&#8243; body_text_color=&#8221;#000000&#8243; body_font_size=&#8221;23px&#8221; global_colors_info=&#8221;{}&#8221;][\/et_pb_wc_add_to_cart][\/et_pb_column][\/et_pb_row][\/et_pb_section][et_pb_section fb_built=&#8221;1&#8243; _builder_version=&#8221;4.16&#8243; background_color=&#8221;#f6f6f6&#8243; custom_margin=&#8221;50px||||false|false&#8221; custom_padding=&#8221;50px||0px||false|false&#8221; global_colors_info=&#8221;{}&#8221;][et_pb_row _builder_version=&#8221;4.16&#8243; width=&#8221;100%&#8221; max_width=&#8221;1438px&#8221; custom_margin=&#8221;|auto|0px|auto|false|false&#8221; custom_padding=&#8221;||0px||false|false&#8221; global_colors_info=&#8221;{}&#8221;][et_pb_column type=&#8221;4_4&#8243; _builder_version=&#8221;4.16&#8243; global_colors_info=&#8221;{}&#8221;][et_pb_text _builder_version=&#8221;4.27.4&#8243; _module_preset=&#8221;default&#8221; global_colors_info=&#8221;{}&#8221;]<\/p>\n<p>Journal des Dames et des Modes<\/p>\n<p>[\/et_pb_text][et_pb_shop type=&#8221;product_category&#8221; posts_number=&#8221;100&#8243; include_categories=&#8221;478&#8243; icon_hover_color=&#8221;#e02b20&#8243; hover_overlay_color=&#8221;rgba(255,255,255,0.5)&#8221; _builder_version=&#8221;4.27.4&#8243; _module_preset=&#8221;default&#8221; title_font=&#8221;||||||||&#8221; title_text_color=&#8221;#000000&#8243; title_font_size=&#8221;18px&#8221; price_text_color=&#8221;#e02b20&#8243; price_font_size=&#8221;14px&#8221; sale_price_text_color=&#8221;#e02b20&#8243; sale_price_font_size=&#8221;16px&#8221; custom_css_image=&#8221;box-shadow: 6px 6px 18px 0px rgba(0,0,0,0.3);&#8221; global_colors_info=&#8221;{}&#8221;][\/et_pb_shop][\/et_pb_column][\/et_pb_row][\/et_pb_section]<\/p>\n","protected":false},"excerpt":{"rendered":"<p>Journal des Dames et des Modes<\/p>\n","protected":false},"featured_media":12539,"template":"","meta":{"_et_pb_use_builder":"on","_et_pb_old_content":"This luxurious Art Deco magazine, published from 1912 to 1914, was founded by Tommaso Antongini, secretary to Gabriele d'Annunzio, and by the journalist Jacques Nouvion.\r\nThis publication uses a formula very similar to the <em>Journal des Dames et des Modes<\/em> created by Pierre de La M\u00e9sang\u00e8re in the eighteenth century. The stencilled plates were designed by many artists including George Barbier, L\u00e9on Bakst, Bernard Boutet de Monvel, Roger Broders, Jan van Brock, Umberto Brunelleschi, Etienne Drian, Paul Iribe, Charles Martin and Gerda Wegener.\r\n\r\n<strong>Ready-to-be-framed size 21 x 29.7 cm\r\n<\/strong>","_et_gb_content_width":""},"product_brand":[],"product_cat":[242,478,494],"product_tag":[],"class_list":{"0":"post-12537","1":"product","2":"type-product","3":"status-publish","4":"has-post-thumbnail","6":"product_cat-g-barbier-en","7":"product_cat-journal-des-dames-et-des-modes-en","8":"product_cat-parisian-costumes","10":"first","11":"instock","12":"shipping-taxable","13":"purchasable","14":"product-type-simple"},"yoast_head":"<!-- This site is optimized with the Yoast SEO plugin v27.2 - https:\/\/yoast.com\/product\/yoast-seo-wordpress\/ -->\n<title>Black satin and tulle evening dress, edged with brilliants, Journal des Dames et des Modes, 1913 | Bill Posters<\/title>\n<meta name=\"description\" content=\"Art Deco Fashion Illustration. Luxurious fashion magazine from the 10s. Very nice print on 100% coton high quality paper.\" \/>\n<meta name=\"robots\" content=\"index, follow, max-snippet:-1, max-image-preview:large, max-video-preview:-1\" \/>\n<link rel=\"canonical\" href=\"https:\/\/www.billposters.fr\/en\/boutique\/black-satin-and-tulle-evening-dress-edged-with-brilliants-journal-des-dames-et-des-modes-1913\/\" \/>\n<meta property=\"og:locale\" content=\"en_US\" \/>\n<meta property=\"og:type\" content=\"article\" \/>\n<meta property=\"og:title\" content=\"Black satin and tulle evening dress, edged with brilliants, Journal des Dames et des Modes, 1913 | Bill Posters\" \/>\n<meta property=\"og:description\" content=\"Art Deco Fashion Illustration. Luxurious fashion magazine from the 10s. Very nice print on 100% coton high quality paper.\" \/>\n<meta property=\"og:url\" content=\"https:\/\/www.billposters.fr\/en\/boutique\/black-satin-and-tulle-evening-dress-edged-with-brilliants-journal-des-dames-et-des-modes-1913\/\" \/>\n<meta property=\"og:site_name\" content=\"Bill Posters\" \/>\n<meta property=\"article:publisher\" content=\"https:\/\/www.facebook.com\/billpostersaffiches\" \/>\n<meta property=\"article:modified_time\" content=\"2025-07-10T15:25:08+00:00\" \/>\n<meta property=\"og:image\" content=\"https:\/\/www.billposters.fr\/wp-content\/uploads\/2025\/05\/illustration_Barbier_robe-du-soir-satin-noir.jpg\" \/>\n\t<meta property=\"og:image:width\" content=\"850\" \/>\n\t<meta property=\"og:image:height\" content=\"1201\" \/>\n\t<meta property=\"og:image:type\" content=\"image\/jpeg\" \/>\n<meta name=\"twitter:card\" content=\"summary_large_image\" \/>\n<meta name=\"twitter:label1\" content=\"Est. reading time\" \/>\n\t<meta name=\"twitter:data1\" content=\"2 minutes\" \/>\n<script type=\"application\/ld+json\" class=\"yoast-schema-graph\">{\"@context\":\"https:\/\/schema.org\",\"@graph\":[{\"@type\":\"WebPage\",\"@id\":\"https:\/\/www.billposters.fr\/en\/boutique\/black-satin-and-tulle-evening-dress-edged-with-brilliants-journal-des-dames-et-des-modes-1913\/\",\"url\":\"https:\/\/www.billposters.fr\/en\/boutique\/black-satin-and-tulle-evening-dress-edged-with-brilliants-journal-des-dames-et-des-modes-1913\/\",\"name\":\"Black satin and tulle evening dress, edged with brilliants, Journal des Dames et des Modes, 1913 | Bill Posters\",\"isPartOf\":{\"@id\":\"https:\/\/www.billposters.fr\/en\/#website\"},\"primaryImageOfPage\":{\"@id\":\"https:\/\/www.billposters.fr\/en\/boutique\/black-satin-and-tulle-evening-dress-edged-with-brilliants-journal-des-dames-et-des-modes-1913\/#primaryimage\"},\"image\":{\"@id\":\"https:\/\/www.billposters.fr\/en\/boutique\/black-satin-and-tulle-evening-dress-edged-with-brilliants-journal-des-dames-et-des-modes-1913\/#primaryimage\"},\"thumbnailUrl\":\"https:\/\/www.billposters.fr\/wp-content\/uploads\/2025\/05\/illustration_Barbier_robe-du-soir-satin-noir.jpg\",\"datePublished\":\"2020-09-08T15:46:45+00:00\",\"dateModified\":\"2025-07-10T15:25:08+00:00\",\"description\":\"Art Deco Fashion Illustration. Luxurious fashion magazine from the 10s. Very nice print on 100% coton high quality paper.\",\"breadcrumb\":{\"@id\":\"https:\/\/www.billposters.fr\/en\/boutique\/black-satin-and-tulle-evening-dress-edged-with-brilliants-journal-des-dames-et-des-modes-1913\/#breadcrumb\"},\"inLanguage\":\"en-US\",\"potentialAction\":[{\"@type\":\"ReadAction\",\"target\":[\"https:\/\/www.billposters.fr\/en\/boutique\/black-satin-and-tulle-evening-dress-edged-with-brilliants-journal-des-dames-et-des-modes-1913\/\"]}]},{\"@type\":\"ImageObject\",\"inLanguage\":\"en-US\",\"@id\":\"https:\/\/www.billposters.fr\/en\/boutique\/black-satin-and-tulle-evening-dress-edged-with-brilliants-journal-des-dames-et-des-modes-1913\/#primaryimage\",\"url\":\"https:\/\/www.billposters.fr\/wp-content\/uploads\/2025\/05\/illustration_Barbier_robe-du-soir-satin-noir.jpg\",\"contentUrl\":\"https:\/\/www.billposters.fr\/wp-content\/uploads\/2025\/05\/illustration_Barbier_robe-du-soir-satin-noir.jpg\",\"width\":850,\"height\":1201,\"caption\":\"Illustration Robe du soir satin noir et tulle, bord\u00e9e de brillants Journal des dames et des modes\"},{\"@type\":\"BreadcrumbList\",\"@id\":\"https:\/\/www.billposters.fr\/en\/boutique\/black-satin-and-tulle-evening-dress-edged-with-brilliants-journal-des-dames-et-des-modes-1913\/#breadcrumb\",\"itemListElement\":[{\"@type\":\"ListItem\",\"position\":1,\"name\":\"Accueil\",\"item\":\"https:\/\/www.billposters.fr\/en\/home-2022\/\"},{\"@type\":\"ListItem\",\"position\":2,\"name\":\"Shop\",\"item\":\"https:\/\/www.billposters.fr\/en\/shop\/\"},{\"@type\":\"ListItem\",\"position\":3,\"name\":\"Black satin and tulle evening dress, edged with brilliants, Journal des Dames et des Modes, 1913\"}]},{\"@type\":\"WebSite\",\"@id\":\"https:\/\/www.billposters.fr\/en\/#website\",\"url\":\"https:\/\/www.billposters.fr\/en\/\",\"name\":\"Bill Posters\",\"description\":\"Reproduction et vente de posters de tr\u00e8s haute qualit\u00e9 r\u00e9alis\u00e9es par les grands ma\u00eetres de l&#039;affiche.\",\"publisher\":{\"@id\":\"https:\/\/www.billposters.fr\/en\/#organization\"},\"potentialAction\":[{\"@type\":\"SearchAction\",\"target\":{\"@type\":\"EntryPoint\",\"urlTemplate\":\"https:\/\/www.billposters.fr\/en\/?s={search_term_string}\"},\"query-input\":{\"@type\":\"PropertyValueSpecification\",\"valueRequired\":true,\"valueName\":\"search_term_string\"}}],\"inLanguage\":\"en-US\"},{\"@type\":\"Organization\",\"@id\":\"https:\/\/www.billposters.fr\/en\/#organization\",\"name\":\"Billposters\",\"url\":\"https:\/\/www.billposters.fr\/en\/\",\"logo\":{\"@type\":\"ImageObject\",\"inLanguage\":\"en-US\",\"@id\":\"https:\/\/www.billposters.fr\/en\/#\/schema\/logo\/image\/\",\"url\":\"https:\/\/www.billposters.fr\/wp-content\/uploads\/2020\/08\/Bill-Posters-logo.png\",\"contentUrl\":\"https:\/\/www.billposters.fr\/wp-content\/uploads\/2020\/08\/Bill-Posters-logo.png\",\"width\":300,\"height\":76,\"caption\":\"Billposters\"},\"image\":{\"@id\":\"https:\/\/www.billposters.fr\/en\/#\/schema\/logo\/image\/\"},\"sameAs\":[\"https:\/\/www.facebook.com\/billpostersaffiches\"]}]}<\/script>\n<!-- \/ Yoast SEO plugin. -->","yoast_head_json":{"title":"Black satin and tulle evening dress, edged with brilliants, Journal des Dames et des Modes, 1913 | Bill Posters","description":"Art Deco Fashion Illustration. Luxurious fashion magazine from the 10s. Very nice print on 100% coton high quality paper.","robots":{"index":"index","follow":"follow","max-snippet":"max-snippet:-1","max-image-preview":"max-image-preview:large","max-video-preview":"max-video-preview:-1"},"canonical":"https:\/\/www.billposters.fr\/en\/boutique\/black-satin-and-tulle-evening-dress-edged-with-brilliants-journal-des-dames-et-des-modes-1913\/","og_locale":"en_US","og_type":"article","og_title":"Black satin and tulle evening dress, edged with brilliants, Journal des Dames et des Modes, 1913 | Bill Posters","og_description":"Art Deco Fashion Illustration. Luxurious fashion magazine from the 10s. Very nice print on 100% coton high quality paper.","og_url":"https:\/\/www.billposters.fr\/en\/boutique\/black-satin-and-tulle-evening-dress-edged-with-brilliants-journal-des-dames-et-des-modes-1913\/","og_site_name":"Bill Posters","article_publisher":"https:\/\/www.facebook.com\/billpostersaffiches","article_modified_time":"2025-07-10T15:25:08+00:00","og_image":[{"width":850,"height":1201,"url":"https:\/\/www.billposters.fr\/wp-content\/uploads\/2025\/05\/illustration_Barbier_robe-du-soir-satin-noir.jpg","type":"image\/jpeg"}],"twitter_card":"summary_large_image","twitter_misc":{"Est. reading time":"2 minutes"},"schema":{"@context":"https:\/\/schema.org","@graph":[{"@type":"WebPage","@id":"https:\/\/www.billposters.fr\/en\/boutique\/black-satin-and-tulle-evening-dress-edged-with-brilliants-journal-des-dames-et-des-modes-1913\/","url":"https:\/\/www.billposters.fr\/en\/boutique\/black-satin-and-tulle-evening-dress-edged-with-brilliants-journal-des-dames-et-des-modes-1913\/","name":"Black satin and tulle evening dress, edged with brilliants, Journal des Dames et des Modes, 1913 | Bill Posters","isPartOf":{"@id":"https:\/\/www.billposters.fr\/en\/#website"},"primaryImageOfPage":{"@id":"https:\/\/www.billposters.fr\/en\/boutique\/black-satin-and-tulle-evening-dress-edged-with-brilliants-journal-des-dames-et-des-modes-1913\/#primaryimage"},"image":{"@id":"https:\/\/www.billposters.fr\/en\/boutique\/black-satin-and-tulle-evening-dress-edged-with-brilliants-journal-des-dames-et-des-modes-1913\/#primaryimage"},"thumbnailUrl":"https:\/\/www.billposters.fr\/wp-content\/uploads\/2025\/05\/illustration_Barbier_robe-du-soir-satin-noir.jpg","datePublished":"2020-09-08T15:46:45+00:00","dateModified":"2025-07-10T15:25:08+00:00","description":"Art Deco Fashion Illustration. Luxurious fashion magazine from the 10s. Very nice print on 100% coton high quality paper.","breadcrumb":{"@id":"https:\/\/www.billposters.fr\/en\/boutique\/black-satin-and-tulle-evening-dress-edged-with-brilliants-journal-des-dames-et-des-modes-1913\/#breadcrumb"},"inLanguage":"en-US","potentialAction":[{"@type":"ReadAction","target":["https:\/\/www.billposters.fr\/en\/boutique\/black-satin-and-tulle-evening-dress-edged-with-brilliants-journal-des-dames-et-des-modes-1913\/"]}]},{"@type":"ImageObject","inLanguage":"en-US","@id":"https:\/\/www.billposters.fr\/en\/boutique\/black-satin-and-tulle-evening-dress-edged-with-brilliants-journal-des-dames-et-des-modes-1913\/#primaryimage","url":"https:\/\/www.billposters.fr\/wp-content\/uploads\/2025\/05\/illustration_Barbier_robe-du-soir-satin-noir.jpg","contentUrl":"https:\/\/www.billposters.fr\/wp-content\/uploads\/2025\/05\/illustration_Barbier_robe-du-soir-satin-noir.jpg","width":850,"height":1201,"caption":"Illustration Robe du soir satin noir et tulle, bord\u00e9e de brillants Journal des dames et des modes"},{"@type":"BreadcrumbList","@id":"https:\/\/www.billposters.fr\/en\/boutique\/black-satin-and-tulle-evening-dress-edged-with-brilliants-journal-des-dames-et-des-modes-1913\/#breadcrumb","itemListElement":[{"@type":"ListItem","position":1,"name":"Accueil","item":"https:\/\/www.billposters.fr\/en\/home-2022\/"},{"@type":"ListItem","position":2,"name":"Shop","item":"https:\/\/www.billposters.fr\/en\/shop\/"},{"@type":"ListItem","position":3,"name":"Black satin and tulle evening dress, edged with brilliants, Journal des Dames et des Modes, 1913"}]},{"@type":"WebSite","@id":"https:\/\/www.billposters.fr\/en\/#website","url":"https:\/\/www.billposters.fr\/en\/","name":"Bill Posters","description":"Reproduction et vente de posters de tr\u00e8s haute qualit\u00e9 r\u00e9alis\u00e9es par les grands ma\u00eetres de l&#039;affiche.","publisher":{"@id":"https:\/\/www.billposters.fr\/en\/#organization"},"potentialAction":[{"@type":"SearchAction","target":{"@type":"EntryPoint","urlTemplate":"https:\/\/www.billposters.fr\/en\/?s={search_term_string}"},"query-input":{"@type":"PropertyValueSpecification","valueRequired":true,"valueName":"search_term_string"}}],"inLanguage":"en-US"},{"@type":"Organization","@id":"https:\/\/www.billposters.fr\/en\/#organization","name":"Billposters","url":"https:\/\/www.billposters.fr\/en\/","logo":{"@type":"ImageObject","inLanguage":"en-US","@id":"https:\/\/www.billposters.fr\/en\/#\/schema\/logo\/image\/","url":"https:\/\/www.billposters.fr\/wp-content\/uploads\/2020\/08\/Bill-Posters-logo.png","contentUrl":"https:\/\/www.billposters.fr\/wp-content\/uploads\/2020\/08\/Bill-Posters-logo.png","width":300,"height":76,"caption":"Billposters"},"image":{"@id":"https:\/\/www.billposters.fr\/en\/#\/schema\/logo\/image\/"},"sameAs":["https:\/\/www.facebook.com\/billpostersaffiches"]}]}},"_links":{"self":[{"href":"https:\/\/www.billposters.fr\/en\/wp-json\/wp\/v2\/product\/12537","targetHints":{"allow":["GET"]}}],"collection":[{"href":"https:\/\/www.billposters.fr\/en\/wp-json\/wp\/v2\/product"}],"about":[{"href":"https:\/\/www.billposters.fr\/en\/wp-json\/wp\/v2\/types\/product"}],"wp:featuredmedia":[{"embeddable":true,"href":"https:\/\/www.billposters.fr\/en\/wp-json\/wp\/v2\/media\/12539"}],"wp:attachment":[{"href":"https:\/\/www.billposters.fr\/en\/wp-json\/wp\/v2\/media?parent=12537"}],"wp:term":[{"taxonomy":"product_brand","embeddable":true,"href":"https:\/\/www.billposters.fr\/en\/wp-json\/wp\/v2\/product_brand?post=12537"},{"taxonomy":"product_cat","embeddable":true,"href":"https:\/\/www.billposters.fr\/en\/wp-json\/wp\/v2\/product_cat?post=12537"},{"taxonomy":"product_tag","embeddable":true,"href":"https:\/\/www.billposters.fr\/en\/wp-json\/wp\/v2\/product_tag?post=12537"}],"curies":[{"name":"wp","href":"https:\/\/api.w.org\/{rel}","templated":true}]}}