{"id":12554,"date":"2024-02-27T15:25:39","date_gmt":"2024-02-27T14:25:39","guid":{"rendered":"https:\/\/www.billposters.fr\/?post_type=product&#038;p=12554"},"modified":"2025-07-16T15:16:18","modified_gmt":"2025-07-16T13:16:18","slug":"colonnade-of-the-louvre-from-the-louvre-paris-dans-sa-splendeur-1861","status":"publish","type":"product","link":"https:\/\/www.billposters.fr\/en\/boutique\/colonnade-of-the-louvre-from-the-louvre-paris-dans-sa-splendeur-1861\/","title":{"rendered":"Colonnade of the Louvre, Paris dans sa splendeur, 1861"},"content":{"rendered":"<p>[et_pb_section fb_built=&#8221;1&#8243; theme_builder_area=&#8221;post_content&#8221; _builder_version=&#8221;4.27.4&#8243; _module_preset=&#8221;default&#8221;][\/et_pb_section]<\/p>\n","protected":false},"excerpt":{"rendered":"","protected":false},"featured_media":12557,"template":"","meta":{"_et_pb_use_builder":"on","_et_pb_old_content":"<em>Paris dans sa splendeur<\/em> (Paris in its splendor) was published in 1861, in a capital undergoing a complete metamorphosis as a result of the gigantic modernisation works directed by the Prefect of the Seine, Georges-Eug\u00e8ne Haussmann.\r\n\r\nNapoleon III and Haussmann, who had a liberal economic vision, wanted to make Paris a prestigious capital where life was good, with opera houses, parks, squares and wide, airy boulevards where large shops could be set up. The new opera house designed by Charles Garnier and the renovation of Les Halles by Victor Baltard will be among the most emblematic achievements.\r\n\r\nThe architectural homogeneity of Haussmann buildings considerably improved the quality of life of Parisians and shaped the Paris of today.\r\n\r\n<strong>Ready to be framed<\/strong>","_et_gb_content_width":""},"product_brand":[],"product_cat":[205],"product_tag":[],"class_list":{"0":"post-12554","1":"product","2":"type-product","3":"status-publish","4":"has-post-thumbnail","6":"product_cat-paris-en","8":"first","9":"instock","10":"shipping-taxable","11":"purchasable","12":"product-type-variable"},"yoast_head":"<!-- This site is optimized with the Yoast SEO plugin v27.2 - https:\/\/yoast.com\/product\/yoast-seo-wordpress\/ -->\n<title>Colonnade of the Louvre, Paris dans sa splendeur, 1861 | Bill Posters<\/title>\n<meta name=\"description\" content=\"Print Colonnade of the Louvre. Paris dans sa splendeur. Very nice print on 100% cotton high quality paper.\" \/>\n<meta name=\"robots\" content=\"index, follow, max-snippet:-1, max-image-preview:large, max-video-preview:-1\" \/>\n<link rel=\"canonical\" href=\"https:\/\/www.billposters.fr\/en\/boutique\/colonnade-of-the-louvre-from-the-louvre-paris-dans-sa-splendeur-1861\/\" \/>\n<meta property=\"og:locale\" content=\"en_US\" \/>\n<meta property=\"og:type\" content=\"article\" \/>\n<meta property=\"og:title\" content=\"Colonnade of the Louvre, Paris dans sa splendeur, 1861 | Bill Posters\" \/>\n<meta property=\"og:description\" content=\"Print Colonnade of the Louvre. Paris dans sa splendeur. Very nice print on 100% cotton high quality paper.\" \/>\n<meta property=\"og:url\" content=\"https:\/\/www.billposters.fr\/en\/boutique\/colonnade-of-the-louvre-from-the-louvre-paris-dans-sa-splendeur-1861\/\" \/>\n<meta property=\"og:site_name\" content=\"Bill Posters\" \/>\n<meta property=\"article:publisher\" content=\"https:\/\/www.facebook.com\/billpostersaffiches\" \/>\n<meta property=\"article:modified_time\" content=\"2025-07-16T13:16:18+00:00\" \/>\n<meta property=\"og:image\" content=\"https:\/\/www.billposters.fr\/wp-content\/uploads\/2025\/05\/illustration_Paris-dans-sa-splendeur_Colonnade-du-Louvre.jpg\" \/>\n\t<meta property=\"og:image:width\" content=\"1024\" \/>\n\t<meta property=\"og:image:height\" content=\"819\" \/>\n\t<meta property=\"og:image:type\" content=\"image\/jpeg\" \/>\n<meta name=\"twitter:card\" content=\"summary_large_image\" \/>\n<script type=\"application\/ld+json\" class=\"yoast-schema-graph\">{\"@context\":\"https:\/\/schema.org\",\"@graph\":[{\"@type\":\"WebPage\",\"@id\":\"https:\/\/www.billposters.fr\/en\/boutique\/colonnade-of-the-louvre-from-the-louvre-paris-dans-sa-splendeur-1861\/\",\"url\":\"https:\/\/www.billposters.fr\/en\/boutique\/colonnade-of-the-louvre-from-the-louvre-paris-dans-sa-splendeur-1861\/\",\"name\":\"Colonnade of the Louvre, Paris dans sa splendeur, 1861 | Bill Posters\",\"isPartOf\":{\"@id\":\"https:\/\/www.billposters.fr\/en\/#website\"},\"primaryImageOfPage\":{\"@id\":\"https:\/\/www.billposters.fr\/en\/boutique\/colonnade-of-the-louvre-from-the-louvre-paris-dans-sa-splendeur-1861\/#primaryimage\"},\"image\":{\"@id\":\"https:\/\/www.billposters.fr\/en\/boutique\/colonnade-of-the-louvre-from-the-louvre-paris-dans-sa-splendeur-1861\/#primaryimage\"},\"thumbnailUrl\":\"https:\/\/www.billposters.fr\/wp-content\/uploads\/2025\/05\/illustration_Paris-dans-sa-splendeur_Colonnade-du-Louvre.jpg\",\"datePublished\":\"2024-02-27T14:25:39+00:00\",\"dateModified\":\"2025-07-16T13:16:18+00:00\",\"description\":\"Print Colonnade of the Louvre. Paris dans sa splendeur. Very nice print on 100% cotton high quality paper.\",\"breadcrumb\":{\"@id\":\"https:\/\/www.billposters.fr\/en\/boutique\/colonnade-of-the-louvre-from-the-louvre-paris-dans-sa-splendeur-1861\/#breadcrumb\"},\"inLanguage\":\"en-US\",\"potentialAction\":[{\"@type\":\"ReadAction\",\"target\":[\"https:\/\/www.billposters.fr\/en\/boutique\/colonnade-of-the-louvre-from-the-louvre-paris-dans-sa-splendeur-1861\/\"]}]},{\"@type\":\"ImageObject\",\"inLanguage\":\"en-US\",\"@id\":\"https:\/\/www.billposters.fr\/en\/boutique\/colonnade-of-the-louvre-from-the-louvre-paris-dans-sa-splendeur-1861\/#primaryimage\",\"url\":\"https:\/\/www.billposters.fr\/wp-content\/uploads\/2025\/05\/illustration_Paris-dans-sa-splendeur_Colonnade-du-Louvre.jpg\",\"contentUrl\":\"https:\/\/www.billposters.fr\/wp-content\/uploads\/2025\/05\/illustration_Paris-dans-sa-splendeur_Colonnade-du-Louvre.jpg\",\"width\":1024,\"height\":819,\"caption\":\"Illustratio, Colonnades du Louvre Paris dans sa splendeur\"},{\"@type\":\"BreadcrumbList\",\"@id\":\"https:\/\/www.billposters.fr\/en\/boutique\/colonnade-of-the-louvre-from-the-louvre-paris-dans-sa-splendeur-1861\/#breadcrumb\",\"itemListElement\":[{\"@type\":\"ListItem\",\"position\":1,\"name\":\"Accueil\",\"item\":\"https:\/\/www.billposters.fr\/en\/home-2022\/\"},{\"@type\":\"ListItem\",\"position\":2,\"name\":\"Shop\",\"item\":\"https:\/\/www.billposters.fr\/en\/shop\/\"},{\"@type\":\"ListItem\",\"position\":3,\"name\":\"Colonnade of the Louvre, Paris dans sa splendeur, 1861\"}]},{\"@type\":\"WebSite\",\"@id\":\"https:\/\/www.billposters.fr\/en\/#website\",\"url\":\"https:\/\/www.billposters.fr\/en\/\",\"name\":\"Bill Posters\",\"description\":\"Reproduction et vente de posters de tr\u00e8s haute qualit\u00e9 r\u00e9alis\u00e9es par les grands ma\u00eetres de l&#039;affiche.\",\"publisher\":{\"@id\":\"https:\/\/www.billposters.fr\/en\/#organization\"},\"potentialAction\":[{\"@type\":\"SearchAction\",\"target\":{\"@type\":\"EntryPoint\",\"urlTemplate\":\"https:\/\/www.billposters.fr\/en\/?s={search_term_string}\"},\"query-input\":{\"@type\":\"PropertyValueSpecification\",\"valueRequired\":true,\"valueName\":\"search_term_string\"}}],\"inLanguage\":\"en-US\"},{\"@type\":\"Organization\",\"@id\":\"https:\/\/www.billposters.fr\/en\/#organization\",\"name\":\"Billposters\",\"url\":\"https:\/\/www.billposters.fr\/en\/\",\"logo\":{\"@type\":\"ImageObject\",\"inLanguage\":\"en-US\",\"@id\":\"https:\/\/www.billposters.fr\/en\/#\/schema\/logo\/image\/\",\"url\":\"https:\/\/www.billposters.fr\/wp-content\/uploads\/2020\/08\/Bill-Posters-logo.png\",\"contentUrl\":\"https:\/\/www.billposters.fr\/wp-content\/uploads\/2020\/08\/Bill-Posters-logo.png\",\"width\":300,\"height\":76,\"caption\":\"Billposters\"},\"image\":{\"@id\":\"https:\/\/www.billposters.fr\/en\/#\/schema\/logo\/image\/\"},\"sameAs\":[\"https:\/\/www.facebook.com\/billpostersaffiches\"]}]}<\/script>\n<!-- \/ Yoast SEO plugin. -->","yoast_head_json":{"title":"Colonnade of the Louvre, Paris dans sa splendeur, 1861 | Bill Posters","description":"Print Colonnade of the Louvre. Paris dans sa splendeur. Very nice print on 100% cotton high quality paper.","robots":{"index":"index","follow":"follow","max-snippet":"max-snippet:-1","max-image-preview":"max-image-preview:large","max-video-preview":"max-video-preview:-1"},"canonical":"https:\/\/www.billposters.fr\/en\/boutique\/colonnade-of-the-louvre-from-the-louvre-paris-dans-sa-splendeur-1861\/","og_locale":"en_US","og_type":"article","og_title":"Colonnade of the Louvre, Paris dans sa splendeur, 1861 | Bill Posters","og_description":"Print Colonnade of the Louvre. Paris dans sa splendeur. Very nice print on 100% cotton high quality paper.","og_url":"https:\/\/www.billposters.fr\/en\/boutique\/colonnade-of-the-louvre-from-the-louvre-paris-dans-sa-splendeur-1861\/","og_site_name":"Bill Posters","article_publisher":"https:\/\/www.facebook.com\/billpostersaffiches","article_modified_time":"2025-07-16T13:16:18+00:00","og_image":[{"width":1024,"height":819,"url":"https:\/\/www.billposters.fr\/wp-content\/uploads\/2025\/05\/illustration_Paris-dans-sa-splendeur_Colonnade-du-Louvre.jpg","type":"image\/jpeg"}],"twitter_card":"summary_large_image","schema":{"@context":"https:\/\/schema.org","@graph":[{"@type":"WebPage","@id":"https:\/\/www.billposters.fr\/en\/boutique\/colonnade-of-the-louvre-from-the-louvre-paris-dans-sa-splendeur-1861\/","url":"https:\/\/www.billposters.fr\/en\/boutique\/colonnade-of-the-louvre-from-the-louvre-paris-dans-sa-splendeur-1861\/","name":"Colonnade of the Louvre, Paris dans sa splendeur, 1861 | Bill Posters","isPartOf":{"@id":"https:\/\/www.billposters.fr\/en\/#website"},"primaryImageOfPage":{"@id":"https:\/\/www.billposters.fr\/en\/boutique\/colonnade-of-the-louvre-from-the-louvre-paris-dans-sa-splendeur-1861\/#primaryimage"},"image":{"@id":"https:\/\/www.billposters.fr\/en\/boutique\/colonnade-of-the-louvre-from-the-louvre-paris-dans-sa-splendeur-1861\/#primaryimage"},"thumbnailUrl":"https:\/\/www.billposters.fr\/wp-content\/uploads\/2025\/05\/illustration_Paris-dans-sa-splendeur_Colonnade-du-Louvre.jpg","datePublished":"2024-02-27T14:25:39+00:00","dateModified":"2025-07-16T13:16:18+00:00","description":"Print Colonnade of the Louvre. Paris dans sa splendeur. Very nice print on 100% cotton high quality paper.","breadcrumb":{"@id":"https:\/\/www.billposters.fr\/en\/boutique\/colonnade-of-the-louvre-from-the-louvre-paris-dans-sa-splendeur-1861\/#breadcrumb"},"inLanguage":"en-US","potentialAction":[{"@type":"ReadAction","target":["https:\/\/www.billposters.fr\/en\/boutique\/colonnade-of-the-louvre-from-the-louvre-paris-dans-sa-splendeur-1861\/"]}]},{"@type":"ImageObject","inLanguage":"en-US","@id":"https:\/\/www.billposters.fr\/en\/boutique\/colonnade-of-the-louvre-from-the-louvre-paris-dans-sa-splendeur-1861\/#primaryimage","url":"https:\/\/www.billposters.fr\/wp-content\/uploads\/2025\/05\/illustration_Paris-dans-sa-splendeur_Colonnade-du-Louvre.jpg","contentUrl":"https:\/\/www.billposters.fr\/wp-content\/uploads\/2025\/05\/illustration_Paris-dans-sa-splendeur_Colonnade-du-Louvre.jpg","width":1024,"height":819,"caption":"Illustratio, Colonnades du Louvre Paris dans sa splendeur"},{"@type":"BreadcrumbList","@id":"https:\/\/www.billposters.fr\/en\/boutique\/colonnade-of-the-louvre-from-the-louvre-paris-dans-sa-splendeur-1861\/#breadcrumb","itemListElement":[{"@type":"ListItem","position":1,"name":"Accueil","item":"https:\/\/www.billposters.fr\/en\/home-2022\/"},{"@type":"ListItem","position":2,"name":"Shop","item":"https:\/\/www.billposters.fr\/en\/shop\/"},{"@type":"ListItem","position":3,"name":"Colonnade of the Louvre, Paris dans sa splendeur, 1861"}]},{"@type":"WebSite","@id":"https:\/\/www.billposters.fr\/en\/#website","url":"https:\/\/www.billposters.fr\/en\/","name":"Bill Posters","description":"Reproduction et vente de posters de tr\u00e8s haute qualit\u00e9 r\u00e9alis\u00e9es par les grands ma\u00eetres de l&#039;affiche.","publisher":{"@id":"https:\/\/www.billposters.fr\/en\/#organization"},"potentialAction":[{"@type":"SearchAction","target":{"@type":"EntryPoint","urlTemplate":"https:\/\/www.billposters.fr\/en\/?s={search_term_string}"},"query-input":{"@type":"PropertyValueSpecification","valueRequired":true,"valueName":"search_term_string"}}],"inLanguage":"en-US"},{"@type":"Organization","@id":"https:\/\/www.billposters.fr\/en\/#organization","name":"Billposters","url":"https:\/\/www.billposters.fr\/en\/","logo":{"@type":"ImageObject","inLanguage":"en-US","@id":"https:\/\/www.billposters.fr\/en\/#\/schema\/logo\/image\/","url":"https:\/\/www.billposters.fr\/wp-content\/uploads\/2020\/08\/Bill-Posters-logo.png","contentUrl":"https:\/\/www.billposters.fr\/wp-content\/uploads\/2020\/08\/Bill-Posters-logo.png","width":300,"height":76,"caption":"Billposters"},"image":{"@id":"https:\/\/www.billposters.fr\/en\/#\/schema\/logo\/image\/"},"sameAs":["https:\/\/www.facebook.com\/billpostersaffiches"]}]}},"_links":{"self":[{"href":"https:\/\/www.billposters.fr\/en\/wp-json\/wp\/v2\/product\/12554","targetHints":{"allow":["GET"]}}],"collection":[{"href":"https:\/\/www.billposters.fr\/en\/wp-json\/wp\/v2\/product"}],"about":[{"href":"https:\/\/www.billposters.fr\/en\/wp-json\/wp\/v2\/types\/product"}],"wp:featuredmedia":[{"embeddable":true,"href":"https:\/\/www.billposters.fr\/en\/wp-json\/wp\/v2\/media\/12557"}],"wp:attachment":[{"href":"https:\/\/www.billposters.fr\/en\/wp-json\/wp\/v2\/media?parent=12554"}],"wp:term":[{"taxonomy":"product_brand","embeddable":true,"href":"https:\/\/www.billposters.fr\/en\/wp-json\/wp\/v2\/product_brand?post=12554"},{"taxonomy":"product_cat","embeddable":true,"href":"https:\/\/www.billposters.fr\/en\/wp-json\/wp\/v2\/product_cat?post=12554"},{"taxonomy":"product_tag","embeddable":true,"href":"https:\/\/www.billposters.fr\/en\/wp-json\/wp\/v2\/product_tag?post=12554"}],"curies":[{"name":"wp","href":"https:\/\/api.w.org\/{rel}","templated":true}]}}