{"id":13407,"date":"2020-08-26T10:44:07","date_gmt":"2020-08-26T08:44:07","guid":{"rendered":"https:\/\/www.billposters.fr\/?post_type=product&#038;p=13407"},"modified":"2026-04-09T16:02:10","modified_gmt":"2026-04-09T14:02:10","slug":"bertolli-olive-oil-1953-erberto-carboni-pub43","status":"publish","type":"product","link":"https:\/\/www.billposters.fr\/en\/boutique\/bertolli-olive-oil-1953-erberto-carboni-pub43\/","title":{"rendered":"Bertolli, olive oil, 1953, Erberto Carboni \u2014 PUB43"},"content":{"rendered":"<p>[et_pb_section fb_built=&#8221;1&#8243; _builder_version=&#8221;4.16&#8243; background_color=&#8221;rgba(0,0,0,0)&#8221; background_enable_image=&#8221;off&#8221; width=&#8221;100%&#8221; max_width=&#8221;100%&#8221; custom_margin=&#8221;50px|0px|0px|0px|false|false&#8221; custom_padding=&#8221;0px||||false|false&#8221; global_colors_info=&#8221;{}&#8221;][et_pb_row column_structure=&#8221;3_5,2_5&#8243; _builder_version=&#8221;4.16&#8243; background_size=&#8221;initial&#8221; background_position=&#8221;top_left&#8221; background_repeat=&#8221;repeat&#8221; width=&#8221;100%&#8221; custom_margin=&#8221;0px||||false|false&#8221; custom_padding=&#8221;30px||||false|false&#8221; global_colors_info=&#8221;{}&#8221;][et_pb_column type=&#8221;3_5&#8243; _builder_version=&#8221;4.16&#8243; custom_padding=&#8221;|||&#8221; global_colors_info=&#8221;{}&#8221; custom_padding__hover=&#8221;|||&#8221;][et_pb_wc_images _builder_version=&#8221;4.16&#8243; box_shadow_style=&#8221;preset3&#8243; global_colors_info=&#8221;{}&#8221;][\/et_pb_wc_images][\/et_pb_column][et_pb_column type=&#8221;2_5&#8243; _builder_version=&#8221;4.16&#8243; custom_padding=&#8221;|||&#8221; global_colors_info=&#8221;{}&#8221; custom_padding__hover=&#8221;|||&#8221;][et_pb_wc_title _builder_version=&#8221;4.16&#8243; header_text_color=&#8221;#000000&#8243; header_font_size=&#8221;40px&#8221; global_colors_info=&#8221;{}&#8221;][\/et_pb_wc_title][et_pb_wc_description description_type=&#8221;description&#8221; _builder_version=&#8221;4.16&#8243; body_line_height=&#8221;1.6em&#8221; custom_padding=&#8221;20px||||false|false&#8221; global_colors_info=&#8221;{}&#8221;][\/et_pb_wc_description][et_pb_wc_rating show_reviews_link=&#8221;off&#8221; _builder_version=&#8221;4.16&#8243; rating_text_color=&#8221;#e02b20&#8243; global_colors_info=&#8221;{}&#8221;][\/et_pb_wc_rating][et_pb_wc_price _builder_version=&#8221;4.16&#8243; body_text_color=&#8221;#e02b20&#8243; sale_price_text_color=&#8221;#5d0a00&#8243; global_colors_info=&#8221;{}&#8221;][\/et_pb_wc_price][et_pb_wc_add_to_cart show_stock=&#8221;off&#8221; _builder_version=&#8221;4.16&#8243; fields_background_color=&#8221;#e6e6e6&#8243; fields_text_color=&#8221;#e02b20&#8243; fields_focus_text_color=&#8221;#000000&#8243; dropdown_menus_background_color=&#8221;#e6e6e6&#8243; dropdown_menus_text_color=&#8221;#e02b20&#8243; field_label_text_color=&#8221;#000000&#8243; field_label_font_size=&#8221;23px&#8221; dropdown_menus_font_size=&#8221;16px&#8221; background_color=&#8221;rgba(0,0,0,0)&#8221; custom_button=&#8221;on&#8221; button_text_color=&#8221;#ffffff&#8221; button_bg_color=&#8221;#e02b20&#8243; button_border_width=&#8221;0px&#8221; button_font=&#8221;|800|||||||&#8221; button_use_icon=&#8221;off&#8221; custom_css_buttons=&#8221;opacity:1;&#8221; box_shadow_style_button=&#8221;preset2&#8243; body_text_color=&#8221;#000000&#8243; body_font_size=&#8221;23px&#8221; global_colors_info=&#8221;{}&#8221;][\/et_pb_wc_add_to_cart][\/et_pb_column][\/et_pb_row][\/et_pb_section][et_pb_section fb_built=&#8221;1&#8243; _builder_version=&#8221;4.16&#8243; background_color=&#8221;#f6f6f6&#8243; custom_margin=&#8221;50px||||false|false&#8221; custom_padding=&#8221;50px||0px||false|false&#8221; global_colors_info=&#8221;{}&#8221;][et_pb_row _builder_version=&#8221;4.16&#8243; width=&#8221;100%&#8221; max_width=&#8221;1438px&#8221; custom_margin=&#8221;|auto|0px|auto|false|false&#8221; custom_padding=&#8221;||0px||false|false&#8221; global_colors_info=&#8221;{}&#8221;][et_pb_column type=&#8221;4_4&#8243; _builder_version=&#8221;4.16&#8243; global_colors_info=&#8221;{}&#8221;][et_pb_text _builder_version=&#8221;4.16&#8243; _module_preset=&#8221;default&#8221; global_colors_info=&#8221;{}&#8221;]<\/p>\n<p>Advertising posters<\/p>\n<p>[\/et_pb_text][et_pb_shop type=&#8221;product_category&#8221; posts_number=&#8221;40&#8243; include_categories=&#8221;191&#8243; icon_hover_color=&#8221;#e02b20&#8243; hover_overlay_color=&#8221;rgba(255,255,255,0.5)&#8221; _builder_version=&#8221;4.16&#8243; _module_preset=&#8221;default&#8221; title_font=&#8221;||||||||&#8221; title_text_color=&#8221;#000000&#8243; title_font_size=&#8221;18px&#8221; price_text_color=&#8221;#e02b20&#8243; price_font_size=&#8221;14px&#8221; sale_price_text_color=&#8221;#e02b20&#8243; sale_price_font_size=&#8221;16px&#8221; custom_css_image=&#8221;box-shadow: 6px 6px 18px 0px rgba(0,0,0,0.3);&#8221; global_colors_info=&#8221;{}&#8221;][\/et_pb_shop][et_pb_shop type=&#8221;product_category&#8221; posts_number=&#8221;40&#8243; include_categories=&#8221;195&#8243; columns_number=&#8221;3&#8243; icon_hover_color=&#8221;#e02b20&#8243; hover_overlay_color=&#8221;rgba(255,255,255,0.5)&#8221; _builder_version=&#8221;4.16&#8243; _module_preset=&#8221;default&#8221; title_font=&#8221;||||||||&#8221; title_text_color=&#8221;#000000&#8243; title_font_size=&#8221;18px&#8221; price_text_color=&#8221;#e02b20&#8243; price_font_size=&#8221;14px&#8221; sale_price_text_color=&#8221;#e02b20&#8243; sale_price_font_size=&#8221;16px&#8221; custom_css_image=&#8221;box-shadow: 6px 6px 18px 0px rgba(0,0,0,0.3);&#8221; global_colors_info=&#8221;{}&#8221;][\/et_pb_shop][\/et_pb_column][\/et_pb_row][\/et_pb_section]<\/p>\n","protected":false},"excerpt":{"rendered":"<p>Advertising posters<\/p>\n","protected":false},"featured_media":13439,"template":"","meta":{"_et_pb_use_builder":"on","_et_pb_old_content":"<div class=\"et_pb_module et_pb_text et_pb_text_1 et_pb_text_align_left et_pb_bg_layout_light\">\r\n<div class=\"et_pb_text_inner\">\r\n\r\nErberto Carboni was one of Italy's greatest advertising graphic designers. For many decades, he collaborated with major brands such as Shell, Motta, Barilla and Bertolli. In 1954, he created the first logo for RAI (Italian Radio and Television). He also designed the Delfino armchair for Arflex and worked closely with one of the pioneers of Italian design, Achille Castiglioni.\r\n\r\n<strong>Available in 2 ready-to-be-framed sizes:\r\n40 x 50 cm and 50 x 70 cm.<\/strong>\r\n\r\n<\/div>\r\n<\/div>","_et_gb_content_width":""},"product_brand":[],"product_cat":[191,517],"product_tag":[],"class_list":{"0":"post-13407","1":"product","2":"type-product","3":"status-publish","4":"has-post-thumbnail","6":"product_cat-advertising","7":"product_cat-e-carboni-en","9":"first","10":"instock","11":"shipping-taxable","12":"purchasable","13":"product-type-variable"},"yoast_head":"<!-- This site is optimized with the Yoast SEO plugin v27.2 - https:\/\/yoast.com\/product\/yoast-seo-wordpress\/ -->\n<title>Bertolli, olive oil, 1953, Erberto Carboni \u2014 PUB43 | Bill Posters<\/title>\n<meta name=\"description\" content=\"Advertising posters from the 1950s. Bertolli olive oil. Erberto Carboni. Very nice print on 100% coton high quality paper.\" \/>\n<meta name=\"robots\" content=\"index, follow, max-snippet:-1, max-image-preview:large, max-video-preview:-1\" \/>\n<link rel=\"canonical\" href=\"https:\/\/www.billposters.fr\/en\/boutique\/bertolli-olive-oil-1953-erberto-carboni-pub43\/\" \/>\n<meta property=\"og:locale\" content=\"en_US\" \/>\n<meta property=\"og:type\" content=\"article\" \/>\n<meta property=\"og:title\" content=\"Bertolli, olive oil, 1953, Erberto Carboni \u2014 PUB43 | Bill Posters\" \/>\n<meta property=\"og:description\" content=\"Advertising posters from the 1950s. Bertolli olive oil. Erberto Carboni. Very nice print on 100% coton high quality paper.\" \/>\n<meta property=\"og:url\" content=\"https:\/\/www.billposters.fr\/en\/boutique\/bertolli-olive-oil-1953-erberto-carboni-pub43\/\" \/>\n<meta property=\"og:site_name\" content=\"Bill Posters\" \/>\n<meta property=\"article:publisher\" content=\"https:\/\/www.facebook.com\/billpostersaffiches\" \/>\n<meta property=\"article:modified_time\" content=\"2026-04-09T14:02:10+00:00\" \/>\n<meta property=\"og:image\" content=\"https:\/\/www.billposters.fr\/wp-content\/uploads\/2025\/07\/Affiche-Olio-Bertolli.jpg\" \/>\n\t<meta property=\"og:image:width\" content=\"1021\" \/>\n\t<meta property=\"og:image:height\" content=\"1279\" \/>\n\t<meta property=\"og:image:type\" content=\"image\/jpeg\" \/>\n<meta name=\"twitter:card\" content=\"summary_large_image\" \/>\n<meta name=\"twitter:label1\" content=\"Est. reading time\" \/>\n\t<meta name=\"twitter:data1\" content=\"3 minutes\" \/>\n<script type=\"application\/ld+json\" class=\"yoast-schema-graph\">{\"@context\":\"https:\/\/schema.org\",\"@graph\":[{\"@type\":\"WebPage\",\"@id\":\"https:\/\/www.billposters.fr\/en\/boutique\/bertolli-olive-oil-1953-erberto-carboni-pub43\/\",\"url\":\"https:\/\/www.billposters.fr\/en\/boutique\/bertolli-olive-oil-1953-erberto-carboni-pub43\/\",\"name\":\"Bertolli, olive oil, 1953, Erberto Carboni \u2014 PUB43 | Bill Posters\",\"isPartOf\":{\"@id\":\"https:\/\/www.billposters.fr\/en\/#website\"},\"primaryImageOfPage\":{\"@id\":\"https:\/\/www.billposters.fr\/en\/boutique\/bertolli-olive-oil-1953-erberto-carboni-pub43\/#primaryimage\"},\"image\":{\"@id\":\"https:\/\/www.billposters.fr\/en\/boutique\/bertolli-olive-oil-1953-erberto-carboni-pub43\/#primaryimage\"},\"thumbnailUrl\":\"https:\/\/www.billposters.fr\/wp-content\/uploads\/2025\/07\/Affiche-Olio-Bertolli.jpg\",\"datePublished\":\"2020-08-26T08:44:07+00:00\",\"dateModified\":\"2026-04-09T14:02:10+00:00\",\"description\":\"Advertising posters from the 1950s. Bertolli olive oil. Erberto Carboni. Very nice print on 100% coton high quality paper.\",\"breadcrumb\":{\"@id\":\"https:\/\/www.billposters.fr\/en\/boutique\/bertolli-olive-oil-1953-erberto-carboni-pub43\/#breadcrumb\"},\"inLanguage\":\"en-US\",\"potentialAction\":[{\"@type\":\"ReadAction\",\"target\":[\"https:\/\/www.billposters.fr\/en\/boutique\/bertolli-olive-oil-1953-erberto-carboni-pub43\/\"]}]},{\"@type\":\"ImageObject\",\"inLanguage\":\"en-US\",\"@id\":\"https:\/\/www.billposters.fr\/en\/boutique\/bertolli-olive-oil-1953-erberto-carboni-pub43\/#primaryimage\",\"url\":\"https:\/\/www.billposters.fr\/wp-content\/uploads\/2025\/07\/Affiche-Olio-Bertolli.jpg\",\"contentUrl\":\"https:\/\/www.billposters.fr\/wp-content\/uploads\/2025\/07\/Affiche-Olio-Bertolli.jpg\",\"width\":1021,\"height\":1279,\"caption\":\"Affiche Bertolli olio d'oliva Erberto Carboni\"},{\"@type\":\"BreadcrumbList\",\"@id\":\"https:\/\/www.billposters.fr\/en\/boutique\/bertolli-olive-oil-1953-erberto-carboni-pub43\/#breadcrumb\",\"itemListElement\":[{\"@type\":\"ListItem\",\"position\":1,\"name\":\"Accueil\",\"item\":\"https:\/\/www.billposters.fr\/en\/home-2022\/\"},{\"@type\":\"ListItem\",\"position\":2,\"name\":\"Shop\",\"item\":\"https:\/\/www.billposters.fr\/en\/shop\/\"},{\"@type\":\"ListItem\",\"position\":3,\"name\":\"Bertolli, olive oil, 1953, Erberto Carboni \u2014 PUB43\"}]},{\"@type\":\"WebSite\",\"@id\":\"https:\/\/www.billposters.fr\/en\/#website\",\"url\":\"https:\/\/www.billposters.fr\/en\/\",\"name\":\"Bill Posters\",\"description\":\"Reproduction et vente de posters de tr\u00e8s haute qualit\u00e9 r\u00e9alis\u00e9es par les grands ma\u00eetres de l&#039;affiche.\",\"publisher\":{\"@id\":\"https:\/\/www.billposters.fr\/en\/#organization\"},\"potentialAction\":[{\"@type\":\"SearchAction\",\"target\":{\"@type\":\"EntryPoint\",\"urlTemplate\":\"https:\/\/www.billposters.fr\/en\/?s={search_term_string}\"},\"query-input\":{\"@type\":\"PropertyValueSpecification\",\"valueRequired\":true,\"valueName\":\"search_term_string\"}}],\"inLanguage\":\"en-US\"},{\"@type\":\"Organization\",\"@id\":\"https:\/\/www.billposters.fr\/en\/#organization\",\"name\":\"Billposters\",\"url\":\"https:\/\/www.billposters.fr\/en\/\",\"logo\":{\"@type\":\"ImageObject\",\"inLanguage\":\"en-US\",\"@id\":\"https:\/\/www.billposters.fr\/en\/#\/schema\/logo\/image\/\",\"url\":\"https:\/\/www.billposters.fr\/wp-content\/uploads\/2020\/08\/Bill-Posters-logo.png\",\"contentUrl\":\"https:\/\/www.billposters.fr\/wp-content\/uploads\/2020\/08\/Bill-Posters-logo.png\",\"width\":300,\"height\":76,\"caption\":\"Billposters\"},\"image\":{\"@id\":\"https:\/\/www.billposters.fr\/en\/#\/schema\/logo\/image\/\"},\"sameAs\":[\"https:\/\/www.facebook.com\/billpostersaffiches\"]}]}<\/script>\n<!-- \/ Yoast SEO plugin. -->","yoast_head_json":{"title":"Bertolli, olive oil, 1953, Erberto Carboni \u2014 PUB43 | Bill Posters","description":"Advertising posters from the 1950s. Bertolli olive oil. Erberto Carboni. Very nice print on 100% coton high quality paper.","robots":{"index":"index","follow":"follow","max-snippet":"max-snippet:-1","max-image-preview":"max-image-preview:large","max-video-preview":"max-video-preview:-1"},"canonical":"https:\/\/www.billposters.fr\/en\/boutique\/bertolli-olive-oil-1953-erberto-carboni-pub43\/","og_locale":"en_US","og_type":"article","og_title":"Bertolli, olive oil, 1953, Erberto Carboni \u2014 PUB43 | Bill Posters","og_description":"Advertising posters from the 1950s. Bertolli olive oil. Erberto Carboni. Very nice print on 100% coton high quality paper.","og_url":"https:\/\/www.billposters.fr\/en\/boutique\/bertolli-olive-oil-1953-erberto-carboni-pub43\/","og_site_name":"Bill Posters","article_publisher":"https:\/\/www.facebook.com\/billpostersaffiches","article_modified_time":"2026-04-09T14:02:10+00:00","og_image":[{"width":1021,"height":1279,"url":"https:\/\/www.billposters.fr\/wp-content\/uploads\/2025\/07\/Affiche-Olio-Bertolli.jpg","type":"image\/jpeg"}],"twitter_card":"summary_large_image","twitter_misc":{"Est. reading time":"3 minutes"},"schema":{"@context":"https:\/\/schema.org","@graph":[{"@type":"WebPage","@id":"https:\/\/www.billposters.fr\/en\/boutique\/bertolli-olive-oil-1953-erberto-carboni-pub43\/","url":"https:\/\/www.billposters.fr\/en\/boutique\/bertolli-olive-oil-1953-erberto-carboni-pub43\/","name":"Bertolli, olive oil, 1953, Erberto Carboni \u2014 PUB43 | Bill Posters","isPartOf":{"@id":"https:\/\/www.billposters.fr\/en\/#website"},"primaryImageOfPage":{"@id":"https:\/\/www.billposters.fr\/en\/boutique\/bertolli-olive-oil-1953-erberto-carboni-pub43\/#primaryimage"},"image":{"@id":"https:\/\/www.billposters.fr\/en\/boutique\/bertolli-olive-oil-1953-erberto-carboni-pub43\/#primaryimage"},"thumbnailUrl":"https:\/\/www.billposters.fr\/wp-content\/uploads\/2025\/07\/Affiche-Olio-Bertolli.jpg","datePublished":"2020-08-26T08:44:07+00:00","dateModified":"2026-04-09T14:02:10+00:00","description":"Advertising posters from the 1950s. Bertolli olive oil. Erberto Carboni. Very nice print on 100% coton high quality paper.","breadcrumb":{"@id":"https:\/\/www.billposters.fr\/en\/boutique\/bertolli-olive-oil-1953-erberto-carboni-pub43\/#breadcrumb"},"inLanguage":"en-US","potentialAction":[{"@type":"ReadAction","target":["https:\/\/www.billposters.fr\/en\/boutique\/bertolli-olive-oil-1953-erberto-carboni-pub43\/"]}]},{"@type":"ImageObject","inLanguage":"en-US","@id":"https:\/\/www.billposters.fr\/en\/boutique\/bertolli-olive-oil-1953-erberto-carboni-pub43\/#primaryimage","url":"https:\/\/www.billposters.fr\/wp-content\/uploads\/2025\/07\/Affiche-Olio-Bertolli.jpg","contentUrl":"https:\/\/www.billposters.fr\/wp-content\/uploads\/2025\/07\/Affiche-Olio-Bertolli.jpg","width":1021,"height":1279,"caption":"Affiche Bertolli olio d'oliva Erberto Carboni"},{"@type":"BreadcrumbList","@id":"https:\/\/www.billposters.fr\/en\/boutique\/bertolli-olive-oil-1953-erberto-carboni-pub43\/#breadcrumb","itemListElement":[{"@type":"ListItem","position":1,"name":"Accueil","item":"https:\/\/www.billposters.fr\/en\/home-2022\/"},{"@type":"ListItem","position":2,"name":"Shop","item":"https:\/\/www.billposters.fr\/en\/shop\/"},{"@type":"ListItem","position":3,"name":"Bertolli, olive oil, 1953, Erberto Carboni \u2014 PUB43"}]},{"@type":"WebSite","@id":"https:\/\/www.billposters.fr\/en\/#website","url":"https:\/\/www.billposters.fr\/en\/","name":"Bill Posters","description":"Reproduction et vente de posters de tr\u00e8s haute qualit\u00e9 r\u00e9alis\u00e9es par les grands ma\u00eetres de l&#039;affiche.","publisher":{"@id":"https:\/\/www.billposters.fr\/en\/#organization"},"potentialAction":[{"@type":"SearchAction","target":{"@type":"EntryPoint","urlTemplate":"https:\/\/www.billposters.fr\/en\/?s={search_term_string}"},"query-input":{"@type":"PropertyValueSpecification","valueRequired":true,"valueName":"search_term_string"}}],"inLanguage":"en-US"},{"@type":"Organization","@id":"https:\/\/www.billposters.fr\/en\/#organization","name":"Billposters","url":"https:\/\/www.billposters.fr\/en\/","logo":{"@type":"ImageObject","inLanguage":"en-US","@id":"https:\/\/www.billposters.fr\/en\/#\/schema\/logo\/image\/","url":"https:\/\/www.billposters.fr\/wp-content\/uploads\/2020\/08\/Bill-Posters-logo.png","contentUrl":"https:\/\/www.billposters.fr\/wp-content\/uploads\/2020\/08\/Bill-Posters-logo.png","width":300,"height":76,"caption":"Billposters"},"image":{"@id":"https:\/\/www.billposters.fr\/en\/#\/schema\/logo\/image\/"},"sameAs":["https:\/\/www.facebook.com\/billpostersaffiches"]}]}},"_links":{"self":[{"href":"https:\/\/www.billposters.fr\/en\/wp-json\/wp\/v2\/product\/13407","targetHints":{"allow":["GET"]}}],"collection":[{"href":"https:\/\/www.billposters.fr\/en\/wp-json\/wp\/v2\/product"}],"about":[{"href":"https:\/\/www.billposters.fr\/en\/wp-json\/wp\/v2\/types\/product"}],"wp:featuredmedia":[{"embeddable":true,"href":"https:\/\/www.billposters.fr\/en\/wp-json\/wp\/v2\/media\/13439"}],"wp:attachment":[{"href":"https:\/\/www.billposters.fr\/en\/wp-json\/wp\/v2\/media?parent=13407"}],"wp:term":[{"taxonomy":"product_brand","embeddable":true,"href":"https:\/\/www.billposters.fr\/en\/wp-json\/wp\/v2\/product_brand?post=13407"},{"taxonomy":"product_cat","embeddable":true,"href":"https:\/\/www.billposters.fr\/en\/wp-json\/wp\/v2\/product_cat?post=13407"},{"taxonomy":"product_tag","embeddable":true,"href":"https:\/\/www.billposters.fr\/en\/wp-json\/wp\/v2\/product_tag?post=13407"}],"curies":[{"name":"wp","href":"https:\/\/api.w.org\/{rel}","templated":true}]}}