{"id":14514,"date":"2026-04-08T17:27:57","date_gmt":"2026-04-08T15:27:57","guid":{"rendered":"https:\/\/www.billposters.fr\/?post_type=product&#038;p=14514"},"modified":"2026-04-11T18:05:46","modified_gmt":"2026-04-11T16:05:46","slug":"monaco-grand-prix-1937-lithography-geo-ham","status":"publish","type":"product","link":"https:\/\/www.billposters.fr\/en\/boutique\/monaco-grand-prix-1937-lithography-geo-ham\/","title":{"rendered":"Monaco Grand Prix 1937, lithography, G\u00e9o Ham"},"content":{"rendered":"<p>[et_pb_section fb_built=&#8221;1&#8243; theme_builder_area=&#8221;post_content&#8221; _builder_version=&#8221;4.27.6&#8243; _module_preset=&#8221;default&#8221;][\/et_pb_section]<\/p>\n","protected":false},"excerpt":{"rendered":"","protected":false},"featured_media":14516,"template":"","meta":{"_et_pb_use_builder":"on","_et_pb_old_content":"Grand Prix Automobile Monaco 1937, lithography\r\nG\u00e9o Ham\r\nA lithographic reprint from the 1980s of the original poster\r\nSize: 70 x 100 cm","_et_gb_content_width":""},"product_brand":[],"product_cat":[545],"product_tag":[],"class_list":{"0":"post-14514","1":"product","2":"type-product","3":"status-publish","4":"has-post-thumbnail","6":"product_cat-original-posters","8":"first","9":"instock","10":"shipping-taxable","11":"purchasable","12":"product-type-simple"},"yoast_head":"<!-- This site is optimized with the Yoast SEO plugin v27.2 - https:\/\/yoast.com\/product\/yoast-seo-wordpress\/ -->\n<title>Monaco Grand Prix 1937, lithography, G\u00e9o Ham | Bill Posters<\/title>\n<meta name=\"description\" content=\"Lithography. Monaco Grand Prix 1937. G\u00e9o Ham.\" \/>\n<meta name=\"robots\" content=\"index, follow, max-snippet:-1, max-image-preview:large, max-video-preview:-1\" \/>\n<link rel=\"canonical\" href=\"https:\/\/www.billposters.fr\/en\/boutique\/monaco-grand-prix-1937-lithography-geo-ham\/\" \/>\n<meta property=\"og:locale\" content=\"en_US\" \/>\n<meta property=\"og:type\" content=\"article\" \/>\n<meta property=\"og:title\" content=\"Monaco Grand Prix 1937, lithography, G\u00e9o Ham | Bill Posters\" \/>\n<meta property=\"og:description\" content=\"Lithography. Monaco Grand Prix 1937. G\u00e9o Ham.\" \/>\n<meta property=\"og:url\" content=\"https:\/\/www.billposters.fr\/en\/boutique\/monaco-grand-prix-1937-lithography-geo-ham\/\" \/>\n<meta property=\"og:site_name\" content=\"Bill Posters\" \/>\n<meta property=\"article:publisher\" content=\"https:\/\/www.facebook.com\/billpostersaffiches\" \/>\n<meta property=\"article:modified_time\" content=\"2026-04-11T16:05:46+00:00\" \/>\n<meta property=\"og:image\" content=\"https:\/\/www.billposters.fr\/wp-content\/uploads\/2026\/04\/Grand-Prix-Monaco-1937.jpg\" \/>\n\t<meta property=\"og:image:width\" content=\"1024\" \/>\n\t<meta property=\"og:image:height\" content=\"1484\" \/>\n\t<meta property=\"og:image:type\" content=\"image\/jpeg\" \/>\n<meta name=\"twitter:card\" content=\"summary_large_image\" \/>\n<script type=\"application\/ld+json\" class=\"yoast-schema-graph\">{\"@context\":\"https:\/\/schema.org\",\"@graph\":[{\"@type\":\"WebPage\",\"@id\":\"https:\/\/www.billposters.fr\/en\/boutique\/monaco-grand-prix-1937-lithography-geo-ham\/\",\"url\":\"https:\/\/www.billposters.fr\/en\/boutique\/monaco-grand-prix-1937-lithography-geo-ham\/\",\"name\":\"Monaco Grand Prix 1937, lithography, G\u00e9o Ham | Bill Posters\",\"isPartOf\":{\"@id\":\"https:\/\/www.billposters.fr\/en\/#website\"},\"primaryImageOfPage\":{\"@id\":\"https:\/\/www.billposters.fr\/en\/boutique\/monaco-grand-prix-1937-lithography-geo-ham\/#primaryimage\"},\"image\":{\"@id\":\"https:\/\/www.billposters.fr\/en\/boutique\/monaco-grand-prix-1937-lithography-geo-ham\/#primaryimage\"},\"thumbnailUrl\":\"https:\/\/www.billposters.fr\/wp-content\/uploads\/2026\/04\/Grand-Prix-Monaco-1937.jpg\",\"datePublished\":\"2026-04-08T15:27:57+00:00\",\"dateModified\":\"2026-04-11T16:05:46+00:00\",\"description\":\"Lithography. Monaco Grand Prix 1937. G\u00e9o Ham.\",\"breadcrumb\":{\"@id\":\"https:\/\/www.billposters.fr\/en\/boutique\/monaco-grand-prix-1937-lithography-geo-ham\/#breadcrumb\"},\"inLanguage\":\"en-US\",\"potentialAction\":[{\"@type\":\"ReadAction\",\"target\":[\"https:\/\/www.billposters.fr\/en\/boutique\/monaco-grand-prix-1937-lithography-geo-ham\/\"]}]},{\"@type\":\"ImageObject\",\"inLanguage\":\"en-US\",\"@id\":\"https:\/\/www.billposters.fr\/en\/boutique\/monaco-grand-prix-1937-lithography-geo-ham\/#primaryimage\",\"url\":\"https:\/\/www.billposters.fr\/wp-content\/uploads\/2026\/04\/Grand-Prix-Monaco-1937.jpg\",\"contentUrl\":\"https:\/\/www.billposters.fr\/wp-content\/uploads\/2026\/04\/Grand-Prix-Monaco-1937.jpg\",\"width\":1024,\"height\":1484,\"caption\":\"Affiche Grand Prix Monaco 1937. G\u00e9o Ham\"},{\"@type\":\"BreadcrumbList\",\"@id\":\"https:\/\/www.billposters.fr\/en\/boutique\/monaco-grand-prix-1937-lithography-geo-ham\/#breadcrumb\",\"itemListElement\":[{\"@type\":\"ListItem\",\"position\":1,\"name\":\"Accueil\",\"item\":\"https:\/\/www.billposters.fr\/en\/home-2022\/\"},{\"@type\":\"ListItem\",\"position\":2,\"name\":\"Shop\",\"item\":\"https:\/\/www.billposters.fr\/en\/shop\/\"},{\"@type\":\"ListItem\",\"position\":3,\"name\":\"Monaco Grand Prix 1937, lithography, G\u00e9o Ham\"}]},{\"@type\":\"WebSite\",\"@id\":\"https:\/\/www.billposters.fr\/en\/#website\",\"url\":\"https:\/\/www.billposters.fr\/en\/\",\"name\":\"Bill Posters\",\"description\":\"Reproduction et vente de posters de tr\u00e8s haute qualit\u00e9 r\u00e9alis\u00e9es par les grands ma\u00eetres de l&#039;affiche.\",\"publisher\":{\"@id\":\"https:\/\/www.billposters.fr\/en\/#organization\"},\"potentialAction\":[{\"@type\":\"SearchAction\",\"target\":{\"@type\":\"EntryPoint\",\"urlTemplate\":\"https:\/\/www.billposters.fr\/en\/?s={search_term_string}\"},\"query-input\":{\"@type\":\"PropertyValueSpecification\",\"valueRequired\":true,\"valueName\":\"search_term_string\"}}],\"inLanguage\":\"en-US\"},{\"@type\":\"Organization\",\"@id\":\"https:\/\/www.billposters.fr\/en\/#organization\",\"name\":\"Billposters\",\"url\":\"https:\/\/www.billposters.fr\/en\/\",\"logo\":{\"@type\":\"ImageObject\",\"inLanguage\":\"en-US\",\"@id\":\"https:\/\/www.billposters.fr\/en\/#\/schema\/logo\/image\/\",\"url\":\"https:\/\/www.billposters.fr\/wp-content\/uploads\/2020\/08\/Bill-Posters-logo.png\",\"contentUrl\":\"https:\/\/www.billposters.fr\/wp-content\/uploads\/2020\/08\/Bill-Posters-logo.png\",\"width\":300,\"height\":76,\"caption\":\"Billposters\"},\"image\":{\"@id\":\"https:\/\/www.billposters.fr\/en\/#\/schema\/logo\/image\/\"},\"sameAs\":[\"https:\/\/www.facebook.com\/billpostersaffiches\"]}]}<\/script>\n<!-- \/ Yoast SEO plugin. -->","yoast_head_json":{"title":"Monaco Grand Prix 1937, lithography, G\u00e9o Ham | Bill Posters","description":"Lithography. Monaco Grand Prix 1937. G\u00e9o Ham.","robots":{"index":"index","follow":"follow","max-snippet":"max-snippet:-1","max-image-preview":"max-image-preview:large","max-video-preview":"max-video-preview:-1"},"canonical":"https:\/\/www.billposters.fr\/en\/boutique\/monaco-grand-prix-1937-lithography-geo-ham\/","og_locale":"en_US","og_type":"article","og_title":"Monaco Grand Prix 1937, lithography, G\u00e9o Ham | Bill Posters","og_description":"Lithography. Monaco Grand Prix 1937. G\u00e9o Ham.","og_url":"https:\/\/www.billposters.fr\/en\/boutique\/monaco-grand-prix-1937-lithography-geo-ham\/","og_site_name":"Bill Posters","article_publisher":"https:\/\/www.facebook.com\/billpostersaffiches","article_modified_time":"2026-04-11T16:05:46+00:00","og_image":[{"width":1024,"height":1484,"url":"https:\/\/www.billposters.fr\/wp-content\/uploads\/2026\/04\/Grand-Prix-Monaco-1937.jpg","type":"image\/jpeg"}],"twitter_card":"summary_large_image","schema":{"@context":"https:\/\/schema.org","@graph":[{"@type":"WebPage","@id":"https:\/\/www.billposters.fr\/en\/boutique\/monaco-grand-prix-1937-lithography-geo-ham\/","url":"https:\/\/www.billposters.fr\/en\/boutique\/monaco-grand-prix-1937-lithography-geo-ham\/","name":"Monaco Grand Prix 1937, lithography, G\u00e9o Ham | Bill Posters","isPartOf":{"@id":"https:\/\/www.billposters.fr\/en\/#website"},"primaryImageOfPage":{"@id":"https:\/\/www.billposters.fr\/en\/boutique\/monaco-grand-prix-1937-lithography-geo-ham\/#primaryimage"},"image":{"@id":"https:\/\/www.billposters.fr\/en\/boutique\/monaco-grand-prix-1937-lithography-geo-ham\/#primaryimage"},"thumbnailUrl":"https:\/\/www.billposters.fr\/wp-content\/uploads\/2026\/04\/Grand-Prix-Monaco-1937.jpg","datePublished":"2026-04-08T15:27:57+00:00","dateModified":"2026-04-11T16:05:46+00:00","description":"Lithography. Monaco Grand Prix 1937. G\u00e9o Ham.","breadcrumb":{"@id":"https:\/\/www.billposters.fr\/en\/boutique\/monaco-grand-prix-1937-lithography-geo-ham\/#breadcrumb"},"inLanguage":"en-US","potentialAction":[{"@type":"ReadAction","target":["https:\/\/www.billposters.fr\/en\/boutique\/monaco-grand-prix-1937-lithography-geo-ham\/"]}]},{"@type":"ImageObject","inLanguage":"en-US","@id":"https:\/\/www.billposters.fr\/en\/boutique\/monaco-grand-prix-1937-lithography-geo-ham\/#primaryimage","url":"https:\/\/www.billposters.fr\/wp-content\/uploads\/2026\/04\/Grand-Prix-Monaco-1937.jpg","contentUrl":"https:\/\/www.billposters.fr\/wp-content\/uploads\/2026\/04\/Grand-Prix-Monaco-1937.jpg","width":1024,"height":1484,"caption":"Affiche Grand Prix Monaco 1937. G\u00e9o Ham"},{"@type":"BreadcrumbList","@id":"https:\/\/www.billposters.fr\/en\/boutique\/monaco-grand-prix-1937-lithography-geo-ham\/#breadcrumb","itemListElement":[{"@type":"ListItem","position":1,"name":"Accueil","item":"https:\/\/www.billposters.fr\/en\/home-2022\/"},{"@type":"ListItem","position":2,"name":"Shop","item":"https:\/\/www.billposters.fr\/en\/shop\/"},{"@type":"ListItem","position":3,"name":"Monaco Grand Prix 1937, lithography, G\u00e9o Ham"}]},{"@type":"WebSite","@id":"https:\/\/www.billposters.fr\/en\/#website","url":"https:\/\/www.billposters.fr\/en\/","name":"Bill Posters","description":"Reproduction et vente de posters de tr\u00e8s haute qualit\u00e9 r\u00e9alis\u00e9es par les grands ma\u00eetres de l&#039;affiche.","publisher":{"@id":"https:\/\/www.billposters.fr\/en\/#organization"},"potentialAction":[{"@type":"SearchAction","target":{"@type":"EntryPoint","urlTemplate":"https:\/\/www.billposters.fr\/en\/?s={search_term_string}"},"query-input":{"@type":"PropertyValueSpecification","valueRequired":true,"valueName":"search_term_string"}}],"inLanguage":"en-US"},{"@type":"Organization","@id":"https:\/\/www.billposters.fr\/en\/#organization","name":"Billposters","url":"https:\/\/www.billposters.fr\/en\/","logo":{"@type":"ImageObject","inLanguage":"en-US","@id":"https:\/\/www.billposters.fr\/en\/#\/schema\/logo\/image\/","url":"https:\/\/www.billposters.fr\/wp-content\/uploads\/2020\/08\/Bill-Posters-logo.png","contentUrl":"https:\/\/www.billposters.fr\/wp-content\/uploads\/2020\/08\/Bill-Posters-logo.png","width":300,"height":76,"caption":"Billposters"},"image":{"@id":"https:\/\/www.billposters.fr\/en\/#\/schema\/logo\/image\/"},"sameAs":["https:\/\/www.facebook.com\/billpostersaffiches"]}]}},"_links":{"self":[{"href":"https:\/\/www.billposters.fr\/en\/wp-json\/wp\/v2\/product\/14514","targetHints":{"allow":["GET"]}}],"collection":[{"href":"https:\/\/www.billposters.fr\/en\/wp-json\/wp\/v2\/product"}],"about":[{"href":"https:\/\/www.billposters.fr\/en\/wp-json\/wp\/v2\/types\/product"}],"wp:featuredmedia":[{"embeddable":true,"href":"https:\/\/www.billposters.fr\/en\/wp-json\/wp\/v2\/media\/14516"}],"wp:attachment":[{"href":"https:\/\/www.billposters.fr\/en\/wp-json\/wp\/v2\/media?parent=14514"}],"wp:term":[{"taxonomy":"product_brand","embeddable":true,"href":"https:\/\/www.billposters.fr\/en\/wp-json\/wp\/v2\/product_brand?post=14514"},{"taxonomy":"product_cat","embeddable":true,"href":"https:\/\/www.billposters.fr\/en\/wp-json\/wp\/v2\/product_cat?post=14514"},{"taxonomy":"product_tag","embeddable":true,"href":"https:\/\/www.billposters.fr\/en\/wp-json\/wp\/v2\/product_tag?post=14514"}],"curies":[{"name":"wp","href":"https:\/\/api.w.org\/{rel}","templated":true}]}}