{"id":5993,"date":"2020-09-03T17:25:39","date_gmt":"2020-09-03T15:25:39","guid":{"rendered":"https:\/\/www.billposters.fr\/?post_type=product&#038;p=5993"},"modified":"2025-04-15T14:32:35","modified_gmt":"2025-04-15T12:32:35","slug":"tango-rene-gruau-copie","status":"publish","type":"product","link":"https:\/\/www.billposters.fr\/en\/boutique\/tango-rene-gruau-copie\/","title":{"rendered":"Model on red background, Ren\u00e9 Gruau"},"content":{"rendered":"<p>[et_pb_section fb_built=&#8221;1&#8243; _builder_version=&#8221;4.16&#8243; background_color=&#8221;rgba(0,0,0,0)&#8221; background_enable_image=&#8221;off&#8221; width=&#8221;100%&#8221; max_width=&#8221;100%&#8221; custom_margin=&#8221;50px|0px|0px|0px|false|false&#8221; custom_padding=&#8221;0px||||false|false&#8221; global_colors_info=&#8221;{}&#8221;][et_pb_row column_structure=&#8221;3_5,2_5&#8243; _builder_version=&#8221;4.16&#8243; background_size=&#8221;initial&#8221; background_position=&#8221;top_left&#8221; background_repeat=&#8221;repeat&#8221; width=&#8221;100%&#8221; custom_margin=&#8221;0px||||false|false&#8221; custom_padding=&#8221;30px||||false|false&#8221; global_colors_info=&#8221;{}&#8221;][et_pb_column type=&#8221;3_5&#8243; _builder_version=&#8221;4.16&#8243; custom_padding=&#8221;|||&#8221; global_colors_info=&#8221;{}&#8221; custom_padding__hover=&#8221;|||&#8221;][et_pb_wc_images _builder_version=&#8221;4.16&#8243; box_shadow_style=&#8221;preset3&#8243; global_colors_info=&#8221;{}&#8221;][\/et_pb_wc_images][\/et_pb_column][et_pb_column type=&#8221;2_5&#8243; _builder_version=&#8221;4.16&#8243; custom_padding=&#8221;|||&#8221; global_colors_info=&#8221;{}&#8221; custom_padding__hover=&#8221;|||&#8221;][et_pb_wc_title _builder_version=&#8221;4.16&#8243; header_text_color=&#8221;#000000&#8243; header_font_size=&#8221;40px&#8221; global_colors_info=&#8221;{}&#8221;][\/et_pb_wc_title][et_pb_wc_description description_type=&#8221;description&#8221; _builder_version=&#8221;4.16&#8243; body_line_height=&#8221;1.6em&#8221; custom_padding=&#8221;20px||||false|false&#8221; global_colors_info=&#8221;{}&#8221;][\/et_pb_wc_description][et_pb_wc_rating show_reviews_link=&#8221;off&#8221; _builder_version=&#8221;4.16&#8243; rating_text_color=&#8221;#e02b20&#8243; global_colors_info=&#8221;{}&#8221;][\/et_pb_wc_rating][et_pb_wc_price _builder_version=&#8221;4.16&#8243; body_text_color=&#8221;#e02b20&#8243; sale_price_text_color=&#8221;#5d0a00&#8243; global_colors_info=&#8221;{}&#8221;][\/et_pb_wc_price][et_pb_wc_add_to_cart show_stock=&#8221;off&#8221; _builder_version=&#8221;4.16&#8243; fields_background_color=&#8221;#e6e6e6&#8243; fields_text_color=&#8221;#e02b20&#8243; fields_focus_text_color=&#8221;#000000&#8243; dropdown_menus_background_color=&#8221;#e6e6e6&#8243; dropdown_menus_text_color=&#8221;#e02b20&#8243; field_label_text_color=&#8221;#000000&#8243; field_label_font_size=&#8221;23px&#8221; dropdown_menus_font_size=&#8221;16px&#8221; background_color=&#8221;rgba(0,0,0,0)&#8221; custom_button=&#8221;on&#8221; button_text_color=&#8221;#ffffff&#8221; button_bg_color=&#8221;#e02b20&#8243; button_border_width=&#8221;0px&#8221; button_font=&#8221;|800|||||||&#8221; button_use_icon=&#8221;off&#8221; custom_css_buttons=&#8221;opacity:1;&#8221; box_shadow_style_button=&#8221;preset2&#8243; body_text_color=&#8221;#000000&#8243; body_font_size=&#8221;23px&#8221; global_colors_info=&#8221;{}&#8221;][\/et_pb_wc_add_to_cart][\/et_pb_column][\/et_pb_row][\/et_pb_section][et_pb_section fb_built=&#8221;1&#8243; _builder_version=&#8221;4.16&#8243; background_color=&#8221;#f6f6f6&#8243; custom_margin=&#8221;50px||||false|false&#8221; custom_padding=&#8221;50px||0px||false|false&#8221; global_colors_info=&#8221;{}&#8221;][et_pb_row _builder_version=&#8221;4.16&#8243; width=&#8221;100%&#8221; max_width=&#8221;1438px&#8221; custom_margin=&#8221;|auto|0px|auto|false|false&#8221; custom_padding=&#8221;||0px||false|false&#8221; global_colors_info=&#8221;{}&#8221;][et_pb_column type=&#8221;4_4&#8243; _builder_version=&#8221;4.16&#8243; global_colors_info=&#8221;{}&#8221;][et_pb_text _builder_version=&#8221;4.27.4&#8243; _module_preset=&#8221;default&#8221; global_colors_info=&#8221;{}&#8221;]<\/p>\n<p>Ren\u00e9 Gruau<\/p>\n<p>[\/et_pb_text][et_pb_shop type=&#8221;product_category&#8221; posts_number=&#8221;60&#8243; include_categories=&#8221;69&#8243; icon_hover_color=&#8221;#e02b20&#8243; hover_overlay_color=&#8221;rgba(255,255,255,0.5)&#8221; _builder_version=&#8221;4.27.4&#8243; _module_preset=&#8221;default&#8221; title_font=&#8221;||||||||&#8221; title_text_color=&#8221;#000000&#8243; title_font_size=&#8221;18px&#8221; price_text_color=&#8221;#e02b20&#8243; price_font_size=&#8221;14px&#8221; sale_price_text_color=&#8221;#e02b20&#8243; sale_price_font_size=&#8221;16px&#8221; custom_css_image=&#8221;box-shadow: 6px 6px 18px 0px rgba(0,0,0,0.3);&#8221; global_colors_info=&#8221;{}&#8221;][\/et_pb_shop][\/et_pb_column][\/et_pb_row][\/et_pb_section]<\/p>\n","protected":false},"excerpt":{"rendered":"<p>Ren\u00e9 Gruau<\/p>\n","protected":false},"featured_media":5997,"template":"","meta":{"_et_pb_use_builder":"on","_et_pb_old_content":"<img class=\" wp-image-2130 alignright\" src=\"https:\/\/www.billposters.fr\/wp-content\/uploads\/2020\/08\/Rene-Gruau.jpg\" alt=\"Artist Ren\u00e9 Gruau\" width=\"225\" height=\"235\">At an early age, Ren\u00e9 Gruau, who came from Rimini in Italy, met the young editor-in chief of the Milanese fashion magazine <em>Lidel<\/em>, who directed him towards fashion design. In 1928, he moved to Paris, the world\u2019s fashion capital. In 1935, he collaborated regularly with <em>Femina<\/em> and became friends with young designers such as Pierre Balmain, Jacques Fath and especially Christian Dior, who would revolutionize haute couture with the New Look.\nThe undisputed star of the major fashion magazines, <em>L'Officiel, Vogue, Marie-Claire, Harper's Bazaar<\/em>, etc., he is also passionate about advertising. He has left behind a unique body of work which can be summed up by a single word: elegance.\n\n<strong>Ready to be framed<\/strong>","_et_gb_content_width":""},"product_brand":[],"product_cat":[296,481],"product_tag":[],"class_list":{"0":"post-5993","1":"product","2":"type-product","3":"status-publish","4":"has-post-thumbnail","6":"product_cat-r-gruau-en","7":"product_cat-rene-gruau-fashion-illustrations","9":"first","10":"instock","11":"shipping-taxable","12":"purchasable","13":"product-type-variable"},"yoast_head":"<!-- This site is optimized with the Yoast SEO plugin v27.2 - https:\/\/yoast.com\/product\/yoast-seo-wordpress\/ -->\n<title>Model on red background, Ren\u00e9 Gruau | Bill Posters<\/title>\n<meta name=\"description\" content=\"Cabaret dancer poster. Ren\u00e9 Gruau fashion illustrator. Very nice print on 100% coton high quality paper.\" \/>\n<meta name=\"robots\" content=\"index, follow, max-snippet:-1, max-image-preview:large, max-video-preview:-1\" \/>\n<link rel=\"canonical\" href=\"https:\/\/www.billposters.fr\/en\/boutique\/tango-rene-gruau-copie\/\" \/>\n<meta property=\"og:locale\" content=\"en_US\" \/>\n<meta property=\"og:type\" content=\"article\" \/>\n<meta property=\"og:title\" content=\"Model on red background, Ren\u00e9 Gruau | Bill Posters\" \/>\n<meta property=\"og:description\" content=\"Cabaret dancer poster. Ren\u00e9 Gruau fashion illustrator. Very nice print on 100% coton high quality paper.\" \/>\n<meta property=\"og:url\" content=\"https:\/\/www.billposters.fr\/en\/boutique\/tango-rene-gruau-copie\/\" \/>\n<meta property=\"og:site_name\" content=\"Bill Posters\" \/>\n<meta property=\"article:publisher\" content=\"https:\/\/www.facebook.com\/billpostersaffiches\" \/>\n<meta property=\"article:modified_time\" content=\"2025-04-15T12:32:35+00:00\" \/>\n<meta property=\"og:image\" content=\"https:\/\/www.billposters.fr\/wp-content\/uploads\/2021\/01\/illustration-rene-gruau_modele-sur-fond-rouge.jpg\" \/>\n\t<meta property=\"og:image:width\" content=\"1024\" \/>\n\t<meta property=\"og:image:height\" content=\"1283\" \/>\n\t<meta property=\"og:image:type\" content=\"image\/jpeg\" \/>\n<meta name=\"twitter:card\" content=\"summary_large_image\" \/>\n<meta name=\"twitter:label1\" content=\"Est. reading time\" \/>\n\t<meta name=\"twitter:data1\" content=\"2 minutes\" \/>\n<script type=\"application\/ld+json\" class=\"yoast-schema-graph\">{\"@context\":\"https:\/\/schema.org\",\"@graph\":[{\"@type\":\"WebPage\",\"@id\":\"https:\/\/www.billposters.fr\/en\/boutique\/tango-rene-gruau-copie\/\",\"url\":\"https:\/\/www.billposters.fr\/en\/boutique\/tango-rene-gruau-copie\/\",\"name\":\"Model on red background, Ren\u00e9 Gruau | Bill Posters\",\"isPartOf\":{\"@id\":\"https:\/\/www.billposters.fr\/en\/#website\"},\"primaryImageOfPage\":{\"@id\":\"https:\/\/www.billposters.fr\/en\/boutique\/tango-rene-gruau-copie\/#primaryimage\"},\"image\":{\"@id\":\"https:\/\/www.billposters.fr\/en\/boutique\/tango-rene-gruau-copie\/#primaryimage\"},\"thumbnailUrl\":\"https:\/\/www.billposters.fr\/wp-content\/uploads\/2021\/01\/illustration-rene-gruau_modele-sur-fond-rouge.jpg\",\"datePublished\":\"2020-09-03T15:25:39+00:00\",\"dateModified\":\"2025-04-15T12:32:35+00:00\",\"description\":\"Cabaret dancer poster. Ren\u00e9 Gruau fashion illustrator. Very nice print on 100% coton high quality paper.\",\"breadcrumb\":{\"@id\":\"https:\/\/www.billposters.fr\/en\/boutique\/tango-rene-gruau-copie\/#breadcrumb\"},\"inLanguage\":\"en-US\",\"potentialAction\":[{\"@type\":\"ReadAction\",\"target\":[\"https:\/\/www.billposters.fr\/en\/boutique\/tango-rene-gruau-copie\/\"]}]},{\"@type\":\"ImageObject\",\"inLanguage\":\"en-US\",\"@id\":\"https:\/\/www.billposters.fr\/en\/boutique\/tango-rene-gruau-copie\/#primaryimage\",\"url\":\"https:\/\/www.billposters.fr\/wp-content\/uploads\/2021\/01\/illustration-rene-gruau_modele-sur-fond-rouge.jpg\",\"contentUrl\":\"https:\/\/www.billposters.fr\/wp-content\/uploads\/2021\/01\/illustration-rene-gruau_modele-sur-fond-rouge.jpg\",\"width\":1024,\"height\":1283,\"caption\":\"Illustration Model on red background by Ren\u00e9 Gruau\"},{\"@type\":\"BreadcrumbList\",\"@id\":\"https:\/\/www.billposters.fr\/en\/boutique\/tango-rene-gruau-copie\/#breadcrumb\",\"itemListElement\":[{\"@type\":\"ListItem\",\"position\":1,\"name\":\"Accueil\",\"item\":\"https:\/\/www.billposters.fr\/en\/home-2022\/\"},{\"@type\":\"ListItem\",\"position\":2,\"name\":\"Shop\",\"item\":\"https:\/\/www.billposters.fr\/en\/shop\/\"},{\"@type\":\"ListItem\",\"position\":3,\"name\":\"Model on red background, Ren\u00e9 Gruau\"}]},{\"@type\":\"WebSite\",\"@id\":\"https:\/\/www.billposters.fr\/en\/#website\",\"url\":\"https:\/\/www.billposters.fr\/en\/\",\"name\":\"Bill Posters\",\"description\":\"Reproduction et vente de posters de tr\u00e8s haute qualit\u00e9 r\u00e9alis\u00e9es par les grands ma\u00eetres de l&#039;affiche.\",\"publisher\":{\"@id\":\"https:\/\/www.billposters.fr\/en\/#organization\"},\"potentialAction\":[{\"@type\":\"SearchAction\",\"target\":{\"@type\":\"EntryPoint\",\"urlTemplate\":\"https:\/\/www.billposters.fr\/en\/?s={search_term_string}\"},\"query-input\":{\"@type\":\"PropertyValueSpecification\",\"valueRequired\":true,\"valueName\":\"search_term_string\"}}],\"inLanguage\":\"en-US\"},{\"@type\":\"Organization\",\"@id\":\"https:\/\/www.billposters.fr\/en\/#organization\",\"name\":\"Billposters\",\"url\":\"https:\/\/www.billposters.fr\/en\/\",\"logo\":{\"@type\":\"ImageObject\",\"inLanguage\":\"en-US\",\"@id\":\"https:\/\/www.billposters.fr\/en\/#\/schema\/logo\/image\/\",\"url\":\"https:\/\/www.billposters.fr\/wp-content\/uploads\/2020\/08\/Bill-Posters-logo.png\",\"contentUrl\":\"https:\/\/www.billposters.fr\/wp-content\/uploads\/2020\/08\/Bill-Posters-logo.png\",\"width\":300,\"height\":76,\"caption\":\"Billposters\"},\"image\":{\"@id\":\"https:\/\/www.billposters.fr\/en\/#\/schema\/logo\/image\/\"},\"sameAs\":[\"https:\/\/www.facebook.com\/billpostersaffiches\"]}]}<\/script>\n<!-- \/ Yoast SEO plugin. -->","yoast_head_json":{"title":"Model on red background, Ren\u00e9 Gruau | Bill Posters","description":"Cabaret dancer poster. Ren\u00e9 Gruau fashion illustrator. Very nice print on 100% coton high quality paper.","robots":{"index":"index","follow":"follow","max-snippet":"max-snippet:-1","max-image-preview":"max-image-preview:large","max-video-preview":"max-video-preview:-1"},"canonical":"https:\/\/www.billposters.fr\/en\/boutique\/tango-rene-gruau-copie\/","og_locale":"en_US","og_type":"article","og_title":"Model on red background, Ren\u00e9 Gruau | Bill Posters","og_description":"Cabaret dancer poster. Ren\u00e9 Gruau fashion illustrator. Very nice print on 100% coton high quality paper.","og_url":"https:\/\/www.billposters.fr\/en\/boutique\/tango-rene-gruau-copie\/","og_site_name":"Bill Posters","article_publisher":"https:\/\/www.facebook.com\/billpostersaffiches","article_modified_time":"2025-04-15T12:32:35+00:00","og_image":[{"width":1024,"height":1283,"url":"https:\/\/www.billposters.fr\/wp-content\/uploads\/2021\/01\/illustration-rene-gruau_modele-sur-fond-rouge.jpg","type":"image\/jpeg"}],"twitter_card":"summary_large_image","twitter_misc":{"Est. reading time":"2 minutes"},"schema":{"@context":"https:\/\/schema.org","@graph":[{"@type":"WebPage","@id":"https:\/\/www.billposters.fr\/en\/boutique\/tango-rene-gruau-copie\/","url":"https:\/\/www.billposters.fr\/en\/boutique\/tango-rene-gruau-copie\/","name":"Model on red background, Ren\u00e9 Gruau | Bill Posters","isPartOf":{"@id":"https:\/\/www.billposters.fr\/en\/#website"},"primaryImageOfPage":{"@id":"https:\/\/www.billposters.fr\/en\/boutique\/tango-rene-gruau-copie\/#primaryimage"},"image":{"@id":"https:\/\/www.billposters.fr\/en\/boutique\/tango-rene-gruau-copie\/#primaryimage"},"thumbnailUrl":"https:\/\/www.billposters.fr\/wp-content\/uploads\/2021\/01\/illustration-rene-gruau_modele-sur-fond-rouge.jpg","datePublished":"2020-09-03T15:25:39+00:00","dateModified":"2025-04-15T12:32:35+00:00","description":"Cabaret dancer poster. Ren\u00e9 Gruau fashion illustrator. Very nice print on 100% coton high quality paper.","breadcrumb":{"@id":"https:\/\/www.billposters.fr\/en\/boutique\/tango-rene-gruau-copie\/#breadcrumb"},"inLanguage":"en-US","potentialAction":[{"@type":"ReadAction","target":["https:\/\/www.billposters.fr\/en\/boutique\/tango-rene-gruau-copie\/"]}]},{"@type":"ImageObject","inLanguage":"en-US","@id":"https:\/\/www.billposters.fr\/en\/boutique\/tango-rene-gruau-copie\/#primaryimage","url":"https:\/\/www.billposters.fr\/wp-content\/uploads\/2021\/01\/illustration-rene-gruau_modele-sur-fond-rouge.jpg","contentUrl":"https:\/\/www.billposters.fr\/wp-content\/uploads\/2021\/01\/illustration-rene-gruau_modele-sur-fond-rouge.jpg","width":1024,"height":1283,"caption":"Illustration Model on red background by Ren\u00e9 Gruau"},{"@type":"BreadcrumbList","@id":"https:\/\/www.billposters.fr\/en\/boutique\/tango-rene-gruau-copie\/#breadcrumb","itemListElement":[{"@type":"ListItem","position":1,"name":"Accueil","item":"https:\/\/www.billposters.fr\/en\/home-2022\/"},{"@type":"ListItem","position":2,"name":"Shop","item":"https:\/\/www.billposters.fr\/en\/shop\/"},{"@type":"ListItem","position":3,"name":"Model on red background, Ren\u00e9 Gruau"}]},{"@type":"WebSite","@id":"https:\/\/www.billposters.fr\/en\/#website","url":"https:\/\/www.billposters.fr\/en\/","name":"Bill Posters","description":"Reproduction et vente de posters de tr\u00e8s haute qualit\u00e9 r\u00e9alis\u00e9es par les grands ma\u00eetres de l&#039;affiche.","publisher":{"@id":"https:\/\/www.billposters.fr\/en\/#organization"},"potentialAction":[{"@type":"SearchAction","target":{"@type":"EntryPoint","urlTemplate":"https:\/\/www.billposters.fr\/en\/?s={search_term_string}"},"query-input":{"@type":"PropertyValueSpecification","valueRequired":true,"valueName":"search_term_string"}}],"inLanguage":"en-US"},{"@type":"Organization","@id":"https:\/\/www.billposters.fr\/en\/#organization","name":"Billposters","url":"https:\/\/www.billposters.fr\/en\/","logo":{"@type":"ImageObject","inLanguage":"en-US","@id":"https:\/\/www.billposters.fr\/en\/#\/schema\/logo\/image\/","url":"https:\/\/www.billposters.fr\/wp-content\/uploads\/2020\/08\/Bill-Posters-logo.png","contentUrl":"https:\/\/www.billposters.fr\/wp-content\/uploads\/2020\/08\/Bill-Posters-logo.png","width":300,"height":76,"caption":"Billposters"},"image":{"@id":"https:\/\/www.billposters.fr\/en\/#\/schema\/logo\/image\/"},"sameAs":["https:\/\/www.facebook.com\/billpostersaffiches"]}]}},"_links":{"self":[{"href":"https:\/\/www.billposters.fr\/en\/wp-json\/wp\/v2\/product\/5993","targetHints":{"allow":["GET"]}}],"collection":[{"href":"https:\/\/www.billposters.fr\/en\/wp-json\/wp\/v2\/product"}],"about":[{"href":"https:\/\/www.billposters.fr\/en\/wp-json\/wp\/v2\/types\/product"}],"wp:featuredmedia":[{"embeddable":true,"href":"https:\/\/www.billposters.fr\/en\/wp-json\/wp\/v2\/media\/5997"}],"wp:attachment":[{"href":"https:\/\/www.billposters.fr\/en\/wp-json\/wp\/v2\/media?parent=5993"}],"wp:term":[{"taxonomy":"product_brand","embeddable":true,"href":"https:\/\/www.billposters.fr\/en\/wp-json\/wp\/v2\/product_brand?post=5993"},{"taxonomy":"product_cat","embeddable":true,"href":"https:\/\/www.billposters.fr\/en\/wp-json\/wp\/v2\/product_cat?post=5993"},{"taxonomy":"product_tag","embeddable":true,"href":"https:\/\/www.billposters.fr\/en\/wp-json\/wp\/v2\/product_tag?post=5993"}],"curies":[{"name":"wp","href":"https:\/\/api.w.org\/{rel}","templated":true}]}}