{"id":6147,"date":"2021-02-08T18:05:01","date_gmt":"2021-02-08T17:05:01","guid":{"rendered":"https:\/\/www.billposters.fr\/?post_type=product&#038;p=6147"},"modified":"2024-06-08T17:20:17","modified_gmt":"2024-06-08T15:20:17","slug":"dance-modes-et-manieres-daujourdhui-1914-georges-barbier-copie-copie-copie-copie-copie-copie-copie-copie","status":"publish","type":"product","link":"https:\/\/www.billposters.fr\/en\/boutique\/dance-modes-et-manieres-daujourdhui-1914-georges-barbier-copie-copie-copie-copie-copie-copie-copie-copie\/","title":{"rendered":"Wordless romance, Falbalas et Fanfreluches, 1923, Georges Barbier"},"content":{"rendered":"<p>[et_pb_section fb_built=&#8221;1&#8243; _builder_version=&#8221;4.16&#8243; background_color=&#8221;rgba(0,0,0,0)&#8221; background_enable_image=&#8221;off&#8221; width=&#8221;100%&#8221; max_width=&#8221;100%&#8221; custom_margin=&#8221;50px|0px|0px|0px|false|false&#8221; custom_padding=&#8221;0px||||false|false&#8221; global_colors_info=&#8221;{}&#8221;][et_pb_row column_structure=&#8221;3_5,2_5&#8243; _builder_version=&#8221;4.16&#8243; background_size=&#8221;initial&#8221; background_position=&#8221;top_left&#8221; background_repeat=&#8221;repeat&#8221; width=&#8221;100%&#8221; custom_margin=&#8221;0px||||false|false&#8221; custom_padding=&#8221;30px||||false|false&#8221; global_colors_info=&#8221;{}&#8221;][et_pb_column type=&#8221;3_5&#8243; _builder_version=&#8221;4.16&#8243; custom_padding=&#8221;|||&#8221; global_colors_info=&#8221;{}&#8221; custom_padding__hover=&#8221;|||&#8221;][et_pb_wc_images _builder_version=&#8221;4.16&#8243; box_shadow_style=&#8221;preset3&#8243; global_colors_info=&#8221;{}&#8221;][\/et_pb_wc_images][\/et_pb_column][et_pb_column type=&#8221;2_5&#8243; _builder_version=&#8221;4.16&#8243; custom_padding=&#8221;|||&#8221; global_colors_info=&#8221;{}&#8221; custom_padding__hover=&#8221;|||&#8221;][et_pb_wc_title _builder_version=&#8221;4.16&#8243; header_text_color=&#8221;#000000&#8243; header_font_size=&#8221;40px&#8221; global_colors_info=&#8221;{}&#8221;][\/et_pb_wc_title][et_pb_wc_description description_type=&#8221;description&#8221; _builder_version=&#8221;4.16&#8243; body_line_height=&#8221;1.6em&#8221; custom_padding=&#8221;20px||||false|false&#8221; global_colors_info=&#8221;{}&#8221;][\/et_pb_wc_description][et_pb_wc_rating show_reviews_link=&#8221;off&#8221; _builder_version=&#8221;4.16&#8243; rating_text_color=&#8221;#e02b20&#8243; global_colors_info=&#8221;{}&#8221;][\/et_pb_wc_rating][et_pb_wc_price _builder_version=&#8221;4.16&#8243; body_text_color=&#8221;#e02b20&#8243; sale_price_text_color=&#8221;#5d0a00&#8243; global_colors_info=&#8221;{}&#8221;][\/et_pb_wc_price][et_pb_wc_add_to_cart show_stock=&#8221;off&#8221; _builder_version=&#8221;4.16&#8243; fields_background_color=&#8221;#e6e6e6&#8243; fields_text_color=&#8221;#e02b20&#8243; fields_focus_text_color=&#8221;#000000&#8243; dropdown_menus_background_color=&#8221;#e6e6e6&#8243; dropdown_menus_text_color=&#8221;#e02b20&#8243; field_label_text_color=&#8221;#000000&#8243; field_label_font_size=&#8221;23px&#8221; dropdown_menus_font_size=&#8221;16px&#8221; background_color=&#8221;rgba(0,0,0,0)&#8221; custom_button=&#8221;on&#8221; button_text_color=&#8221;#ffffff&#8221; button_bg_color=&#8221;#e02b20&#8243; button_border_width=&#8221;0px&#8221; button_font=&#8221;|800|||||||&#8221; button_use_icon=&#8221;off&#8221; custom_css_buttons=&#8221;opacity:1;&#8221; box_shadow_style_button=&#8221;preset2&#8243; body_text_color=&#8221;#000000&#8243; body_font_size=&#8221;23px&#8221; global_colors_info=&#8221;{}&#8221;][\/et_pb_wc_add_to_cart][\/et_pb_column][\/et_pb_row][\/et_pb_section][et_pb_section fb_built=&#8221;1&#8243; _builder_version=&#8221;4.16&#8243; background_color=&#8221;#f6f6f6&#8243; custom_margin=&#8221;50px||||false|false&#8221; custom_padding=&#8221;50px||0px||false|false&#8221; global_colors_info=&#8221;{}&#8221;][et_pb_row _builder_version=&#8221;4.16&#8243; width=&#8221;100%&#8221; max_width=&#8221;1438px&#8221; custom_margin=&#8221;|auto|0px|auto|false|false&#8221; custom_padding=&#8221;||0px||false|false&#8221; global_colors_info=&#8221;{}&#8221;][et_pb_column type=&#8221;4_4&#8243; _builder_version=&#8221;4.16&#8243; global_colors_info=&#8221;{}&#8221;][et_pb_text _builder_version=&#8221;4.16&#8243; _module_preset=&#8221;default&#8221; global_colors_info=&#8221;{}&#8221;]Fashion illustrations[\/et_pb_text][et_pb_shop type=&#8221;product_category&#8221; posts_number=&#8221;40&#8243; include_categories=&#8221;169&#8243; columns_number=&#8221;3&#8243; icon_hover_color=&#8221;#e02b20&#8243; hover_overlay_color=&#8221;rgba(255,255,255,0.5)&#8221; _builder_version=&#8221;4.16&#8243; _module_preset=&#8221;default&#8221; title_font=&#8221;||||||||&#8221; title_text_color=&#8221;#000000&#8243; title_font_size=&#8221;18px&#8221; price_text_color=&#8221;#e02b20&#8243; price_font_size=&#8221;14px&#8221; sale_price_text_color=&#8221;#e02b20&#8243; sale_price_font_size=&#8221;16px&#8221; custom_css_image=&#8221;box-shadow: 6px 6px 18px 0px rgba(0,0,0,0.3);&#8221; global_colors_info=&#8221;{}&#8221;][\/et_pb_shop][et_pb_shop type=&#8221;product_category&#8221; posts_number=&#8221;40&#8243; include_categories=&#8221;108&#8243; icon_hover_color=&#8221;#e02b20&#8243; hover_overlay_color=&#8221;rgba(255,255,255,0.5)&#8221; _builder_version=&#8221;4.16&#8243; _module_preset=&#8221;default&#8221; title_font=&#8221;||||||||&#8221; title_text_color=&#8221;#000000&#8243; title_font_size=&#8221;18px&#8221; price_text_color=&#8221;#e02b20&#8243; price_font_size=&#8221;14px&#8221; sale_price_text_color=&#8221;#e02b20&#8243; sale_price_font_size=&#8221;16px&#8221; custom_css_image=&#8221;box-shadow: 6px 6px 18px 0px rgba(0,0,0,0.3);&#8221; global_colors_info=&#8221;{}&#8221;][\/et_pb_shop][\/et_pb_column][\/et_pb_row][\/et_pb_section]<\/p>\n","protected":false},"excerpt":{"rendered":"<p>Fashion illustrations<\/p>\n","protected":false},"featured_media":6159,"template":"","meta":{"_et_pb_use_builder":"on","_et_pb_old_content":"<img class=\" wp-image-2915 alignright\" src=\"https:\/\/www.billposters.fr\/wp-content\/uploads\/2020\/09\/georges-barbier-223x300.jpg\" alt=\"Artist Georges Barbier\" width=\"154\" height=\"207\">Georges Barbier was one of the most important and prolific artists of the Art Deco period. After his first exhibition at the Galerie Boutet de Monvel in 1911 in Paris, he quickly reached the height of his profession, a position which he was to keep throughout his short life.\nHe was the essential fashion illustrator of Art Deco : <em>Vogue<\/em>, <em>Le Journal des dames et des modes<\/em>, <em>Modes et mani\u00e8res d\u2019aujourd\u2019hui<\/em>, <em>Art Go\u00fbt Beaut\u00e9<\/em> and of course <em>La Gazette du bon ton<\/em> edited by Lucien Vogel. He illustrated many luxury works in limited editions : <em>Falbalas et Fanfreluches<\/em>, <em>Casanova<\/em>, <em>F\u00eates galantes<\/em>, <em>Dessins sur les danses<\/em> by Vaslav Nijinsky, <em>Les Liaisons dangereuses<\/em> or the superb <em>Bonheur du jour<\/em>.\n\n<strong>Ready-to-be-framed size 21 x 29.7 cm\n<\/strong>","_et_gb_content_width":""},"product_brand":[],"product_cat":[498,242],"product_tag":[],"class_list":{"0":"post-6147","1":"product","2":"type-product","3":"status-publish","4":"has-post-thumbnail","6":"product_cat-falbalas-et-fanfreluches-en","7":"product_cat-g-barbier-en","9":"first","10":"instock","11":"shipping-taxable","12":"purchasable","13":"product-type-simple"},"yoast_head":"<!-- This site is optimized with the Yoast SEO plugin v27.2 - https:\/\/yoast.com\/product\/yoast-seo-wordpress\/ -->\n<title>Wordless romance, Falbalas et Fanfreluches, 1923, Georges Barbier | Bill Posters<\/title>\n<meta name=\"description\" content=\"Art deco fashion illustration. Luxury fashion magazine of the 1920s. Very nice print on 100% coton high quality paper.\" \/>\n<meta name=\"robots\" content=\"index, follow, max-snippet:-1, max-image-preview:large, max-video-preview:-1\" \/>\n<link rel=\"canonical\" href=\"https:\/\/www.billposters.fr\/en\/boutique\/dance-modes-et-manieres-daujourdhui-1914-georges-barbier-copie-copie-copie-copie-copie-copie-copie-copie\/\" \/>\n<meta property=\"og:locale\" content=\"en_US\" \/>\n<meta property=\"og:type\" content=\"article\" \/>\n<meta property=\"og:title\" content=\"Wordless romance, Falbalas et Fanfreluches, 1923, Georges Barbier | Bill Posters\" \/>\n<meta property=\"og:description\" content=\"Art deco fashion illustration. Luxury fashion magazine of the 1920s. Very nice print on 100% coton high quality paper.\" \/>\n<meta property=\"og:url\" content=\"https:\/\/www.billposters.fr\/en\/boutique\/dance-modes-et-manieres-daujourdhui-1914-georges-barbier-copie-copie-copie-copie-copie-copie-copie-copie\/\" \/>\n<meta property=\"og:site_name\" content=\"Bill Posters\" \/>\n<meta property=\"article:publisher\" content=\"https:\/\/www.facebook.com\/billpostersaffiches\" \/>\n<meta property=\"article:modified_time\" content=\"2024-06-08T15:20:17+00:00\" \/>\n<meta property=\"og:image\" content=\"https:\/\/www.billposters.fr\/wp-content\/uploads\/2021\/02\/illustration-georges-barbier-romance-sans-paroles.jpg\" \/>\n\t<meta property=\"og:image:width\" content=\"850\" \/>\n\t<meta property=\"og:image:height\" content=\"1201\" \/>\n\t<meta property=\"og:image:type\" content=\"image\/jpeg\" \/>\n<meta name=\"twitter:card\" content=\"summary_large_image\" \/>\n<meta name=\"twitter:label1\" content=\"Est. reading time\" \/>\n\t<meta name=\"twitter:data1\" content=\"3 minutes\" \/>\n<script type=\"application\/ld+json\" class=\"yoast-schema-graph\">{\"@context\":\"https:\/\/schema.org\",\"@graph\":[{\"@type\":\"WebPage\",\"@id\":\"https:\/\/www.billposters.fr\/en\/boutique\/dance-modes-et-manieres-daujourdhui-1914-georges-barbier-copie-copie-copie-copie-copie-copie-copie-copie\/\",\"url\":\"https:\/\/www.billposters.fr\/en\/boutique\/dance-modes-et-manieres-daujourdhui-1914-georges-barbier-copie-copie-copie-copie-copie-copie-copie-copie\/\",\"name\":\"Wordless romance, Falbalas et Fanfreluches, 1923, Georges Barbier | Bill Posters\",\"isPartOf\":{\"@id\":\"https:\/\/www.billposters.fr\/en\/#website\"},\"primaryImageOfPage\":{\"@id\":\"https:\/\/www.billposters.fr\/en\/boutique\/dance-modes-et-manieres-daujourdhui-1914-georges-barbier-copie-copie-copie-copie-copie-copie-copie-copie\/#primaryimage\"},\"image\":{\"@id\":\"https:\/\/www.billposters.fr\/en\/boutique\/dance-modes-et-manieres-daujourdhui-1914-georges-barbier-copie-copie-copie-copie-copie-copie-copie-copie\/#primaryimage\"},\"thumbnailUrl\":\"https:\/\/www.billposters.fr\/wp-content\/uploads\/2021\/02\/illustration-georges-barbier-romance-sans-paroles.jpg\",\"datePublished\":\"2021-02-08T17:05:01+00:00\",\"dateModified\":\"2024-06-08T15:20:17+00:00\",\"description\":\"Art deco fashion illustration. Luxury fashion magazine of the 1920s. Very nice print on 100% coton high quality paper.\",\"breadcrumb\":{\"@id\":\"https:\/\/www.billposters.fr\/en\/boutique\/dance-modes-et-manieres-daujourdhui-1914-georges-barbier-copie-copie-copie-copie-copie-copie-copie-copie\/#breadcrumb\"},\"inLanguage\":\"en-US\",\"potentialAction\":[{\"@type\":\"ReadAction\",\"target\":[\"https:\/\/www.billposters.fr\/en\/boutique\/dance-modes-et-manieres-daujourdhui-1914-georges-barbier-copie-copie-copie-copie-copie-copie-copie-copie\/\"]}]},{\"@type\":\"ImageObject\",\"inLanguage\":\"en-US\",\"@id\":\"https:\/\/www.billposters.fr\/en\/boutique\/dance-modes-et-manieres-daujourdhui-1914-georges-barbier-copie-copie-copie-copie-copie-copie-copie-copie\/#primaryimage\",\"url\":\"https:\/\/www.billposters.fr\/wp-content\/uploads\/2021\/02\/illustration-georges-barbier-romance-sans-paroles.jpg\",\"contentUrl\":\"https:\/\/www.billposters.fr\/wp-content\/uploads\/2021\/02\/illustration-georges-barbier-romance-sans-paroles.jpg\",\"width\":850,\"height\":1201,\"caption\":\"Illustration georges barbier wordless romance\"},{\"@type\":\"BreadcrumbList\",\"@id\":\"https:\/\/www.billposters.fr\/en\/boutique\/dance-modes-et-manieres-daujourdhui-1914-georges-barbier-copie-copie-copie-copie-copie-copie-copie-copie\/#breadcrumb\",\"itemListElement\":[{\"@type\":\"ListItem\",\"position\":1,\"name\":\"Accueil\",\"item\":\"https:\/\/www.billposters.fr\/en\/home-2022\/\"},{\"@type\":\"ListItem\",\"position\":2,\"name\":\"Shop\",\"item\":\"https:\/\/www.billposters.fr\/en\/shop\/\"},{\"@type\":\"ListItem\",\"position\":3,\"name\":\"Wordless romance, Falbalas et Fanfreluches, 1923, Georges Barbier\"}]},{\"@type\":\"WebSite\",\"@id\":\"https:\/\/www.billposters.fr\/en\/#website\",\"url\":\"https:\/\/www.billposters.fr\/en\/\",\"name\":\"Bill Posters\",\"description\":\"Reproduction et vente de posters de tr\u00e8s haute qualit\u00e9 r\u00e9alis\u00e9es par les grands ma\u00eetres de l&#039;affiche.\",\"publisher\":{\"@id\":\"https:\/\/www.billposters.fr\/en\/#organization\"},\"potentialAction\":[{\"@type\":\"SearchAction\",\"target\":{\"@type\":\"EntryPoint\",\"urlTemplate\":\"https:\/\/www.billposters.fr\/en\/?s={search_term_string}\"},\"query-input\":{\"@type\":\"PropertyValueSpecification\",\"valueRequired\":true,\"valueName\":\"search_term_string\"}}],\"inLanguage\":\"en-US\"},{\"@type\":\"Organization\",\"@id\":\"https:\/\/www.billposters.fr\/en\/#organization\",\"name\":\"Billposters\",\"url\":\"https:\/\/www.billposters.fr\/en\/\",\"logo\":{\"@type\":\"ImageObject\",\"inLanguage\":\"en-US\",\"@id\":\"https:\/\/www.billposters.fr\/en\/#\/schema\/logo\/image\/\",\"url\":\"https:\/\/www.billposters.fr\/wp-content\/uploads\/2020\/08\/Bill-Posters-logo.png\",\"contentUrl\":\"https:\/\/www.billposters.fr\/wp-content\/uploads\/2020\/08\/Bill-Posters-logo.png\",\"width\":300,\"height\":76,\"caption\":\"Billposters\"},\"image\":{\"@id\":\"https:\/\/www.billposters.fr\/en\/#\/schema\/logo\/image\/\"},\"sameAs\":[\"https:\/\/www.facebook.com\/billpostersaffiches\"]}]}<\/script>\n<!-- \/ Yoast SEO plugin. -->","yoast_head_json":{"title":"Wordless romance, Falbalas et Fanfreluches, 1923, Georges Barbier | Bill Posters","description":"Art deco fashion illustration. Luxury fashion magazine of the 1920s. Very nice print on 100% coton high quality paper.","robots":{"index":"index","follow":"follow","max-snippet":"max-snippet:-1","max-image-preview":"max-image-preview:large","max-video-preview":"max-video-preview:-1"},"canonical":"https:\/\/www.billposters.fr\/en\/boutique\/dance-modes-et-manieres-daujourdhui-1914-georges-barbier-copie-copie-copie-copie-copie-copie-copie-copie\/","og_locale":"en_US","og_type":"article","og_title":"Wordless romance, Falbalas et Fanfreluches, 1923, Georges Barbier | Bill Posters","og_description":"Art deco fashion illustration. Luxury fashion magazine of the 1920s. Very nice print on 100% coton high quality paper.","og_url":"https:\/\/www.billposters.fr\/en\/boutique\/dance-modes-et-manieres-daujourdhui-1914-georges-barbier-copie-copie-copie-copie-copie-copie-copie-copie\/","og_site_name":"Bill Posters","article_publisher":"https:\/\/www.facebook.com\/billpostersaffiches","article_modified_time":"2024-06-08T15:20:17+00:00","og_image":[{"width":850,"height":1201,"url":"https:\/\/www.billposters.fr\/wp-content\/uploads\/2021\/02\/illustration-georges-barbier-romance-sans-paroles.jpg","type":"image\/jpeg"}],"twitter_card":"summary_large_image","twitter_misc":{"Est. reading time":"3 minutes"},"schema":{"@context":"https:\/\/schema.org","@graph":[{"@type":"WebPage","@id":"https:\/\/www.billposters.fr\/en\/boutique\/dance-modes-et-manieres-daujourdhui-1914-georges-barbier-copie-copie-copie-copie-copie-copie-copie-copie\/","url":"https:\/\/www.billposters.fr\/en\/boutique\/dance-modes-et-manieres-daujourdhui-1914-georges-barbier-copie-copie-copie-copie-copie-copie-copie-copie\/","name":"Wordless romance, Falbalas et Fanfreluches, 1923, Georges Barbier | Bill Posters","isPartOf":{"@id":"https:\/\/www.billposters.fr\/en\/#website"},"primaryImageOfPage":{"@id":"https:\/\/www.billposters.fr\/en\/boutique\/dance-modes-et-manieres-daujourdhui-1914-georges-barbier-copie-copie-copie-copie-copie-copie-copie-copie\/#primaryimage"},"image":{"@id":"https:\/\/www.billposters.fr\/en\/boutique\/dance-modes-et-manieres-daujourdhui-1914-georges-barbier-copie-copie-copie-copie-copie-copie-copie-copie\/#primaryimage"},"thumbnailUrl":"https:\/\/www.billposters.fr\/wp-content\/uploads\/2021\/02\/illustration-georges-barbier-romance-sans-paroles.jpg","datePublished":"2021-02-08T17:05:01+00:00","dateModified":"2024-06-08T15:20:17+00:00","description":"Art deco fashion illustration. Luxury fashion magazine of the 1920s. Very nice print on 100% coton high quality paper.","breadcrumb":{"@id":"https:\/\/www.billposters.fr\/en\/boutique\/dance-modes-et-manieres-daujourdhui-1914-georges-barbier-copie-copie-copie-copie-copie-copie-copie-copie\/#breadcrumb"},"inLanguage":"en-US","potentialAction":[{"@type":"ReadAction","target":["https:\/\/www.billposters.fr\/en\/boutique\/dance-modes-et-manieres-daujourdhui-1914-georges-barbier-copie-copie-copie-copie-copie-copie-copie-copie\/"]}]},{"@type":"ImageObject","inLanguage":"en-US","@id":"https:\/\/www.billposters.fr\/en\/boutique\/dance-modes-et-manieres-daujourdhui-1914-georges-barbier-copie-copie-copie-copie-copie-copie-copie-copie\/#primaryimage","url":"https:\/\/www.billposters.fr\/wp-content\/uploads\/2021\/02\/illustration-georges-barbier-romance-sans-paroles.jpg","contentUrl":"https:\/\/www.billposters.fr\/wp-content\/uploads\/2021\/02\/illustration-georges-barbier-romance-sans-paroles.jpg","width":850,"height":1201,"caption":"Illustration georges barbier wordless romance"},{"@type":"BreadcrumbList","@id":"https:\/\/www.billposters.fr\/en\/boutique\/dance-modes-et-manieres-daujourdhui-1914-georges-barbier-copie-copie-copie-copie-copie-copie-copie-copie\/#breadcrumb","itemListElement":[{"@type":"ListItem","position":1,"name":"Accueil","item":"https:\/\/www.billposters.fr\/en\/home-2022\/"},{"@type":"ListItem","position":2,"name":"Shop","item":"https:\/\/www.billposters.fr\/en\/shop\/"},{"@type":"ListItem","position":3,"name":"Wordless romance, Falbalas et Fanfreluches, 1923, Georges Barbier"}]},{"@type":"WebSite","@id":"https:\/\/www.billposters.fr\/en\/#website","url":"https:\/\/www.billposters.fr\/en\/","name":"Bill Posters","description":"Reproduction et vente de posters de tr\u00e8s haute qualit\u00e9 r\u00e9alis\u00e9es par les grands ma\u00eetres de l&#039;affiche.","publisher":{"@id":"https:\/\/www.billposters.fr\/en\/#organization"},"potentialAction":[{"@type":"SearchAction","target":{"@type":"EntryPoint","urlTemplate":"https:\/\/www.billposters.fr\/en\/?s={search_term_string}"},"query-input":{"@type":"PropertyValueSpecification","valueRequired":true,"valueName":"search_term_string"}}],"inLanguage":"en-US"},{"@type":"Organization","@id":"https:\/\/www.billposters.fr\/en\/#organization","name":"Billposters","url":"https:\/\/www.billposters.fr\/en\/","logo":{"@type":"ImageObject","inLanguage":"en-US","@id":"https:\/\/www.billposters.fr\/en\/#\/schema\/logo\/image\/","url":"https:\/\/www.billposters.fr\/wp-content\/uploads\/2020\/08\/Bill-Posters-logo.png","contentUrl":"https:\/\/www.billposters.fr\/wp-content\/uploads\/2020\/08\/Bill-Posters-logo.png","width":300,"height":76,"caption":"Billposters"},"image":{"@id":"https:\/\/www.billposters.fr\/en\/#\/schema\/logo\/image\/"},"sameAs":["https:\/\/www.facebook.com\/billpostersaffiches"]}]}},"_links":{"self":[{"href":"https:\/\/www.billposters.fr\/en\/wp-json\/wp\/v2\/product\/6147","targetHints":{"allow":["GET"]}}],"collection":[{"href":"https:\/\/www.billposters.fr\/en\/wp-json\/wp\/v2\/product"}],"about":[{"href":"https:\/\/www.billposters.fr\/en\/wp-json\/wp\/v2\/types\/product"}],"wp:featuredmedia":[{"embeddable":true,"href":"https:\/\/www.billposters.fr\/en\/wp-json\/wp\/v2\/media\/6159"}],"wp:attachment":[{"href":"https:\/\/www.billposters.fr\/en\/wp-json\/wp\/v2\/media?parent=6147"}],"wp:term":[{"taxonomy":"product_brand","embeddable":true,"href":"https:\/\/www.billposters.fr\/en\/wp-json\/wp\/v2\/product_brand?post=6147"},{"taxonomy":"product_cat","embeddable":true,"href":"https:\/\/www.billposters.fr\/en\/wp-json\/wp\/v2\/product_cat?post=6147"},{"taxonomy":"product_tag","embeddable":true,"href":"https:\/\/www.billposters.fr\/en\/wp-json\/wp\/v2\/product_tag?post=6147"}],"curies":[{"name":"wp","href":"https:\/\/api.w.org\/{rel}","templated":true}]}}