{"id":6696,"date":"2021-05-25T15:27:11","date_gmt":"2021-05-25T13:27:11","guid":{"rendered":"https:\/\/www.billposters.fr\/?post_type=product&#038;p=6696"},"modified":"2021-07-19T17:27:11","modified_gmt":"2021-07-19T15:27:11","slug":"the-eiffel-tower-frontispiece-henri-riviere-thirty-six-views-of-the-eiffel-tower-1902-copie","status":"publish","type":"product","link":"https:\/\/www.billposters.fr\/en\/boutique\/the-eiffel-tower-frontispiece-henri-riviere-thirty-six-views-of-the-eiffel-tower-1902-copie\/","title":{"rendered":"On the roofs, Henri Rivi\u00e8re \u2013 Thirty-Six Views of the Eiffel Tower, 1902"},"content":{"rendered":"<p>[et_pb_section fb_built=&#8221;1&#8243; _builder_version=&#8221;4.5.7&#8243; background_color=&#8221;rgba(0,0,0,0)&#8221; background_enable_image=&#8221;off&#8221; width=&#8221;100%&#8221; max_width=&#8221;100%&#8221; custom_margin=&#8221;50px|0px|0px|0px|false|false&#8221; custom_padding=&#8221;0px||||false|false&#8221;][et_pb_row column_structure=&#8221;3_5,2_5&#8243; _builder_version=&#8221;4.5.7&#8243; background_size=&#8221;initial&#8221; background_position=&#8221;top_left&#8221; background_repeat=&#8221;repeat&#8221; width=&#8221;100%&#8221; custom_margin=&#8221;0px||||false|false&#8221; custom_padding=&#8221;30px||||false|false&#8221;][et_pb_column type=&#8221;3_5&#8243; _builder_version=&#8221;3.25&#8243; custom_padding=&#8221;|||&#8221; custom_padding__hover=&#8221;|||&#8221;][et_pb_wc_images _builder_version=&#8221;4.4.2&#8243; box_shadow_style=&#8221;preset3&#8243;][\/et_pb_wc_images][\/et_pb_column][et_pb_column type=&#8221;2_5&#8243; _builder_version=&#8221;3.25&#8243; custom_padding=&#8221;|||&#8221; custom_padding__hover=&#8221;|||&#8221;][et_pb_wc_title _builder_version=&#8221;4.5.3&#8243; header_text_color=&#8221;#000000&#8243; header_font_size=&#8221;40px&#8221;][\/et_pb_wc_title][et_pb_wc_description description_type=&#8221;description&#8221; _builder_version=&#8221;4.5.7&#8243; body_line_height=&#8221;1.6em&#8221; custom_padding=&#8221;20px||||false|false&#8221;][\/et_pb_wc_description][et_pb_wc_rating show_reviews_link=&#8221;off&#8221; _builder_version=&#8221;4.5.6&#8243; rating_text_color=&#8221;#e02b20&#8243;][\/et_pb_wc_rating][et_pb_wc_price _builder_version=&#8221;4.5.3&#8243; body_text_color=&#8221;#e02b20&#8243; sale_price_text_color=&#8221;#5d0a00&#8243;][\/et_pb_wc_price][et_pb_wc_add_to_cart show_stock=&#8221;off&#8221; _builder_version=&#8221;4.5.6&#8243; fields_background_color=&#8221;#e6e6e6&#8243; fields_text_color=&#8221;#e02b20&#8243; fields_focus_text_color=&#8221;#000000&#8243; dropdown_menus_background_color=&#8221;#e6e6e6&#8243; dropdown_menus_text_color=&#8221;#e02b20&#8243; body_text_color=&#8221;#000000&#8243; body_font_size=&#8221;23px&#8221; dropdown_menus_font_size=&#8221;16px&#8221; background_color=&#8221;rgba(0,0,0,0)&#8221; custom_button=&#8221;on&#8221; button_text_color=&#8221;#ffffff&#8221; button_bg_color=&#8221;#e02b20&#8243; button_border_width=&#8221;0px&#8221; button_font=&#8221;|800|||||||&#8221; button_use_icon=&#8221;off&#8221; custom_css_buttons=&#8221;opacity:1;&#8221; box_shadow_style_button=&#8221;preset2&#8243;][\/et_pb_wc_add_to_cart][\/et_pb_column][\/et_pb_row][\/et_pb_section][et_pb_section fb_built=&#8221;1&#8243; _builder_version=&#8221;4.5.7&#8243; background_color=&#8221;#f6f6f6&#8243; custom_margin=&#8221;50px||||false|false&#8221; custom_padding=&#8221;50px||0px||false|false&#8221;][et_pb_row _builder_version=&#8221;4.6.5&#8243; width=&#8221;100%&#8221; max_width=&#8221;1438px&#8221; custom_margin=&#8221;|auto|0px|auto|false|false&#8221; custom_padding=&#8221;||0px||false|false&#8221;][et_pb_column type=&#8221;4_4&#8243; _builder_version=&#8221;4.4.3&#8243;][et_pb_text _builder_version=&#8221;4.5.7&#8243; _module_preset=&#8221;default&#8221;]<\/p>\n<p>Illustrations on the theme of Paris<\/p>\n<p>[\/et_pb_text][et_pb_shop type=&#8221;product_category&#8221; posts_number=&#8221;40&#8243; include_categories=&#8221;117&#8243; icon_hover_color=&#8221;#e02b20&#8243; hover_overlay_color=&#8221;rgba(255,255,255,0.5)&#8221; _builder_version=&#8221;4.5.7&#8243; _module_preset=&#8221;default&#8221; title_font=&#8221;||||||||&#8221; title_text_color=&#8221;#000000&#8243; title_font_size=&#8221;18px&#8221; price_text_color=&#8221;#e02b20&#8243; price_font_size=&#8221;14px&#8221; sale_price_text_color=&#8221;#e02b20&#8243; sale_price_font_size=&#8221;16px&#8221; custom_css_image=&#8221;box-shadow: 6px 6px 18px 0px rgba(0,0,0,0.3);&#8221;][\/et_pb_shop][\/et_pb_column][\/et_pb_row][\/et_pb_section]<\/p>\n","protected":false},"excerpt":{"rendered":"<p>Illustrations on the theme of Paris<\/p>\n","protected":false},"featured_media":6699,"template":"","meta":{"_et_pb_use_builder":"on","_et_pb_old_content":"<img class=\" wp-image-4213 alignright\" src=\"https:\/\/www.billposters.fr\/wp-content\/uploads\/2020\/09\/henri.riviere.jpg\" alt=\"Artist Henri Rivi\u00e8re\" width=\"179\" height=\"171\">Henri Rivi\u00e8re, a founder of the Chat Noir cabaret, was one of the first masters of \"Japonism\", and a collector and lover of Japanese art. He reinvented the traditional methods of the Japanese print to produce colour prints whose perfection and beauty gave him instant renown. After seeing the Eiffel Tower being built, the idea came to him, as with Hokusai and his 36 views of Mount Fuji, to make his Thirty-Six Views of the Eiffel Tower, published as a book in 1902.\n\n\u00a0\n\n<strong>Ready to be framed<\/strong>","_et_gb_content_width":""},"product_brand":[],"product_cat":[254,205],"product_tag":[],"class_list":{"0":"post-6696","1":"product","2":"type-product","3":"status-publish","4":"has-post-thumbnail","6":"product_cat-h-riviere-en","7":"product_cat-paris-en","9":"first","10":"instock","11":"shipping-taxable","12":"purchasable","13":"product-type-variable"},"yoast_head":"<!-- This site is optimized with the Yoast SEO plugin v27.2 - https:\/\/yoast.com\/product\/yoast-seo-wordpress\/ -->\n<title>On the roofs, Henri Rivi\u00e8re \u2013 Thirty-Six Views of the Eiffel Tower, 1902 | Bill Posters<\/title>\n<meta name=\"description\" content=\"Paris print on the roofs Henri Rivi\u00e8re Thirty-Six Views of the Eiffel Tower. Very good print quality on Hahnem\u00fchle paper.\" \/>\n<meta name=\"robots\" content=\"index, follow, max-snippet:-1, max-image-preview:large, max-video-preview:-1\" \/>\n<link rel=\"canonical\" href=\"https:\/\/www.billposters.fr\/en\/boutique\/the-eiffel-tower-frontispiece-henri-riviere-thirty-six-views-of-the-eiffel-tower-1902-copie\/\" \/>\n<meta property=\"og:locale\" content=\"en_US\" \/>\n<meta property=\"og:type\" content=\"article\" \/>\n<meta property=\"og:title\" content=\"On the roofs, Henri Rivi\u00e8re \u2013 Thirty-Six Views of the Eiffel Tower, 1902 | Bill Posters\" \/>\n<meta property=\"og:description\" content=\"Paris print on the roofs Henri Rivi\u00e8re Thirty-Six Views of the Eiffel Tower. Very good print quality on Hahnem\u00fchle paper.\" \/>\n<meta property=\"og:url\" content=\"https:\/\/www.billposters.fr\/en\/boutique\/the-eiffel-tower-frontispiece-henri-riviere-thirty-six-views-of-the-eiffel-tower-1902-copie\/\" \/>\n<meta property=\"og:site_name\" content=\"Bill Posters\" \/>\n<meta property=\"article:publisher\" content=\"https:\/\/www.facebook.com\/billpostersaffiches\" \/>\n<meta property=\"article:modified_time\" content=\"2021-07-19T15:27:11+00:00\" \/>\n<meta property=\"og:image\" content=\"https:\/\/www.billposters.fr\/wp-content\/uploads\/2021\/05\/illustration-henri-riviere_sur-les-toits.jpg\" \/>\n\t<meta property=\"og:image:width\" content=\"1133\" \/>\n\t<meta property=\"og:image:height\" content=\"850\" \/>\n\t<meta property=\"og:image:type\" content=\"image\/jpeg\" \/>\n<meta name=\"twitter:card\" content=\"summary_large_image\" \/>\n<meta name=\"twitter:label1\" content=\"Est. reading time\" \/>\n\t<meta name=\"twitter:data1\" content=\"2 minutes\" \/>\n<script type=\"application\/ld+json\" class=\"yoast-schema-graph\">{\"@context\":\"https:\/\/schema.org\",\"@graph\":[{\"@type\":\"WebPage\",\"@id\":\"https:\/\/www.billposters.fr\/en\/boutique\/the-eiffel-tower-frontispiece-henri-riviere-thirty-six-views-of-the-eiffel-tower-1902-copie\/\",\"url\":\"https:\/\/www.billposters.fr\/en\/boutique\/the-eiffel-tower-frontispiece-henri-riviere-thirty-six-views-of-the-eiffel-tower-1902-copie\/\",\"name\":\"On the roofs, Henri Rivi\u00e8re \u2013 Thirty-Six Views of the Eiffel Tower, 1902 | Bill Posters\",\"isPartOf\":{\"@id\":\"https:\/\/www.billposters.fr\/en\/#website\"},\"primaryImageOfPage\":{\"@id\":\"https:\/\/www.billposters.fr\/en\/boutique\/the-eiffel-tower-frontispiece-henri-riviere-thirty-six-views-of-the-eiffel-tower-1902-copie\/#primaryimage\"},\"image\":{\"@id\":\"https:\/\/www.billposters.fr\/en\/boutique\/the-eiffel-tower-frontispiece-henri-riviere-thirty-six-views-of-the-eiffel-tower-1902-copie\/#primaryimage\"},\"thumbnailUrl\":\"https:\/\/www.billposters.fr\/wp-content\/uploads\/2021\/05\/illustration-henri-riviere_sur-les-toits.jpg\",\"datePublished\":\"2021-05-25T13:27:11+00:00\",\"dateModified\":\"2021-07-19T15:27:11+00:00\",\"description\":\"Paris print on the roofs Henri Rivi\u00e8re Thirty-Six Views of the Eiffel Tower. Very good print quality on Hahnem\u00fchle paper.\",\"breadcrumb\":{\"@id\":\"https:\/\/www.billposters.fr\/en\/boutique\/the-eiffel-tower-frontispiece-henri-riviere-thirty-six-views-of-the-eiffel-tower-1902-copie\/#breadcrumb\"},\"inLanguage\":\"en-US\",\"potentialAction\":[{\"@type\":\"ReadAction\",\"target\":[\"https:\/\/www.billposters.fr\/en\/boutique\/the-eiffel-tower-frontispiece-henri-riviere-thirty-six-views-of-the-eiffel-tower-1902-copie\/\"]}]},{\"@type\":\"ImageObject\",\"inLanguage\":\"en-US\",\"@id\":\"https:\/\/www.billposters.fr\/en\/boutique\/the-eiffel-tower-frontispiece-henri-riviere-thirty-six-views-of-the-eiffel-tower-1902-copie\/#primaryimage\",\"url\":\"https:\/\/www.billposters.fr\/wp-content\/uploads\/2021\/05\/illustration-henri-riviere_sur-les-toits.jpg\",\"contentUrl\":\"https:\/\/www.billposters.fr\/wp-content\/uploads\/2021\/05\/illustration-henri-riviere_sur-les-toits.jpg\",\"width\":1133,\"height\":850,\"caption\":\"Illustration henri riviere on the roofs\"},{\"@type\":\"BreadcrumbList\",\"@id\":\"https:\/\/www.billposters.fr\/en\/boutique\/the-eiffel-tower-frontispiece-henri-riviere-thirty-six-views-of-the-eiffel-tower-1902-copie\/#breadcrumb\",\"itemListElement\":[{\"@type\":\"ListItem\",\"position\":1,\"name\":\"Accueil\",\"item\":\"https:\/\/www.billposters.fr\/en\/home-2022\/\"},{\"@type\":\"ListItem\",\"position\":2,\"name\":\"Shop\",\"item\":\"https:\/\/www.billposters.fr\/en\/shop\/\"},{\"@type\":\"ListItem\",\"position\":3,\"name\":\"On the roofs, Henri Rivi\u00e8re \u2013 Thirty-Six Views of the Eiffel Tower, 1902\"}]},{\"@type\":\"WebSite\",\"@id\":\"https:\/\/www.billposters.fr\/en\/#website\",\"url\":\"https:\/\/www.billposters.fr\/en\/\",\"name\":\"Bill Posters\",\"description\":\"Reproduction et vente de posters de tr\u00e8s haute qualit\u00e9 r\u00e9alis\u00e9es par les grands ma\u00eetres de l&#039;affiche.\",\"publisher\":{\"@id\":\"https:\/\/www.billposters.fr\/en\/#organization\"},\"potentialAction\":[{\"@type\":\"SearchAction\",\"target\":{\"@type\":\"EntryPoint\",\"urlTemplate\":\"https:\/\/www.billposters.fr\/en\/?s={search_term_string}\"},\"query-input\":{\"@type\":\"PropertyValueSpecification\",\"valueRequired\":true,\"valueName\":\"search_term_string\"}}],\"inLanguage\":\"en-US\"},{\"@type\":\"Organization\",\"@id\":\"https:\/\/www.billposters.fr\/en\/#organization\",\"name\":\"Billposters\",\"url\":\"https:\/\/www.billposters.fr\/en\/\",\"logo\":{\"@type\":\"ImageObject\",\"inLanguage\":\"en-US\",\"@id\":\"https:\/\/www.billposters.fr\/en\/#\/schema\/logo\/image\/\",\"url\":\"https:\/\/www.billposters.fr\/wp-content\/uploads\/2020\/08\/Bill-Posters-logo.png\",\"contentUrl\":\"https:\/\/www.billposters.fr\/wp-content\/uploads\/2020\/08\/Bill-Posters-logo.png\",\"width\":300,\"height\":76,\"caption\":\"Billposters\"},\"image\":{\"@id\":\"https:\/\/www.billposters.fr\/en\/#\/schema\/logo\/image\/\"},\"sameAs\":[\"https:\/\/www.facebook.com\/billpostersaffiches\"]}]}<\/script>\n<!-- \/ Yoast SEO plugin. -->","yoast_head_json":{"title":"On the roofs, Henri Rivi\u00e8re \u2013 Thirty-Six Views of the Eiffel Tower, 1902 | Bill Posters","description":"Paris print on the roofs Henri Rivi\u00e8re Thirty-Six Views of the Eiffel Tower. Very good print quality on Hahnem\u00fchle paper.","robots":{"index":"index","follow":"follow","max-snippet":"max-snippet:-1","max-image-preview":"max-image-preview:large","max-video-preview":"max-video-preview:-1"},"canonical":"https:\/\/www.billposters.fr\/en\/boutique\/the-eiffel-tower-frontispiece-henri-riviere-thirty-six-views-of-the-eiffel-tower-1902-copie\/","og_locale":"en_US","og_type":"article","og_title":"On the roofs, Henri Rivi\u00e8re \u2013 Thirty-Six Views of the Eiffel Tower, 1902 | Bill Posters","og_description":"Paris print on the roofs Henri Rivi\u00e8re Thirty-Six Views of the Eiffel Tower. Very good print quality on Hahnem\u00fchle paper.","og_url":"https:\/\/www.billposters.fr\/en\/boutique\/the-eiffel-tower-frontispiece-henri-riviere-thirty-six-views-of-the-eiffel-tower-1902-copie\/","og_site_name":"Bill Posters","article_publisher":"https:\/\/www.facebook.com\/billpostersaffiches","article_modified_time":"2021-07-19T15:27:11+00:00","og_image":[{"width":1133,"height":850,"url":"https:\/\/www.billposters.fr\/wp-content\/uploads\/2021\/05\/illustration-henri-riviere_sur-les-toits.jpg","type":"image\/jpeg"}],"twitter_card":"summary_large_image","twitter_misc":{"Est. reading time":"2 minutes"},"schema":{"@context":"https:\/\/schema.org","@graph":[{"@type":"WebPage","@id":"https:\/\/www.billposters.fr\/en\/boutique\/the-eiffel-tower-frontispiece-henri-riviere-thirty-six-views-of-the-eiffel-tower-1902-copie\/","url":"https:\/\/www.billposters.fr\/en\/boutique\/the-eiffel-tower-frontispiece-henri-riviere-thirty-six-views-of-the-eiffel-tower-1902-copie\/","name":"On the roofs, Henri Rivi\u00e8re \u2013 Thirty-Six Views of the Eiffel Tower, 1902 | Bill Posters","isPartOf":{"@id":"https:\/\/www.billposters.fr\/en\/#website"},"primaryImageOfPage":{"@id":"https:\/\/www.billposters.fr\/en\/boutique\/the-eiffel-tower-frontispiece-henri-riviere-thirty-six-views-of-the-eiffel-tower-1902-copie\/#primaryimage"},"image":{"@id":"https:\/\/www.billposters.fr\/en\/boutique\/the-eiffel-tower-frontispiece-henri-riviere-thirty-six-views-of-the-eiffel-tower-1902-copie\/#primaryimage"},"thumbnailUrl":"https:\/\/www.billposters.fr\/wp-content\/uploads\/2021\/05\/illustration-henri-riviere_sur-les-toits.jpg","datePublished":"2021-05-25T13:27:11+00:00","dateModified":"2021-07-19T15:27:11+00:00","description":"Paris print on the roofs Henri Rivi\u00e8re Thirty-Six Views of the Eiffel Tower. Very good print quality on Hahnem\u00fchle paper.","breadcrumb":{"@id":"https:\/\/www.billposters.fr\/en\/boutique\/the-eiffel-tower-frontispiece-henri-riviere-thirty-six-views-of-the-eiffel-tower-1902-copie\/#breadcrumb"},"inLanguage":"en-US","potentialAction":[{"@type":"ReadAction","target":["https:\/\/www.billposters.fr\/en\/boutique\/the-eiffel-tower-frontispiece-henri-riviere-thirty-six-views-of-the-eiffel-tower-1902-copie\/"]}]},{"@type":"ImageObject","inLanguage":"en-US","@id":"https:\/\/www.billposters.fr\/en\/boutique\/the-eiffel-tower-frontispiece-henri-riviere-thirty-six-views-of-the-eiffel-tower-1902-copie\/#primaryimage","url":"https:\/\/www.billposters.fr\/wp-content\/uploads\/2021\/05\/illustration-henri-riviere_sur-les-toits.jpg","contentUrl":"https:\/\/www.billposters.fr\/wp-content\/uploads\/2021\/05\/illustration-henri-riviere_sur-les-toits.jpg","width":1133,"height":850,"caption":"Illustration henri riviere on the roofs"},{"@type":"BreadcrumbList","@id":"https:\/\/www.billposters.fr\/en\/boutique\/the-eiffel-tower-frontispiece-henri-riviere-thirty-six-views-of-the-eiffel-tower-1902-copie\/#breadcrumb","itemListElement":[{"@type":"ListItem","position":1,"name":"Accueil","item":"https:\/\/www.billposters.fr\/en\/home-2022\/"},{"@type":"ListItem","position":2,"name":"Shop","item":"https:\/\/www.billposters.fr\/en\/shop\/"},{"@type":"ListItem","position":3,"name":"On the roofs, Henri Rivi\u00e8re \u2013 Thirty-Six Views of the Eiffel Tower, 1902"}]},{"@type":"WebSite","@id":"https:\/\/www.billposters.fr\/en\/#website","url":"https:\/\/www.billposters.fr\/en\/","name":"Bill Posters","description":"Reproduction et vente de posters de tr\u00e8s haute qualit\u00e9 r\u00e9alis\u00e9es par les grands ma\u00eetres de l&#039;affiche.","publisher":{"@id":"https:\/\/www.billposters.fr\/en\/#organization"},"potentialAction":[{"@type":"SearchAction","target":{"@type":"EntryPoint","urlTemplate":"https:\/\/www.billposters.fr\/en\/?s={search_term_string}"},"query-input":{"@type":"PropertyValueSpecification","valueRequired":true,"valueName":"search_term_string"}}],"inLanguage":"en-US"},{"@type":"Organization","@id":"https:\/\/www.billposters.fr\/en\/#organization","name":"Billposters","url":"https:\/\/www.billposters.fr\/en\/","logo":{"@type":"ImageObject","inLanguage":"en-US","@id":"https:\/\/www.billposters.fr\/en\/#\/schema\/logo\/image\/","url":"https:\/\/www.billposters.fr\/wp-content\/uploads\/2020\/08\/Bill-Posters-logo.png","contentUrl":"https:\/\/www.billposters.fr\/wp-content\/uploads\/2020\/08\/Bill-Posters-logo.png","width":300,"height":76,"caption":"Billposters"},"image":{"@id":"https:\/\/www.billposters.fr\/en\/#\/schema\/logo\/image\/"},"sameAs":["https:\/\/www.facebook.com\/billpostersaffiches"]}]}},"_links":{"self":[{"href":"https:\/\/www.billposters.fr\/en\/wp-json\/wp\/v2\/product\/6696","targetHints":{"allow":["GET"]}}],"collection":[{"href":"https:\/\/www.billposters.fr\/en\/wp-json\/wp\/v2\/product"}],"about":[{"href":"https:\/\/www.billposters.fr\/en\/wp-json\/wp\/v2\/types\/product"}],"wp:featuredmedia":[{"embeddable":true,"href":"https:\/\/www.billposters.fr\/en\/wp-json\/wp\/v2\/media\/6699"}],"wp:attachment":[{"href":"https:\/\/www.billposters.fr\/en\/wp-json\/wp\/v2\/media?parent=6696"}],"wp:term":[{"taxonomy":"product_brand","embeddable":true,"href":"https:\/\/www.billposters.fr\/en\/wp-json\/wp\/v2\/product_brand?post=6696"},{"taxonomy":"product_cat","embeddable":true,"href":"https:\/\/www.billposters.fr\/en\/wp-json\/wp\/v2\/product_cat?post=6696"},{"taxonomy":"product_tag","embeddable":true,"href":"https:\/\/www.billposters.fr\/en\/wp-json\/wp\/v2\/product_tag?post=6696"}],"curies":[{"name":"wp","href":"https:\/\/api.w.org\/{rel}","templated":true}]}}