{"id":7452,"date":"2022-03-06T11:43:05","date_gmt":"2022-03-06T10:43:05","guid":{"rendered":"https:\/\/www.billposters.fr\/?post_type=product&#038;p=7452"},"modified":"2022-03-11T16:04:24","modified_gmt":"2022-03-11T15:04:24","slug":"small-wave-ascending-pointe-de-la-haye-henri-riviere-copie-copie-copie-copie-copie-copie-copie-copie-copie-copie-copie-copie","status":"publish","type":"product","link":"https:\/\/www.billposters.fr\/en\/boutique\/small-wave-ascending-pointe-de-la-haye-henri-riviere-copie-copie-copie-copie-copie-copie-copie-copie-copie-copie-copie-copie\/","title":{"rendered":"Wave as the tide falls (Tristan Isle channel), Henri Rivi\u00e8re"},"content":{"rendered":"<p>[et_pb_section fb_built=&#8221;1&#8243; _builder_version=&#8221;4.5.7&#8243; background_color=&#8221;rgba(0,0,0,0)&#8221; background_enable_image=&#8221;off&#8221; width=&#8221;100%&#8221; max_width=&#8221;100%&#8221; custom_margin=&#8221;50px|0px|0px|0px|false|false&#8221; custom_padding=&#8221;0px||||false|false&#8221; global_colors_info=&#8221;{}&#8221;][et_pb_row column_structure=&#8221;3_5,2_5&#8243; _builder_version=&#8221;4.5.7&#8243; background_size=&#8221;initial&#8221; background_position=&#8221;top_left&#8221; background_repeat=&#8221;repeat&#8221; width=&#8221;100%&#8221; custom_margin=&#8221;0px||||false|false&#8221; custom_padding=&#8221;30px||||false|false&#8221; global_colors_info=&#8221;{}&#8221;][et_pb_column type=&#8221;3_5&#8243; _builder_version=&#8221;3.25&#8243; custom_padding=&#8221;|||&#8221; global_colors_info=&#8221;{}&#8221; custom_padding__hover=&#8221;|||&#8221;][et_pb_wc_images _builder_version=&#8221;4.4.2&#8243; box_shadow_style=&#8221;preset3&#8243; global_colors_info=&#8221;{}&#8221;][\/et_pb_wc_images][\/et_pb_column][et_pb_column type=&#8221;2_5&#8243; _builder_version=&#8221;3.25&#8243; custom_padding=&#8221;|||&#8221; global_colors_info=&#8221;{}&#8221; custom_padding__hover=&#8221;|||&#8221;][et_pb_wc_title _builder_version=&#8221;4.5.3&#8243; header_text_color=&#8221;#000000&#8243; header_font_size=&#8221;40px&#8221; global_colors_info=&#8221;{}&#8221;][\/et_pb_wc_title][et_pb_wc_description description_type=&#8221;description&#8221; _builder_version=&#8221;4.5.7&#8243; body_line_height=&#8221;1.6em&#8221; custom_padding=&#8221;20px||||false|false&#8221; global_colors_info=&#8221;{}&#8221;][\/et_pb_wc_description][et_pb_wc_rating show_reviews_link=&#8221;off&#8221; _builder_version=&#8221;4.5.6&#8243; rating_text_color=&#8221;#e02b20&#8243; global_colors_info=&#8221;{}&#8221;][\/et_pb_wc_rating][et_pb_wc_price _builder_version=&#8221;4.5.3&#8243; body_text_color=&#8221;#e02b20&#8243; sale_price_text_color=&#8221;#5d0a00&#8243; global_colors_info=&#8221;{}&#8221;][\/et_pb_wc_price][et_pb_wc_add_to_cart show_stock=&#8221;off&#8221; fields_background_color=&#8221;#e6e6e6&#8243; fields_text_color=&#8221;#e02b20&#8243; fields_focus_text_color=&#8221;#000000&#8243; dropdown_menus_background_color=&#8221;#e6e6e6&#8243; dropdown_menus_text_color=&#8221;#e02b20&#8243; field_label_text_color=&#8221;#000000&#8243; field_label_font_size=&#8221;23px&#8221; dropdown_menus_font_size=&#8221;16px&#8221; background_color=&#8221;rgba(0,0,0,0)&#8221; custom_button=&#8221;on&#8221; button_text_color=&#8221;#ffffff&#8221; button_bg_color=&#8221;#e02b20&#8243; button_border_width=&#8221;0px&#8221; button_font=&#8221;|800|||||||&#8221; button_use_icon=&#8221;off&#8221; custom_css_buttons=&#8221;opacity:1;&#8221; box_shadow_style_button=&#8221;preset2&#8243; body_text_color=&#8221;#000000&#8243; body_font_size=&#8221;23px&#8221; global_colors_info=&#8221;{}&#8221;][\/et_pb_wc_add_to_cart][\/et_pb_column][\/et_pb_row][\/et_pb_section][et_pb_section fb_built=&#8221;1&#8243; _builder_version=&#8221;4.5.7&#8243; background_color=&#8221;#f6f6f6&#8243; custom_margin=&#8221;50px||||false|false&#8221; custom_padding=&#8221;50px||0px||false|false&#8221; global_colors_info=&#8221;{}&#8221;][et_pb_row _builder_version=&#8221;4.6.5&#8243; width=&#8221;100%&#8221; max_width=&#8221;1438px&#8221; custom_margin=&#8221;|auto|0px|auto|false|false&#8221; custom_padding=&#8221;||0px||false|false&#8221; global_colors_info=&#8221;{}&#8221;][et_pb_column type=&#8221;4_4&#8243; _builder_version=&#8221;4.4.3&#8243; global_colors_info=&#8221;{}&#8221;][et_pb_text _builder_version=&#8221;4.5.7&#8243; _module_preset=&#8221;default&#8221; global_colors_info=&#8221;{}&#8221;]<\/p>\n<p>Illustrations on the theme of Brittany<\/p>\n<p>[\/et_pb_text][et_pb_shop type=&#8221;product_category&#8221; posts_number=&#8221;50&#8243; include_categories=&#8221;116&#8243; icon_hover_color=&#8221;#e02b20&#8243; hover_overlay_color=&#8221;rgba(255,255,255,0.5)&#8221; _builder_version=&#8221;4.14.8&#8243; _module_preset=&#8221;default&#8221; title_font=&#8221;||||||||&#8221; title_text_color=&#8221;#000000&#8243; title_font_size=&#8221;18px&#8221; price_text_color=&#8221;#e02b20&#8243; price_font_size=&#8221;14px&#8221; sale_price_text_color=&#8221;#e02b20&#8243; sale_price_font_size=&#8221;16px&#8221; custom_css_image=&#8221;box-shadow: 6px 6px 18px 0px rgba(0,0,0,0.3);&#8221; global_colors_info=&#8221;{}&#8221;][\/et_pb_shop][\/et_pb_column][\/et_pb_row][\/et_pb_section]<\/p>\n","protected":false},"excerpt":{"rendered":"<p>Illustrations on the theme of Brittany<\/p>\n","protected":false},"featured_media":7455,"template":"","meta":{"_et_pb_use_builder":"on","_et_pb_old_content":"<img class=\" wp-image-4213 alignright\" src=\"https:\/\/www.billposters.fr\/wp-content\/uploads\/2020\/09\/henri.riviere.jpg\" alt=\"Artist Henri Rivi\u00e8re\" width=\"179\" height=\"171\">Henri Rivi\u00e8re was a main player in the renewal of colour stamps during the 1890s. His wood-engravings, brought together in two series \u2013 The Sea, Studies of Waves, and Breton Landscapes \u2013 stand as the most innovative part of his work. These genuine masterpieces are the fruit of experimental quests into Japanese-style wood engravings. Only published in twenty copies, and thus becoming the artist\u2019s rarest and most sought-after works, they offer both a poetic and synthetic vision of Breton coastlines.   \n\n<strong>Ready to be framed<\/strong>","_et_gb_content_width":""},"product_brand":[],"product_cat":[198,254],"product_tag":[],"class_list":{"0":"post-7452","1":"product","2":"type-product","3":"status-publish","4":"has-post-thumbnail","6":"product_cat-brittany","7":"product_cat-h-riviere-en","9":"first","10":"instock","11":"shipping-taxable","12":"purchasable","13":"product-type-variable"},"yoast_head":"<!-- This site is optimized with the Yoast SEO plugin v27.2 - https:\/\/yoast.com\/product\/yoast-seo-wordpress\/ -->\n<title>Wave as the tide falls (Tristan Isle channel), Henri Rivi\u00e8re | Bill Posters<\/title>\n<meta name=\"description\" content=\"Wave as the tide falls (Tristan Isle channel), Henri Rivi\u00e8re. Format 30 x 40. Very good print quality on Hahnem\u00fchle paper.\" \/>\n<meta name=\"robots\" content=\"index, follow, max-snippet:-1, max-image-preview:large, max-video-preview:-1\" \/>\n<link rel=\"canonical\" href=\"https:\/\/www.billposters.fr\/en\/boutique\/small-wave-ascending-pointe-de-la-haye-henri-riviere-copie-copie-copie-copie-copie-copie-copie-copie-copie-copie-copie-copie\/\" \/>\n<meta property=\"og:locale\" content=\"en_US\" \/>\n<meta property=\"og:type\" content=\"article\" \/>\n<meta property=\"og:title\" content=\"Wave as the tide falls (Tristan Isle channel), Henri Rivi\u00e8re | Bill Posters\" \/>\n<meta property=\"og:description\" content=\"Wave as the tide falls (Tristan Isle channel), Henri Rivi\u00e8re. Format 30 x 40. Very good print quality on Hahnem\u00fchle paper.\" \/>\n<meta property=\"og:url\" content=\"https:\/\/www.billposters.fr\/en\/boutique\/small-wave-ascending-pointe-de-la-haye-henri-riviere-copie-copie-copie-copie-copie-copie-copie-copie-copie-copie-copie-copie\/\" \/>\n<meta property=\"og:site_name\" content=\"Bill Posters\" \/>\n<meta property=\"article:publisher\" content=\"https:\/\/www.facebook.com\/billpostersaffiches\" \/>\n<meta property=\"article:modified_time\" content=\"2022-03-11T15:04:24+00:00\" \/>\n<meta property=\"og:image\" content=\"https:\/\/www.billposters.fr\/wp-content\/uploads\/2022\/03\/illustration-henri-riviere_vague-mer-descendante-chenal-ile-tristan.jpg\" \/>\n\t<meta property=\"og:image:width\" content=\"1133\" \/>\n\t<meta property=\"og:image:height\" content=\"850\" \/>\n\t<meta property=\"og:image:type\" content=\"image\/jpeg\" \/>\n<meta name=\"twitter:card\" content=\"summary_large_image\" \/>\n<meta name=\"twitter:label1\" content=\"Est. reading time\" \/>\n\t<meta name=\"twitter:data1\" content=\"2 minutes\" \/>\n<script type=\"application\/ld+json\" class=\"yoast-schema-graph\">{\"@context\":\"https:\/\/schema.org\",\"@graph\":[{\"@type\":\"WebPage\",\"@id\":\"https:\/\/www.billposters.fr\/en\/boutique\/small-wave-ascending-pointe-de-la-haye-henri-riviere-copie-copie-copie-copie-copie-copie-copie-copie-copie-copie-copie-copie\/\",\"url\":\"https:\/\/www.billposters.fr\/en\/boutique\/small-wave-ascending-pointe-de-la-haye-henri-riviere-copie-copie-copie-copie-copie-copie-copie-copie-copie-copie-copie-copie\/\",\"name\":\"Wave as the tide falls (Tristan Isle channel), Henri Rivi\u00e8re | Bill Posters\",\"isPartOf\":{\"@id\":\"https:\/\/www.billposters.fr\/en\/#website\"},\"primaryImageOfPage\":{\"@id\":\"https:\/\/www.billposters.fr\/en\/boutique\/small-wave-ascending-pointe-de-la-haye-henri-riviere-copie-copie-copie-copie-copie-copie-copie-copie-copie-copie-copie-copie\/#primaryimage\"},\"image\":{\"@id\":\"https:\/\/www.billposters.fr\/en\/boutique\/small-wave-ascending-pointe-de-la-haye-henri-riviere-copie-copie-copie-copie-copie-copie-copie-copie-copie-copie-copie-copie\/#primaryimage\"},\"thumbnailUrl\":\"https:\/\/www.billposters.fr\/wp-content\/uploads\/2022\/03\/illustration-henri-riviere_vague-mer-descendante-chenal-ile-tristan.jpg\",\"datePublished\":\"2022-03-06T10:43:05+00:00\",\"dateModified\":\"2022-03-11T15:04:24+00:00\",\"description\":\"Wave as the tide falls (Tristan Isle channel), Henri Rivi\u00e8re. Format 30 x 40. Very good print quality on Hahnem\u00fchle paper.\",\"breadcrumb\":{\"@id\":\"https:\/\/www.billposters.fr\/en\/boutique\/small-wave-ascending-pointe-de-la-haye-henri-riviere-copie-copie-copie-copie-copie-copie-copie-copie-copie-copie-copie-copie\/#breadcrumb\"},\"inLanguage\":\"en-US\",\"potentialAction\":[{\"@type\":\"ReadAction\",\"target\":[\"https:\/\/www.billposters.fr\/en\/boutique\/small-wave-ascending-pointe-de-la-haye-henri-riviere-copie-copie-copie-copie-copie-copie-copie-copie-copie-copie-copie-copie\/\"]}]},{\"@type\":\"ImageObject\",\"inLanguage\":\"en-US\",\"@id\":\"https:\/\/www.billposters.fr\/en\/boutique\/small-wave-ascending-pointe-de-la-haye-henri-riviere-copie-copie-copie-copie-copie-copie-copie-copie-copie-copie-copie-copie\/#primaryimage\",\"url\":\"https:\/\/www.billposters.fr\/wp-content\/uploads\/2022\/03\/illustration-henri-riviere_vague-mer-descendante-chenal-ile-tristan.jpg\",\"contentUrl\":\"https:\/\/www.billposters.fr\/wp-content\/uploads\/2022\/03\/illustration-henri-riviere_vague-mer-descendante-chenal-ile-tristan.jpg\",\"width\":1133,\"height\":850,\"caption\":\"Print by Henri Rivi\u00e8re, Wave as the tide falls (Tristan Isle channel)\"},{\"@type\":\"BreadcrumbList\",\"@id\":\"https:\/\/www.billposters.fr\/en\/boutique\/small-wave-ascending-pointe-de-la-haye-henri-riviere-copie-copie-copie-copie-copie-copie-copie-copie-copie-copie-copie-copie\/#breadcrumb\",\"itemListElement\":[{\"@type\":\"ListItem\",\"position\":1,\"name\":\"Accueil\",\"item\":\"https:\/\/www.billposters.fr\/en\/home-2022\/\"},{\"@type\":\"ListItem\",\"position\":2,\"name\":\"Shop\",\"item\":\"https:\/\/www.billposters.fr\/en\/shop\/\"},{\"@type\":\"ListItem\",\"position\":3,\"name\":\"Wave as the tide falls (Tristan Isle channel), Henri Rivi\u00e8re\"}]},{\"@type\":\"WebSite\",\"@id\":\"https:\/\/www.billposters.fr\/en\/#website\",\"url\":\"https:\/\/www.billposters.fr\/en\/\",\"name\":\"Bill Posters\",\"description\":\"Reproduction et vente de posters de tr\u00e8s haute qualit\u00e9 r\u00e9alis\u00e9es par les grands ma\u00eetres de l&#039;affiche.\",\"publisher\":{\"@id\":\"https:\/\/www.billposters.fr\/en\/#organization\"},\"potentialAction\":[{\"@type\":\"SearchAction\",\"target\":{\"@type\":\"EntryPoint\",\"urlTemplate\":\"https:\/\/www.billposters.fr\/en\/?s={search_term_string}\"},\"query-input\":{\"@type\":\"PropertyValueSpecification\",\"valueRequired\":true,\"valueName\":\"search_term_string\"}}],\"inLanguage\":\"en-US\"},{\"@type\":\"Organization\",\"@id\":\"https:\/\/www.billposters.fr\/en\/#organization\",\"name\":\"Billposters\",\"url\":\"https:\/\/www.billposters.fr\/en\/\",\"logo\":{\"@type\":\"ImageObject\",\"inLanguage\":\"en-US\",\"@id\":\"https:\/\/www.billposters.fr\/en\/#\/schema\/logo\/image\/\",\"url\":\"https:\/\/www.billposters.fr\/wp-content\/uploads\/2020\/08\/Bill-Posters-logo.png\",\"contentUrl\":\"https:\/\/www.billposters.fr\/wp-content\/uploads\/2020\/08\/Bill-Posters-logo.png\",\"width\":300,\"height\":76,\"caption\":\"Billposters\"},\"image\":{\"@id\":\"https:\/\/www.billposters.fr\/en\/#\/schema\/logo\/image\/\"},\"sameAs\":[\"https:\/\/www.facebook.com\/billpostersaffiches\"]}]}<\/script>\n<!-- \/ Yoast SEO plugin. -->","yoast_head_json":{"title":"Wave as the tide falls (Tristan Isle channel), Henri Rivi\u00e8re | Bill Posters","description":"Wave as the tide falls (Tristan Isle channel), Henri Rivi\u00e8re. Format 30 x 40. Very good print quality on Hahnem\u00fchle paper.","robots":{"index":"index","follow":"follow","max-snippet":"max-snippet:-1","max-image-preview":"max-image-preview:large","max-video-preview":"max-video-preview:-1"},"canonical":"https:\/\/www.billposters.fr\/en\/boutique\/small-wave-ascending-pointe-de-la-haye-henri-riviere-copie-copie-copie-copie-copie-copie-copie-copie-copie-copie-copie-copie\/","og_locale":"en_US","og_type":"article","og_title":"Wave as the tide falls (Tristan Isle channel), Henri Rivi\u00e8re | Bill Posters","og_description":"Wave as the tide falls (Tristan Isle channel), Henri Rivi\u00e8re. Format 30 x 40. Very good print quality on Hahnem\u00fchle paper.","og_url":"https:\/\/www.billposters.fr\/en\/boutique\/small-wave-ascending-pointe-de-la-haye-henri-riviere-copie-copie-copie-copie-copie-copie-copie-copie-copie-copie-copie-copie\/","og_site_name":"Bill Posters","article_publisher":"https:\/\/www.facebook.com\/billpostersaffiches","article_modified_time":"2022-03-11T15:04:24+00:00","og_image":[{"width":1133,"height":850,"url":"https:\/\/www.billposters.fr\/wp-content\/uploads\/2022\/03\/illustration-henri-riviere_vague-mer-descendante-chenal-ile-tristan.jpg","type":"image\/jpeg"}],"twitter_card":"summary_large_image","twitter_misc":{"Est. reading time":"2 minutes"},"schema":{"@context":"https:\/\/schema.org","@graph":[{"@type":"WebPage","@id":"https:\/\/www.billposters.fr\/en\/boutique\/small-wave-ascending-pointe-de-la-haye-henri-riviere-copie-copie-copie-copie-copie-copie-copie-copie-copie-copie-copie-copie\/","url":"https:\/\/www.billposters.fr\/en\/boutique\/small-wave-ascending-pointe-de-la-haye-henri-riviere-copie-copie-copie-copie-copie-copie-copie-copie-copie-copie-copie-copie\/","name":"Wave as the tide falls (Tristan Isle channel), Henri Rivi\u00e8re | Bill Posters","isPartOf":{"@id":"https:\/\/www.billposters.fr\/en\/#website"},"primaryImageOfPage":{"@id":"https:\/\/www.billposters.fr\/en\/boutique\/small-wave-ascending-pointe-de-la-haye-henri-riviere-copie-copie-copie-copie-copie-copie-copie-copie-copie-copie-copie-copie\/#primaryimage"},"image":{"@id":"https:\/\/www.billposters.fr\/en\/boutique\/small-wave-ascending-pointe-de-la-haye-henri-riviere-copie-copie-copie-copie-copie-copie-copie-copie-copie-copie-copie-copie\/#primaryimage"},"thumbnailUrl":"https:\/\/www.billposters.fr\/wp-content\/uploads\/2022\/03\/illustration-henri-riviere_vague-mer-descendante-chenal-ile-tristan.jpg","datePublished":"2022-03-06T10:43:05+00:00","dateModified":"2022-03-11T15:04:24+00:00","description":"Wave as the tide falls (Tristan Isle channel), Henri Rivi\u00e8re. Format 30 x 40. Very good print quality on Hahnem\u00fchle paper.","breadcrumb":{"@id":"https:\/\/www.billposters.fr\/en\/boutique\/small-wave-ascending-pointe-de-la-haye-henri-riviere-copie-copie-copie-copie-copie-copie-copie-copie-copie-copie-copie-copie\/#breadcrumb"},"inLanguage":"en-US","potentialAction":[{"@type":"ReadAction","target":["https:\/\/www.billposters.fr\/en\/boutique\/small-wave-ascending-pointe-de-la-haye-henri-riviere-copie-copie-copie-copie-copie-copie-copie-copie-copie-copie-copie-copie\/"]}]},{"@type":"ImageObject","inLanguage":"en-US","@id":"https:\/\/www.billposters.fr\/en\/boutique\/small-wave-ascending-pointe-de-la-haye-henri-riviere-copie-copie-copie-copie-copie-copie-copie-copie-copie-copie-copie-copie\/#primaryimage","url":"https:\/\/www.billposters.fr\/wp-content\/uploads\/2022\/03\/illustration-henri-riviere_vague-mer-descendante-chenal-ile-tristan.jpg","contentUrl":"https:\/\/www.billposters.fr\/wp-content\/uploads\/2022\/03\/illustration-henri-riviere_vague-mer-descendante-chenal-ile-tristan.jpg","width":1133,"height":850,"caption":"Print by Henri Rivi\u00e8re, Wave as the tide falls (Tristan Isle channel)"},{"@type":"BreadcrumbList","@id":"https:\/\/www.billposters.fr\/en\/boutique\/small-wave-ascending-pointe-de-la-haye-henri-riviere-copie-copie-copie-copie-copie-copie-copie-copie-copie-copie-copie-copie\/#breadcrumb","itemListElement":[{"@type":"ListItem","position":1,"name":"Accueil","item":"https:\/\/www.billposters.fr\/en\/home-2022\/"},{"@type":"ListItem","position":2,"name":"Shop","item":"https:\/\/www.billposters.fr\/en\/shop\/"},{"@type":"ListItem","position":3,"name":"Wave as the tide falls (Tristan Isle channel), Henri Rivi\u00e8re"}]},{"@type":"WebSite","@id":"https:\/\/www.billposters.fr\/en\/#website","url":"https:\/\/www.billposters.fr\/en\/","name":"Bill Posters","description":"Reproduction et vente de posters de tr\u00e8s haute qualit\u00e9 r\u00e9alis\u00e9es par les grands ma\u00eetres de l&#039;affiche.","publisher":{"@id":"https:\/\/www.billposters.fr\/en\/#organization"},"potentialAction":[{"@type":"SearchAction","target":{"@type":"EntryPoint","urlTemplate":"https:\/\/www.billposters.fr\/en\/?s={search_term_string}"},"query-input":{"@type":"PropertyValueSpecification","valueRequired":true,"valueName":"search_term_string"}}],"inLanguage":"en-US"},{"@type":"Organization","@id":"https:\/\/www.billposters.fr\/en\/#organization","name":"Billposters","url":"https:\/\/www.billposters.fr\/en\/","logo":{"@type":"ImageObject","inLanguage":"en-US","@id":"https:\/\/www.billposters.fr\/en\/#\/schema\/logo\/image\/","url":"https:\/\/www.billposters.fr\/wp-content\/uploads\/2020\/08\/Bill-Posters-logo.png","contentUrl":"https:\/\/www.billposters.fr\/wp-content\/uploads\/2020\/08\/Bill-Posters-logo.png","width":300,"height":76,"caption":"Billposters"},"image":{"@id":"https:\/\/www.billposters.fr\/en\/#\/schema\/logo\/image\/"},"sameAs":["https:\/\/www.facebook.com\/billpostersaffiches"]}]}},"_links":{"self":[{"href":"https:\/\/www.billposters.fr\/en\/wp-json\/wp\/v2\/product\/7452","targetHints":{"allow":["GET"]}}],"collection":[{"href":"https:\/\/www.billposters.fr\/en\/wp-json\/wp\/v2\/product"}],"about":[{"href":"https:\/\/www.billposters.fr\/en\/wp-json\/wp\/v2\/types\/product"}],"wp:featuredmedia":[{"embeddable":true,"href":"https:\/\/www.billposters.fr\/en\/wp-json\/wp\/v2\/media\/7455"}],"wp:attachment":[{"href":"https:\/\/www.billposters.fr\/en\/wp-json\/wp\/v2\/media?parent=7452"}],"wp:term":[{"taxonomy":"product_brand","embeddable":true,"href":"https:\/\/www.billposters.fr\/en\/wp-json\/wp\/v2\/product_brand?post=7452"},{"taxonomy":"product_cat","embeddable":true,"href":"https:\/\/www.billposters.fr\/en\/wp-json\/wp\/v2\/product_cat?post=7452"},{"taxonomy":"product_tag","embeddable":true,"href":"https:\/\/www.billposters.fr\/en\/wp-json\/wp\/v2\/product_tag?post=7452"}],"curies":[{"name":"wp","href":"https:\/\/api.w.org\/{rel}","templated":true}]}}