{"id":8867,"date":"2022-11-03T15:15:54","date_gmt":"2022-11-03T14:15:54","guid":{"rendered":"https:\/\/www.billposters.fr\/?post_type=product&#038;p=8867"},"modified":"2023-04-13T12:19:49","modified_gmt":"2023-04-13T10:19:49","slug":"superbagneres-luchon-1932-sonderer","status":"publish","type":"product","link":"https:\/\/www.billposters.fr\/en\/boutique\/superbagneres-luchon-1932-sonderer\/","title":{"rendered":"Superbagn\u00e8res-Luchon, 1932, R. Sonderer"},"content":{"rendered":"<p>[et_pb_section fb_built=&#8221;1&#8243; theme_builder_area=&#8221;post_content&#8221; _builder_version=&#8221;4.20.4&#8243; _module_preset=&#8221;default&#8221;][\/et_pb_section]<\/p>\n","protected":false},"excerpt":{"rendered":"","protected":false},"featured_media":8870,"template":"","meta":{"_et_pb_use_builder":"on","_et_pb_old_content":"Superbagn\u00e8res, the oldest ski resort in the Pyrenees has been enthroned for more than a century on the Luchonnais and is an integral part of the history of winter tourism in France.\r\n\r\nAlpine skiing, ski touring, bobsleight or ski jumping are just samples of all practised sports here. The development of these nascent sports required the establishment of new facilities: installation of a mechanical winch in 1929 and one of the most modern ski lifts in Europe in 1937.\r\n\r\nBut the adventure doesn't stop there because Luchon-Superbagn\u00e8res ranks among the most beautiful ski resorts in France still today.\r\n\r\n<strong>Ready to be framed<\/strong>","_et_gb_content_width":""},"product_brand":[],"product_cat":[396,189],"product_tag":[],"class_list":{"0":"post-8867","1":"product","2":"type-product","3":"status-publish","4":"has-post-thumbnail","6":"product_cat-r-sonderer-en","7":"product_cat-the-mountain","9":"first","10":"instock","11":"shipping-taxable","12":"purchasable","13":"product-type-simple"},"yoast_head":"<!-- This site is optimized with the Yoast SEO plugin v27.2 - https:\/\/yoast.com\/product\/yoast-seo-wordpress\/ -->\n<title>Superbagn\u00e8res-Luchon, 1932, R. Sonderer | Bill Posters<\/title>\n<meta name=\"description\" content=\"Art deco poster on the mountain. Superbagn\u00e8res-Luchon. Great Pyrenean winter-sports resort. Very nice print on 100% coton high quality paper.\" \/>\n<meta name=\"robots\" content=\"index, follow, max-snippet:-1, max-image-preview:large, max-video-preview:-1\" \/>\n<link rel=\"canonical\" href=\"https:\/\/www.billposters.fr\/en\/boutique\/superbagneres-luchon-1932-sonderer\/\" \/>\n<meta property=\"og:locale\" content=\"en_US\" \/>\n<meta property=\"og:type\" content=\"article\" \/>\n<meta property=\"og:title\" content=\"Superbagn\u00e8res-Luchon, 1932, R. Sonderer | Bill Posters\" \/>\n<meta property=\"og:description\" content=\"Art deco poster on the mountain. Superbagn\u00e8res-Luchon. Great Pyrenean winter-sports resort. Very nice print on 100% coton high quality paper.\" \/>\n<meta property=\"og:url\" content=\"https:\/\/www.billposters.fr\/en\/boutique\/superbagneres-luchon-1932-sonderer\/\" \/>\n<meta property=\"og:site_name\" content=\"Bill Posters\" \/>\n<meta property=\"article:publisher\" content=\"https:\/\/www.facebook.com\/billpostersaffiches\" \/>\n<meta property=\"article:modified_time\" content=\"2023-04-13T10:19:49+00:00\" \/>\n<meta property=\"og:image\" content=\"https:\/\/www.billposters.fr\/wp-content\/uploads\/2022\/11\/poster_sonderer_superbagneres-luchon.jpg\" \/>\n\t<meta property=\"og:image:width\" content=\"1024\" \/>\n\t<meta property=\"og:image:height\" content=\"1283\" \/>\n\t<meta property=\"og:image:type\" content=\"image\/jpeg\" \/>\n<meta name=\"twitter:card\" content=\"summary_large_image\" \/>\n<script type=\"application\/ld+json\" class=\"yoast-schema-graph\">{\"@context\":\"https:\/\/schema.org\",\"@graph\":[{\"@type\":\"WebPage\",\"@id\":\"https:\/\/www.billposters.fr\/en\/boutique\/superbagneres-luchon-1932-sonderer\/\",\"url\":\"https:\/\/www.billposters.fr\/en\/boutique\/superbagneres-luchon-1932-sonderer\/\",\"name\":\"Superbagn\u00e8res-Luchon, 1932, R. Sonderer | Bill Posters\",\"isPartOf\":{\"@id\":\"https:\/\/www.billposters.fr\/en\/#website\"},\"primaryImageOfPage\":{\"@id\":\"https:\/\/www.billposters.fr\/en\/boutique\/superbagneres-luchon-1932-sonderer\/#primaryimage\"},\"image\":{\"@id\":\"https:\/\/www.billposters.fr\/en\/boutique\/superbagneres-luchon-1932-sonderer\/#primaryimage\"},\"thumbnailUrl\":\"https:\/\/www.billposters.fr\/wp-content\/uploads\/2022\/11\/poster_sonderer_superbagneres-luchon.jpg\",\"datePublished\":\"2022-11-03T14:15:54+00:00\",\"dateModified\":\"2023-04-13T10:19:49+00:00\",\"description\":\"Art deco poster on the mountain. Superbagn\u00e8res-Luchon. Great Pyrenean winter-sports resort. Very nice print on 100% coton high quality paper.\",\"breadcrumb\":{\"@id\":\"https:\/\/www.billposters.fr\/en\/boutique\/superbagneres-luchon-1932-sonderer\/#breadcrumb\"},\"inLanguage\":\"en-US\",\"potentialAction\":[{\"@type\":\"ReadAction\",\"target\":[\"https:\/\/www.billposters.fr\/en\/boutique\/superbagneres-luchon-1932-sonderer\/\"]}]},{\"@type\":\"ImageObject\",\"inLanguage\":\"en-US\",\"@id\":\"https:\/\/www.billposters.fr\/en\/boutique\/superbagneres-luchon-1932-sonderer\/#primaryimage\",\"url\":\"https:\/\/www.billposters.fr\/wp-content\/uploads\/2022\/11\/poster_sonderer_superbagneres-luchon.jpg\",\"contentUrl\":\"https:\/\/www.billposters.fr\/wp-content\/uploads\/2022\/11\/poster_sonderer_superbagneres-luchon.jpg\",\"width\":1024,\"height\":1283,\"caption\":\"Affiche Superbagn\u00e8res-Luchon par R. Sonderer\"},{\"@type\":\"BreadcrumbList\",\"@id\":\"https:\/\/www.billposters.fr\/en\/boutique\/superbagneres-luchon-1932-sonderer\/#breadcrumb\",\"itemListElement\":[{\"@type\":\"ListItem\",\"position\":1,\"name\":\"Accueil\",\"item\":\"https:\/\/www.billposters.fr\/en\/home-2022\/\"},{\"@type\":\"ListItem\",\"position\":2,\"name\":\"Shop\",\"item\":\"https:\/\/www.billposters.fr\/en\/shop\/\"},{\"@type\":\"ListItem\",\"position\":3,\"name\":\"Superbagn\u00e8res-Luchon, 1932, R. Sonderer\"}]},{\"@type\":\"WebSite\",\"@id\":\"https:\/\/www.billposters.fr\/en\/#website\",\"url\":\"https:\/\/www.billposters.fr\/en\/\",\"name\":\"Bill Posters\",\"description\":\"Reproduction et vente de posters de tr\u00e8s haute qualit\u00e9 r\u00e9alis\u00e9es par les grands ma\u00eetres de l&#039;affiche.\",\"publisher\":{\"@id\":\"https:\/\/www.billposters.fr\/en\/#organization\"},\"potentialAction\":[{\"@type\":\"SearchAction\",\"target\":{\"@type\":\"EntryPoint\",\"urlTemplate\":\"https:\/\/www.billposters.fr\/en\/?s={search_term_string}\"},\"query-input\":{\"@type\":\"PropertyValueSpecification\",\"valueRequired\":true,\"valueName\":\"search_term_string\"}}],\"inLanguage\":\"en-US\"},{\"@type\":\"Organization\",\"@id\":\"https:\/\/www.billposters.fr\/en\/#organization\",\"name\":\"Billposters\",\"url\":\"https:\/\/www.billposters.fr\/en\/\",\"logo\":{\"@type\":\"ImageObject\",\"inLanguage\":\"en-US\",\"@id\":\"https:\/\/www.billposters.fr\/en\/#\/schema\/logo\/image\/\",\"url\":\"https:\/\/www.billposters.fr\/wp-content\/uploads\/2020\/08\/Bill-Posters-logo.png\",\"contentUrl\":\"https:\/\/www.billposters.fr\/wp-content\/uploads\/2020\/08\/Bill-Posters-logo.png\",\"width\":300,\"height\":76,\"caption\":\"Billposters\"},\"image\":{\"@id\":\"https:\/\/www.billposters.fr\/en\/#\/schema\/logo\/image\/\"},\"sameAs\":[\"https:\/\/www.facebook.com\/billpostersaffiches\"]}]}<\/script>\n<!-- \/ Yoast SEO plugin. -->","yoast_head_json":{"title":"Superbagn\u00e8res-Luchon, 1932, R. Sonderer | Bill Posters","description":"Art deco poster on the mountain. Superbagn\u00e8res-Luchon. Great Pyrenean winter-sports resort. Very nice print on 100% coton high quality paper.","robots":{"index":"index","follow":"follow","max-snippet":"max-snippet:-1","max-image-preview":"max-image-preview:large","max-video-preview":"max-video-preview:-1"},"canonical":"https:\/\/www.billposters.fr\/en\/boutique\/superbagneres-luchon-1932-sonderer\/","og_locale":"en_US","og_type":"article","og_title":"Superbagn\u00e8res-Luchon, 1932, R. Sonderer | Bill Posters","og_description":"Art deco poster on the mountain. Superbagn\u00e8res-Luchon. Great Pyrenean winter-sports resort. Very nice print on 100% coton high quality paper.","og_url":"https:\/\/www.billposters.fr\/en\/boutique\/superbagneres-luchon-1932-sonderer\/","og_site_name":"Bill Posters","article_publisher":"https:\/\/www.facebook.com\/billpostersaffiches","article_modified_time":"2023-04-13T10:19:49+00:00","og_image":[{"width":1024,"height":1283,"url":"https:\/\/www.billposters.fr\/wp-content\/uploads\/2022\/11\/poster_sonderer_superbagneres-luchon.jpg","type":"image\/jpeg"}],"twitter_card":"summary_large_image","schema":{"@context":"https:\/\/schema.org","@graph":[{"@type":"WebPage","@id":"https:\/\/www.billposters.fr\/en\/boutique\/superbagneres-luchon-1932-sonderer\/","url":"https:\/\/www.billposters.fr\/en\/boutique\/superbagneres-luchon-1932-sonderer\/","name":"Superbagn\u00e8res-Luchon, 1932, R. Sonderer | Bill Posters","isPartOf":{"@id":"https:\/\/www.billposters.fr\/en\/#website"},"primaryImageOfPage":{"@id":"https:\/\/www.billposters.fr\/en\/boutique\/superbagneres-luchon-1932-sonderer\/#primaryimage"},"image":{"@id":"https:\/\/www.billposters.fr\/en\/boutique\/superbagneres-luchon-1932-sonderer\/#primaryimage"},"thumbnailUrl":"https:\/\/www.billposters.fr\/wp-content\/uploads\/2022\/11\/poster_sonderer_superbagneres-luchon.jpg","datePublished":"2022-11-03T14:15:54+00:00","dateModified":"2023-04-13T10:19:49+00:00","description":"Art deco poster on the mountain. Superbagn\u00e8res-Luchon. Great Pyrenean winter-sports resort. Very nice print on 100% coton high quality paper.","breadcrumb":{"@id":"https:\/\/www.billposters.fr\/en\/boutique\/superbagneres-luchon-1932-sonderer\/#breadcrumb"},"inLanguage":"en-US","potentialAction":[{"@type":"ReadAction","target":["https:\/\/www.billposters.fr\/en\/boutique\/superbagneres-luchon-1932-sonderer\/"]}]},{"@type":"ImageObject","inLanguage":"en-US","@id":"https:\/\/www.billposters.fr\/en\/boutique\/superbagneres-luchon-1932-sonderer\/#primaryimage","url":"https:\/\/www.billposters.fr\/wp-content\/uploads\/2022\/11\/poster_sonderer_superbagneres-luchon.jpg","contentUrl":"https:\/\/www.billposters.fr\/wp-content\/uploads\/2022\/11\/poster_sonderer_superbagneres-luchon.jpg","width":1024,"height":1283,"caption":"Affiche Superbagn\u00e8res-Luchon par R. Sonderer"},{"@type":"BreadcrumbList","@id":"https:\/\/www.billposters.fr\/en\/boutique\/superbagneres-luchon-1932-sonderer\/#breadcrumb","itemListElement":[{"@type":"ListItem","position":1,"name":"Accueil","item":"https:\/\/www.billposters.fr\/en\/home-2022\/"},{"@type":"ListItem","position":2,"name":"Shop","item":"https:\/\/www.billposters.fr\/en\/shop\/"},{"@type":"ListItem","position":3,"name":"Superbagn\u00e8res-Luchon, 1932, R. Sonderer"}]},{"@type":"WebSite","@id":"https:\/\/www.billposters.fr\/en\/#website","url":"https:\/\/www.billposters.fr\/en\/","name":"Bill Posters","description":"Reproduction et vente de posters de tr\u00e8s haute qualit\u00e9 r\u00e9alis\u00e9es par les grands ma\u00eetres de l&#039;affiche.","publisher":{"@id":"https:\/\/www.billposters.fr\/en\/#organization"},"potentialAction":[{"@type":"SearchAction","target":{"@type":"EntryPoint","urlTemplate":"https:\/\/www.billposters.fr\/en\/?s={search_term_string}"},"query-input":{"@type":"PropertyValueSpecification","valueRequired":true,"valueName":"search_term_string"}}],"inLanguage":"en-US"},{"@type":"Organization","@id":"https:\/\/www.billposters.fr\/en\/#organization","name":"Billposters","url":"https:\/\/www.billposters.fr\/en\/","logo":{"@type":"ImageObject","inLanguage":"en-US","@id":"https:\/\/www.billposters.fr\/en\/#\/schema\/logo\/image\/","url":"https:\/\/www.billposters.fr\/wp-content\/uploads\/2020\/08\/Bill-Posters-logo.png","contentUrl":"https:\/\/www.billposters.fr\/wp-content\/uploads\/2020\/08\/Bill-Posters-logo.png","width":300,"height":76,"caption":"Billposters"},"image":{"@id":"https:\/\/www.billposters.fr\/en\/#\/schema\/logo\/image\/"},"sameAs":["https:\/\/www.facebook.com\/billpostersaffiches"]}]}},"_links":{"self":[{"href":"https:\/\/www.billposters.fr\/en\/wp-json\/wp\/v2\/product\/8867","targetHints":{"allow":["GET"]}}],"collection":[{"href":"https:\/\/www.billposters.fr\/en\/wp-json\/wp\/v2\/product"}],"about":[{"href":"https:\/\/www.billposters.fr\/en\/wp-json\/wp\/v2\/types\/product"}],"wp:featuredmedia":[{"embeddable":true,"href":"https:\/\/www.billposters.fr\/en\/wp-json\/wp\/v2\/media\/8870"}],"wp:attachment":[{"href":"https:\/\/www.billposters.fr\/en\/wp-json\/wp\/v2\/media?parent=8867"}],"wp:term":[{"taxonomy":"product_brand","embeddable":true,"href":"https:\/\/www.billposters.fr\/en\/wp-json\/wp\/v2\/product_brand?post=8867"},{"taxonomy":"product_cat","embeddable":true,"href":"https:\/\/www.billposters.fr\/en\/wp-json\/wp\/v2\/product_cat?post=8867"},{"taxonomy":"product_tag","embeddable":true,"href":"https:\/\/www.billposters.fr\/en\/wp-json\/wp\/v2\/product_tag?post=8867"}],"curies":[{"name":"wp","href":"https:\/\/api.w.org\/{rel}","templated":true}]}}